
{"id":887,"date":"2018-09-06T15:06:46","date_gmt":"2018-09-06T15:06:46","guid":{"rendered":"http:\/\/edcollaborative.com\/?page_id=887"},"modified":"2025-11-11T00:44:01","modified_gmt":"2025-11-11T08:44:01","slug":"scheinfeld-center-for-innovation-entrepreneurship","status":"publish","type":"page","link":"https:\/\/edcollaborative.com\/es\/scheinfeld-center-for-innovation-entrepreneurship\/","title":{"rendered":"Centro Scheinfeld para la Innovaci\u00f3n y el Emprendimiento"},"content":{"rendered":"<div class=\"wp-block-uagb-container uagb-block-157b806d alignfull uagb-is-root-container\"><div class=\"uagb-container-inner-blocks-wrap\">\n<div class=\"wp-block-uagb-container uagb-block-db387900\">\n<div class=\"wp-block-uagb-advanced-heading uagb-block-30389230\"><h1 class=\"uagb-heading-text\">Centro Scheinfeld para la Innovaci\u00f3n y el Emprendimiento<\/h1><\/div>\n<\/div>\n\n\n\n<div class=\"wp-block-uagb-container uagb-block-f89db337\">\n<div class=\"wp-block-uagb-advanced-heading uagb-block-458a1930\"><h2 class=\"uagb-heading-text\">Objetivos de la Iniciativa<\/h2><\/div>\n<\/div>\n\n\n\n<div class=\"wp-block-uagb-container uagb-block-7b46de5e\">\n<div class=\"wp-block-uagb-info-box uagb-block-160cc5fa uagb-infobox__content-wrap  uagb-infobox-icon-above-title uagb-infobox-image-valign-top\"><div class=\"uagb-ifb-content\"><div class=\"uagb-ifb-title-wrap\"><\/div><p class=\"uagb-ifb-desc\">La mayor parte del crecimiento neto de nuevos empleos se genera gracias al emprendimiento. Apoyar el emprendimiento y generar recursos para el \u00e9xito empresarial son elementos indispensables de la estrategia regional de desarrollo econ\u00f3mico. El EDC, en colaboraci\u00f3n con el Centro Scheinfeld para el Emprendimiento y la Innovaci\u00f3n, sirve como centro para el desarrollo empresarial en el Santa Barbara City College (SBCC) y en toda la regi\u00f3n de Santa B\u00e1rbara. El objetivo de la colaboraci\u00f3n del EDC con el Centro Scheinfeld es fortalecer las capacidades tanto del EDC como del Centro Scheinfeld, fortaleciendo la difusi\u00f3n y la prestaci\u00f3n de servicios a los emprendedores del \u00e1rea de Santa B\u00e1rbara.<\/p><\/div><\/div>\n<\/div>\n\n\n\n<div class=\"wp-block-uagb-container uagb-block-94c4fde9\">\n<div class=\"wp-block-uagb-advanced-heading uagb-block-34cafe5a\"><h2 class=\"uagb-heading-text\">Acci\u00f3n EDC<\/h2><\/div>\n<\/div>\n\n\n\n<div class=\"wp-block-uagb-info-box uagb-block-d29893cb uagb-infobox__content-wrap  uagb-infobox-icon-above-title uagb-infobox-image-valign-top\"><div class=\"uagb-ifb-content\"><div class=\"uagb-ifb-title-wrap\"><\/div><p class=\"uagb-ifb-desc\">El EDC participa en la labor del Centro Scheinfeld para empresarios proporcion\u00e1ndoles asistencia t\u00e9cnica empresarial, conexiones con capital de inversi\u00f3n y conectando los programas y participantes del Centro con otros activos regionales.<\/p><\/div><\/div>\n\n\n\n<div class=\"wp-block-uagb-container uagb-block-558ceb53\">\n<div class=\"wp-block-uagb-advanced-heading uagb-block-d8240811\"><h2 class=\"uagb-heading-text\">Organizaciones asociadas<\/h2><\/div>\n<\/div>\n\n\n\n<div class=\"wp-block-uagb-info-box uagb-block-266e5525 uagb-infobox__content-wrap  uagb-infobox-icon-above-title uagb-infobox-image-valign-top\"><div class=\"uagb-ifb-content\"><div class=\"uagb-ifb-title-wrap\"><\/div><p class=\"uagb-ifb-desc\">A trav\u00e9s del Centro de Desarrollo de Peque\u00f1as Empresas (SBDC) del EDC, se presta servicio al Condado de Santa B\u00e1rbara. Junto con el Centro Scheinfeld, tambi\u00e9n conecta a sus participantes y al EDC con el Centro para el Desarrollo del Comercio Internacional del SBCC. Trabajando juntos en el desarrollo econ\u00f3mico, el Centro, el SBCC, el EDC y el SBDC colaboran para ofrecer programas y alianzas de calidad que apoyan eficazmente a los emprendedores.<br><br>&nbsp;<br>El Centro capacita a emprendedores con un enfoque integral que combina formaci\u00f3n acad\u00e9mica, experiencia pr\u00e1ctica y apoyo. Centrado en el desarrollo de empresas y en las habilidades de los emprendedores, el Centro Scheinfeld ofrece una combinaci\u00f3n \u00fanica de cursos, planes de negocios y concursos de presentaci\u00f3n de proyectos, pasant\u00edas, consultor\u00eda empresarial gratuita, mentor\u00eda, networking y apoyo posterior a la creaci\u00f3n de una empresa.<br><br><a href=\"https:\/\/edcollaborative.com\/es\/\"><\/a><\/p><\/div><\/div>\n<\/div><\/div>","protected":false},"excerpt":{"rendered":"<p>Centro Scheinfeld para la Innovaci\u00f3n y el Emprendimiento Objetivos de la Iniciativa La mayor parte del crecimiento neto de nuevos empleos se genera gracias al emprendimiento. Apoyar el emprendimiento y generar recursos para el \u00e9xito empresarial son elementos indispensables de la estrategia regional de desarrollo econ\u00f3mico. El EDC, en colaboraci\u00f3n con el Centro Scheinfeld para<br \/><a href=\"https:\/\/edcollaborative.com\/es\/scheinfeld-center-for-innovation-entrepreneurship\/\" class=\"more\">Leer m\u00e1s<\/a><\/p>","protected":false},"author":12,"featured_media":9128,"parent":0,"menu_order":37,"comment_status":"closed","ping_status":"closed","template":"","meta":{"_acf_changed":false,"_uag_custom_page_level_css":"","footnotes":""},"class_list":["post-887","page","type-page","status-publish","has-post-thumbnail","hentry"],"translation":{"provider":"WPGlobus","version":"3.0.1","language":"es","enabled_languages":["en","es"],"languages":{"en":{"title":true,"content":true,"excerpt":false},"es":{"title":true,"content":true,"excerpt":false}}},"acf":[],"yoast_head":"<!-- This site is optimized with the Yoast SEO plugin v25.5 - https:\/\/yoast.com\/wordpress\/plugins\/seo\/ -->\n<title>Centro Scheinfeld para la Innovaci\u00f3n y el Emprendimiento - Economic Development Collaborative<\/title>\n<meta name=\"description\" content=\"Apoyar el emprendimiento y crear recursos para el \u00e9xito empresarial son elementos indispensables de la estrategia regional del EDC.\" \/>\n<meta name=\"robots\" content=\"index, follow, max-snippet:-1, max-image-preview:large, max-video-preview:-1\" \/>\n<link rel=\"canonical\" href=\"https:\/\/edcollaborative.com\/es\/scheinfeld-center-for-innovation-entrepreneurship\/\" \/>\n<meta property=\"og:locale\" content=\"es_ES\" \/>\n<meta property=\"og:type\" content=\"article\" \/>\n<meta property=\"og:title\" content=\"Centro Scheinfeld para la Innovaci\u00f3n y el Emprendimiento - Economic Development Collaborative\" \/>\n<meta property=\"og:description\" content=\"Apoyar el emprendimiento y crear recursos para el \u00e9xito empresarial son elementos indispensables de la estrategia regional del EDC.\" \/>\n<meta property=\"og:url\" content=\"https:\/\/edcollaborative.com\/es\/scheinfeld-center-for-innovation-entrepreneurship\/\" \/>\n<meta property=\"og:site_name\" content=\"Economic Development Collaborative\" \/>\n<meta property=\"article:publisher\" content=\"https:\/\/www.facebook.com\/EDCollaborative\" \/>\n<meta property=\"article:modified_time\" content=\"2025-11-11T08:44:01+00:00\" \/>\n<meta property=\"og:image\" content=\"https:\/\/edcollaborative.com\/wp-content\/uploads\/2022\/06\/edc-programs-banner.jpg\" \/>\n\t<meta property=\"og:image:width\" content=\"1200\" \/>\n\t<meta property=\"og:image:height\" content=\"430\" \/>\n\t<meta property=\"og:image:type\" content=\"image\/jpeg\" \/>\n<meta name=\"twitter:card\" content=\"summary_large_image\" \/>\n<meta name=\"twitter:site\" content=\"@EDCollaborative\" \/>\n<meta name=\"twitter:label1\" content=\"Tiempo de lectura\" \/>\n\t<meta name=\"twitter:data1\" content=\"3 minutos\" \/>\n<script type=\"application\/ld+json\" class=\"yoast-schema-graph\">{\"@context\":\"https:\/\/schema.org\",\"@graph\":[{\"@type\":\"WebPage\",\"@id\":\"https:\/\/edcollaborative.com\/scheinfeld-center-for-innovation-entrepreneurship\/\",\"url\":\"https:\/\/edcollaborative.com\/scheinfeld-center-for-innovation-entrepreneurship\/\",\"name\":\"Centro Scheinfeld para la Innovaci\u00f3n y el Emprendimiento - Economic Development Collaborative\",\"isPartOf\":{\"@id\":\"https:\/\/edcollaborative.com\/#website\"},\"primaryImageOfPage\":{\"@id\":\"https:\/\/edcollaborative.com\/scheinfeld-center-for-innovation-entrepreneurship\/#primaryimage\"},\"image\":{\"@id\":\"https:\/\/edcollaborative.com\/scheinfeld-center-for-innovation-entrepreneurship\/#primaryimage\"},\"thumbnailUrl\":\"https:\/\/edcollaborative.com\/wp-content\/uploads\/2022\/06\/edc-programs-banner.jpg\",\"datePublished\":\"2018-09-06T15:06:46+00:00\",\"dateModified\":\"2025-11-11T08:44:01+00:00\",\"description\":\"Apoyar el emprendimiento y crear recursos para el \u00e9xito empresarial son elementos indispensables de la estrategia regional del EDC.\",\"breadcrumb\":{\"@id\":\"https:\/\/edcollaborative.com\/scheinfeld-center-for-innovation-entrepreneurship\/#breadcrumb\"},\"inLanguage\":\"es\",\"potentialAction\":[{\"@type\":\"ReadAction\",\"target\":[\"https:\/\/edcollaborative.com\/scheinfeld-center-for-innovation-entrepreneurship\/\"]}]},{\"@type\":\"ImageObject\",\"inLanguage\":\"es\",\"@id\":\"https:\/\/edcollaborative.com\/scheinfeld-center-for-innovation-entrepreneurship\/#primaryimage\",\"url\":\"https:\/\/edcollaborative.com\/wp-content\/uploads\/2022\/06\/edc-programs-banner.jpg\",\"contentUrl\":\"https:\/\/edcollaborative.com\/wp-content\/uploads\/2022\/06\/edc-programs-banner.jpg\",\"width\":1200,\"height\":430,\"caption\":\"EDC Program\"},{\"@type\":\"BreadcrumbList\",\"@id\":\"https:\/\/edcollaborative.com\/scheinfeld-center-for-innovation-entrepreneurship\/#breadcrumb\",\"itemListElement\":[{\"@type\":\"ListItem\",\"position\":1,\"name\":\"Home\",\"item\":\"https:\/\/edcollaborative.com\/\"},{\"@type\":\"ListItem\",\"position\":2,\"name\":\"Scheinfeld Center for Innovation &#038; Entrepreneurship\"}]},{\"@type\":\"WebSite\",\"@id\":\"https:\/\/edcollaborative.com\/#website\",\"url\":\"https:\/\/edcollaborative.com\/\",\"name\":\"Economic Development Collaborative\",\"description\":\"Your SUPER-powered WP Engine Blog\",\"potentialAction\":[{\"@type\":\"SearchAction\",\"target\":{\"@type\":\"EntryPoint\",\"urlTemplate\":\"https:\/\/edcollaborative.com\/?s={search_term_string}\"},\"query-input\":{\"@type\":\"PropertyValueSpecification\",\"valueRequired\":true,\"valueName\":\"search_term_string\"}}],\"inLanguage\":\"es\"}]}<\/script>\n<!-- \/ Yoast SEO plugin. -->","yoast_head_json":{"title":"Centro Scheinfeld para la Innovaci\u00f3n y el Emprendimiento - Economic Development Collaborative","description":"Apoyar el emprendimiento y crear recursos para el \u00e9xito empresarial son elementos indispensables de la estrategia regional del EDC.","robots":{"index":"index","follow":"follow","max-snippet":"max-snippet:-1","max-image-preview":"max-image-preview:large","max-video-preview":"max-video-preview:-1"},"canonical":"https:\/\/edcollaborative.com\/es\/scheinfeld-center-for-innovation-entrepreneurship\/","og_locale":"es_ES","og_type":"article","og_title":"Centro Scheinfeld para la Innovaci\u00f3n y el Emprendimiento - Economic Development Collaborative","og_description":"Apoyar el emprendimiento y crear recursos para el \u00e9xito empresarial son elementos indispensables de la estrategia regional del EDC.","og_url":"https:\/\/edcollaborative.com\/es\/scheinfeld-center-for-innovation-entrepreneurship\/","og_site_name":"Economic Development Collaborative","article_publisher":"https:\/\/www.facebook.com\/EDCollaborative","article_modified_time":"2025-11-11T08:44:01+00:00","og_image":[{"width":1200,"height":430,"url":"https:\/\/edcollaborative.com\/wp-content\/uploads\/2022\/06\/edc-programs-banner.jpg","type":"image\/jpeg"}],"twitter_card":"summary_large_image","twitter_site":"@EDCollaborative","twitter_misc":{"Tiempo de lectura":"3 minutos"},"schema":{"@context":"https:\/\/schema.org","@graph":[{"@type":"WebPage","@id":"https:\/\/edcollaborative.com\/scheinfeld-center-for-innovation-entrepreneurship\/","url":"https:\/\/edcollaborative.com\/scheinfeld-center-for-innovation-entrepreneurship\/","name":"Centro Scheinfeld para la Innovaci\u00f3n y el Emprendimiento - Economic Development Collaborative","isPartOf":{"@id":"https:\/\/edcollaborative.com\/#website"},"primaryImageOfPage":{"@id":"https:\/\/edcollaborative.com\/scheinfeld-center-for-innovation-entrepreneurship\/#primaryimage"},"image":{"@id":"https:\/\/edcollaborative.com\/scheinfeld-center-for-innovation-entrepreneurship\/#primaryimage"},"thumbnailUrl":"https:\/\/edcollaborative.com\/wp-content\/uploads\/2022\/06\/edc-programs-banner.jpg","datePublished":"2018-09-06T15:06:46+00:00","dateModified":"2025-11-11T08:44:01+00:00","description":"Apoyar el emprendimiento y crear recursos para el \u00e9xito empresarial son elementos indispensables de la estrategia regional del EDC.","breadcrumb":{"@id":"https:\/\/edcollaborative.com\/scheinfeld-center-for-innovation-entrepreneurship\/#breadcrumb"},"inLanguage":"es","potentialAction":[{"@type":"ReadAction","target":["https:\/\/edcollaborative.com\/scheinfeld-center-for-innovation-entrepreneurship\/"]}]},{"@type":"ImageObject","inLanguage":"es","@id":"https:\/\/edcollaborative.com\/scheinfeld-center-for-innovation-entrepreneurship\/#primaryimage","url":"https:\/\/edcollaborative.com\/wp-content\/uploads\/2022\/06\/edc-programs-banner.jpg","contentUrl":"https:\/\/edcollaborative.com\/wp-content\/uploads\/2022\/06\/edc-programs-banner.jpg","width":1200,"height":430,"caption":"EDC Program"},{"@type":"BreadcrumbList","@id":"https:\/\/edcollaborative.com\/scheinfeld-center-for-innovation-entrepreneurship\/#breadcrumb","itemListElement":[{"@type":"ListItem","position":1,"name":"Home","item":"https:\/\/edcollaborative.com\/"},{"@type":"ListItem","position":2,"name":"Scheinfeld Center for Innovation &#038; Entrepreneurship"}]},{"@type":"WebSite","@id":"https:\/\/edcollaborative.com\/#website","url":"https:\/\/edcollaborative.com\/","name":"Colaboraci\u00f3n de desarrollo econ\u00f3mico","description":"Su blog de motor WP SUPERpoderoso","potentialAction":[{"@type":"SearchAction","target":{"@type":"EntryPoint","urlTemplate":"https:\/\/edcollaborative.com\/?s={search_term_string}"},"query-input":{"@type":"PropertyValueSpecification","valueRequired":true,"valueName":"search_term_string"}}],"inLanguage":"es"}]}},"uagb_featured_image_src":{"full":["https:\/\/edcollaborative.com\/wp-content\/uploads\/2022\/06\/edc-programs-banner.jpg",1200,430,false],"thumbnail":["https:\/\/edcollaborative.com\/wp-content\/uploads\/2022\/06\/edc-programs-banner-150x150.jpg",150,150,true],"medium":["https:\/\/edcollaborative.com\/wp-content\/uploads\/2022\/06\/edc-programs-banner-300x108.jpg",300,108,true],"medium_large":["https:\/\/edcollaborative.com\/wp-content\/uploads\/2022\/06\/edc-programs-banner-768x275.jpg",768,275,true],"large":["https:\/\/edcollaborative.com\/wp-content\/uploads\/2022\/06\/edc-programs-banner-1024x367.jpg",1024,367,true],"1536x1536":["https:\/\/edcollaborative.com\/wp-content\/uploads\/2022\/06\/edc-programs-banner.jpg",1200,430,false],"2048x2048":["https:\/\/edcollaborative.com\/wp-content\/uploads\/2022\/06\/edc-programs-banner.jpg",1200,430,false],"trp-custom-language-flag":["https:\/\/edcollaborative.com\/wp-content\/uploads\/2022\/06\/edc-programs-banner-18x6.jpg",18,6,true],"portfolio_tn":["https:\/\/edcollaborative.com\/wp-content\/uploads\/2022\/06\/edc-programs-banner-640x400.jpg",640,400,true],"portfolio_classic":["https:\/\/edcollaborative.com\/wp-content\/uploads\/2022\/06\/edc-programs-banner-800x380.jpg",800,380,true],"portfolio_squared":["https:\/\/edcollaborative.com\/wp-content\/uploads\/2022\/06\/edc-programs-banner-768x768.jpg",768,768,true],"portfolio_landscape":["https:\/\/edcollaborative.com\/wp-content\/uploads\/2022\/06\/edc-programs-banner-768x384.jpg",768,384,true],"portfolio_portrait":["https:\/\/edcollaborative.com\/wp-content\/uploads\/2022\/06\/edc-programs-banner-384x768.jpg",384,768,true],"staff_tn":["https:\/\/edcollaborative.com\/wp-content\/uploads\/2022\/06\/edc-programs-banner-570x570.jpg",570,570,true],"blog_tn":["https:\/\/edcollaborative.com\/wp-content\/uploads\/2022\/06\/edc-programs-banner-1200x565.jpg",1200,565,true],"blog_tn_alt":["https:\/\/edcollaborative.com\/wp-content\/uploads\/2022\/06\/edc-programs-banner-553x400.jpg",553,400,true],"gform-image-choice-sm":["https:\/\/edcollaborative.com\/wp-content\/uploads\/2022\/06\/edc-programs-banner-300x300.jpg",300,300,true],"gform-image-choice-md":["https:\/\/edcollaborative.com\/wp-content\/uploads\/2022\/06\/edc-programs-banner-400x400.jpg",400,400,true],"gform-image-choice-lg":["https:\/\/edcollaborative.com\/wp-content\/uploads\/2022\/06\/edc-programs-banner-600x600.jpg",600,600,true],"web-stories-poster-portrait":["https:\/\/edcollaborative.com\/wp-content\/uploads\/2022\/06\/edc-programs-banner-640x853.jpg",640,853,true],"web-stories-publisher-logo":["https:\/\/edcollaborative.com\/wp-content\/uploads\/2022\/06\/edc-programs-banner-96x96.jpg",96,96,true],"web-stories-thumbnail":["https:\/\/edcollaborative.com\/wp-content\/uploads\/2022\/06\/edc-programs-banner-150x54.jpg",150,54,true]},"uagb_author_info":{"display_name":"Alexandria Wright","author_link":"https:\/\/edcollaborative.com\/es\/blog\/author\/alex\/"},"uagb_comment_info":0,"uagb_excerpt":"Centro Scheinfeld para la Innovaci\u00f3n y el Emprendimiento Objetivos de la Iniciativa La mayor parte del crecimiento neto de nuevos empleos se genera gracias al emprendimiento. Apoyar el emprendimiento y generar recursos para el \u00e9xito empresarial son elementos indispensables de la estrategia regional de desarrollo econ\u00f3mico. El EDC, en colaboraci\u00f3n con el Centro Scheinfeld paraRead&hellip;","_links":{"self":[{"href":"https:\/\/edcollaborative.com\/es\/wp-json\/wp\/v2\/pages\/887","targetHints":{"allow":["GET"]}}],"collection":[{"href":"https:\/\/edcollaborative.com\/es\/wp-json\/wp\/v2\/pages"}],"about":[{"href":"https:\/\/edcollaborative.com\/es\/wp-json\/wp\/v2\/types\/page"}],"author":[{"embeddable":true,"href":"https:\/\/edcollaborative.com\/es\/wp-json\/wp\/v2\/users\/12"}],"replies":[{"embeddable":true,"href":"https:\/\/edcollaborative.com\/es\/wp-json\/wp\/v2\/comments?post=887"}],"version-history":[{"count":0,"href":"https:\/\/edcollaborative.com\/es\/wp-json\/wp\/v2\/pages\/887\/revisions"}],"wp:featuredmedia":[{"embeddable":true,"href":"https:\/\/edcollaborative.com\/es\/wp-json\/wp\/v2\/media\/9128"}],"wp:attachment":[{"href":"https:\/\/edcollaborative.com\/es\/wp-json\/wp\/v2\/media?parent=887"}],"curies":[{"name":"gracias","href":"https:\/\/api.w.org\/{rel}","templated":true}]}}