
{"id":885,"date":"2018-09-06T14:56:36","date_gmt":"2018-09-06T14:56:36","guid":{"rendered":"http:\/\/edcollaborative.com\/?page_id=885"},"modified":"2025-11-11T00:54:11","modified_gmt":"2025-11-11T08:54:11","slug":"world-trade-center","status":"publish","type":"page","link":"https:\/\/edcollaborative.com\/es\/world-trade-center\/","title":{"rendered":"Centro de Comercio Mundial"},"content":{"rendered":"<div class=\"wp-block-uagb-container uagb-block-157b806d alignfull uagb-is-root-container\"><div class=\"uagb-container-inner-blocks-wrap\">\n<div class=\"wp-block-uagb-container uagb-block-db387900\">\n<div class=\"wp-block-uagb-advanced-heading uagb-block-30389230\"><h1 class=\"uagb-heading-text\">Iniciativa del World Trade Center<\/h1><\/div>\n<\/div>\n\n\n\n<div class=\"wp-block-uagb-container uagb-block-f89db337\">\n<div class=\"wp-block-uagb-advanced-heading uagb-block-458a1930\"><h2 class=\"uagb-heading-text\">Objetivos de la Iniciativa<\/h2><\/div>\n<\/div>\n\n\n\n<div class=\"wp-block-uagb-container uagb-block-7b46de5e\">\n<div class=\"wp-block-uagb-info-box uagb-block-160cc5fa uagb-infobox__content-wrap  uagb-infobox-icon-above-title uagb-infobox-image-valign-top\"><div class=\"uagb-ifb-content\"><div class=\"uagb-ifb-title-wrap\"><\/div><p class=\"uagb-ifb-desc\">Los condados de Ventura y Santa B\u00e1rbara se encuentran entre los l\u00edderes nacionales en exportaciones agr\u00edcolas. Ambos presentan una alta concentraci\u00f3n de sectores de alta tecnolog\u00eda con distribuci\u00f3n global. Sin embargo, muy pocas empresas optimizan los mercados globales y existe una extraordinaria oportunidad para la innovaci\u00f3n y el crecimiento.<br><br>&nbsp;<br>El objetivo de la Iniciativa del Centro de Comercio Mundial de EDC es impulsar la expansi\u00f3n de las actividades de comercio internacional en los condados de Ventura y Santa B\u00e1rbara, fomentar una mayor participaci\u00f3n empresarial en el comercio mundial e incrementar los negocios internacionales en la regi\u00f3n. Adem\u00e1s, los resultados de investigaci\u00f3n de la iniciativa ayudan a desarrollar estrategias regionales ya posicionar a la regi\u00f3n para alcanzar el liderazgo e innovaci\u00f3n en la econom\u00eda global.<br><\/p><\/div><\/div>\n<\/div>\n\n\n\n<div class=\"wp-block-uagb-container uagb-block-94c4fde9\">\n<div class=\"wp-block-uagb-advanced-heading uagb-block-34cafe5a\"><h2 class=\"uagb-heading-text\">Acci\u00f3n EDC<\/h2><\/div>\n<\/div>\n\n\n\n<div class=\"wp-block-uagb-info-box uagb-block-d29893cb uagb-infobox__content-wrap  uagb-infobox-icon-above-title uagb-infobox-image-valign-top\"><div class=\"uagb-ifb-content\"><div class=\"uagb-ifb-title-wrap\"><\/div><p class=\"uagb-ifb-desc\">La EDC ofrece asistencia t\u00e9cnica a empresas, impartida por expertos en negocios internacionales, para ayudarlas a expandir sus negocios globales, aumentar sus ganancias y el retorno de la inversi\u00f3n en la regi\u00f3n, contribuyendo as\u00ed a la prosperidad compartida. Para evaluar y apoyar el desarrollo de estrategias en torno a los mercados y oportunidades globales, la Universidad Luterana de California (CLU) realiza investigaci\u00f3n y an\u00e1lisis. Esta iniciativa se centra en:<\/p><\/div><\/div>\n\n\n\n<div class=\"wp-block-uagb-icon-list uagb-block-a01ec523\"><div class=\"uagb-icon-list__wrap\">\n<div class=\"wp-block-uagb-icon-list-child uagb-block-d552af1d\"><span class=\"uagb-icon-list__source-wrap\"><svg xmlns=\"https:\/\/www.w3.org\/2000\/svg\" viewbox=\"0 0 320 512\"><path d=\"M96 480c-8.188 0-16.38-3.125-22.62-9.375c-12.5-12.5-12.5-32.75 0-45.25L242.8 256L73.38 86.63c-12.5-12.5-12.5-32.75 0-45.25s32.75-12.5 45.25 0l192 192c12.5 12.5 12.5 32.75 0 45.25l-192 192C112.4 476.9 104.2 480 96 480z\"><\/path><\/svg><\/span><span class=\"uagb-icon-list__label\">La identificaci\u00f3n, investigaci\u00f3n y an\u00e1lisis del perfil comercial internacional de los cl\u00fasteres comerciales cr\u00edticos de la regi\u00f3n, para identificar barreras y oportunidades de crecimiento.<\/span><\/div>\n\n\n\n<div class=\"wp-block-uagb-icon-list-child uagb-block-fa62b1f0\"><span class=\"uagb-icon-list__source-wrap\"><svg xmlns=\"https:\/\/www.w3.org\/2000\/svg\" viewbox=\"0 0 320 512\"><path d=\"M96 480c-8.188 0-16.38-3.125-22.62-9.375c-12.5-12.5-12.5-32.75 0-45.25L242.8 256L73.38 86.63c-12.5-12.5-12.5-32.75 0-45.25s32.75-12.5 45.25 0l192 192c12.5 12.5 12.5 32.75 0 45.25l-192 192C112.4 476.9 104.2 480 96 480z\"><\/path><\/svg><\/span><span class=\"uagb-icon-list__label\">La prestaci\u00f3n de asistencia t\u00e9cnica empresarial para mejorar la estrategia y la capacidad de comercio internacional y el acceso a los mercados globales.<\/span><\/div>\n<\/div><\/div>\n\n\n\n<div class=\"wp-block-uagb-info-box uagb-block-e763b655 uagb-infobox__content-wrap  uagb-infobox-icon-above-title uagb-infobox-image-valign-top\"><div class=\"uagb-ifb-content\"><div class=\"uagb-ifb-title-wrap\"><\/div><p class=\"uagb-ifb-desc\">El valor econ\u00f3mico de la participaci\u00f3n global es bien conocido. Las empresas exportadoras pagan salarios m\u00e1s altos, crean m\u00e1s empleos y tienen menos probabilidades de quebrar en tiempos dif\u00edciles que sus competidores no exportadores. El comercio y la inversi\u00f3n internacionales sustentan casi el 20 % de los empleos de nuestra regi\u00f3n.<\/p><\/div><\/div>\n\n\n\n<div class=\"wp-block-uagb-container uagb-block-558ceb53\">\n<div class=\"wp-block-uagb-advanced-heading uagb-block-d8240811\"><h2 class=\"uagb-heading-text\">Organizaciones asociadas<\/h2><\/div>\n<\/div>\n\n\n\n<div class=\"wp-block-uagb-info-box uagb-block-266e5525 uagb-infobox__content-wrap  uagb-infobox-icon-above-title uagb-infobox-image-valign-top\"><div class=\"uagb-ifb-content\"><div class=\"uagb-ifb-title-wrap\"><\/div><p class=\"uagb-ifb-desc\">Esta iniciativa aprovecha la licencia del Puerto de Hueneme para el World Trade Center para prestar servicios a los condados de Ventura y Santa B\u00e1rbara. La rama de investigaci\u00f3n est\u00e1 dirigida por la Facultad de Administraci\u00f3n de la Universidad Luterana de California.<br><br>&nbsp;<br>Esta colaboraci\u00f3n tambi\u00e9n aprovecha los recursos locales para implementar un programa que desmitifica el comercio mundial y mejora la participaci\u00f3n empresarial en los mercados internacionales.<\/p><\/div><\/div>\n\n\n\n<div class=\"wp-block-uagb-advanced-heading uagb-block-2b194763\"><h2 class=\"uagb-heading-text\"><strong>Los socios clave incluyen:<\/strong><\/h2><\/div>\n\n\n\n<div class=\"wp-block-uagb-icon-list uagb-block-9463e826\"><div class=\"uagb-icon-list__wrap\">\n<div class=\"wp-block-uagb-icon-list-child uagb-block-814149f3\"><span class=\"uagb-icon-list__source-wrap\"><svg xmlns=\"https:\/\/www.w3.org\/2000\/svg\" viewbox=\"0 0 320 512\"><path d=\"M96 480c-8.188 0-16.38-3.125-22.62-9.375c-12.5-12.5-12.5-32.75 0-45.25L242.8 256L73.38 86.63c-12.5-12.5-12.5-32.75 0-45.25s32.75-12.5 45.25 0l192 192c12.5 12.5 12.5 32.75 0 45.25l-192 192C112.4 476.9 104.2 480 96 480z\"><\/path><\/svg><\/span><span class=\"uagb-icon-list__label\">Consejo de Exportaci\u00f3n del Distrito de EE.UU. UU.<\/span><\/div>\n\n\n\n<div class=\"wp-block-uagb-icon-list-child uagb-block-a1b619be\"><span class=\"uagb-icon-list__source-wrap\"><svg xmlns=\"https:\/\/www.w3.org\/2000\/svg\" viewbox=\"0 0 320 512\"><path d=\"M96 480c-8.188 0-16.38-3.125-22.62-9.375c-12.5-12.5-12.5-32.75 0-45.25L242.8 256L73.38 86.63c-12.5-12.5-12.5-32.75 0-45.25s32.75-12.5 45.25 0l192 192c12.5 12.5 12.5 32.75 0 45.25l-192 192C112.4 476.9 104.2 480 96 480z\"><\/path><\/svg><\/span><span class=\"uagb-icon-list__label\">Servicio Comercial de los Estados Unidos y Departamento de Comercio de los Estados Unidos<\/span><\/div>\n\n\n\n<div class=\"wp-block-uagb-icon-list-child uagb-block-55a77810\"><span class=\"uagb-icon-list__source-wrap\"><svg xmlns=\"https:\/\/www.w3.org\/2000\/svg\" viewbox=\"0 0 320 512\"><path d=\"M96 480c-8.188 0-16.38-3.125-22.62-9.375c-12.5-12.5-12.5-32.75 0-45.25L242.8 256L73.38 86.63c-12.5-12.5-12.5-32.75 0-45.25s32.75-12.5 45.25 0l192 192c12.5 12.5 12.5 32.75 0 45.25l-192 192C112.4 476.9 104.2 480 96 480z\"><\/path><\/svg><\/span><span class=\"uagb-icon-list__label\">Universidad Estatal de California-Islas del Canal<\/span><\/div>\n\n\n\n<div class=\"wp-block-uagb-icon-list-child uagb-block-1a146361\"><span class=\"uagb-icon-list__source-wrap\"><svg xmlns=\"https:\/\/www.w3.org\/2000\/svg\" viewbox=\"0 0 320 512\"><path d=\"M96 480c-8.188 0-16.38-3.125-22.62-9.375c-12.5-12.5-12.5-32.75 0-45.25L242.8 256L73.38 86.63c-12.5-12.5-12.5-32.75 0-45.25s32.75-12.5 45.25 0l192 192c12.5 12.5 12.5 32.75 0 45.25l-192 192C112.4 476.9 104.2 480 96 480z\"><\/path><\/svg><\/span><span class=\"uagb-icon-list__label\">Colegio Universitario de Santa B\u00e1rbara<\/span><\/div>\n\n\n\n<div class=\"wp-block-uagb-icon-list-child uagb-block-14da7e7f\"><span class=\"uagb-icon-list__source-wrap\"><svg xmlns=\"https:\/\/www.w3.org\/2000\/svg\" viewbox=\"0 0 320 512\"><path d=\"M96 480c-8.188 0-16.38-3.125-22.62-9.375c-12.5-12.5-12.5-32.75 0-45.25L242.8 256L73.38 86.63c-12.5-12.5-12.5-32.75 0-45.25s32.75-12.5 45.25 0l192 192c12.5 12.5 12.5 32.75 0 45.25l-192 192C112.4 476.9 104.2 480 96 480z\"><\/path><\/svg><\/span><span class=\"uagb-icon-list__label\">Distrito de colegios comunitarios del condado de Ventura<\/span><\/div>\n<\/div><\/div>\n<\/div><\/div>","protected":false},"excerpt":{"rendered":"<p>Iniciativa del World Trade Center Objetivos de la Iniciativa Los condados de Ventura y Santa B\u00e1rbara se encuentran entre los l\u00edderes nacionales en exportaciones agr\u00edcolas. Ambos presentan una alta concentraci\u00f3n de sectores de alta tecnolog\u00eda con distribuci\u00f3n global. Sin embargo, muy pocas empresas optimizan los mercados globales y existe una extraordinaria oportunidad para la innovaci\u00f3n.<br \/><a href=\"https:\/\/edcollaborative.com\/es\/world-trade-center\/\" class=\"more\">Leer m\u00e1s<\/a><\/p>","protected":false},"author":12,"featured_media":9128,"parent":0,"menu_order":34,"comment_status":"closed","ping_status":"closed","template":"","meta":{"_acf_changed":false,"_uag_custom_page_level_css":"","footnotes":""},"class_list":["post-885","page","type-page","status-publish","has-post-thumbnail","hentry"],"translation":{"provider":"WPGlobus","version":"3.0.1","language":"es","enabled_languages":["en","es"],"languages":{"en":{"title":true,"content":true,"excerpt":false},"es":{"title":true,"content":true,"excerpt":false}}},"acf":[],"yoast_head":"<!-- This site is optimized with the Yoast SEO plugin v25.5 - https:\/\/yoast.com\/wordpress\/plugins\/seo\/ -->\n<title>Centro de Comercio Mundial - Economic Development Collaborative<\/title>\n<meta name=\"description\" content=\"Los condados de Ventura y Santa B\u00e1rbara est\u00e1n entre los l\u00edderes nacionales en exportaciones agr\u00edcolas y tienen una alta concentraci\u00f3n en sectores de alta tecnolog\u00eda.\" \/>\n<meta name=\"robots\" content=\"index, follow, max-snippet:-1, max-image-preview:large, max-video-preview:-1\" \/>\n<link rel=\"canonical\" href=\"https:\/\/edcollaborative.com\/es\/world-trade-center\/\" \/>\n<meta property=\"og:locale\" content=\"es_ES\" \/>\n<meta property=\"og:type\" content=\"article\" \/>\n<meta property=\"og:title\" content=\"Centro de Comercio Mundial - Economic Development Collaborative\" \/>\n<meta property=\"og:description\" content=\"Los condados de Ventura y Santa B\u00e1rbara est\u00e1n entre los l\u00edderes nacionales en exportaciones agr\u00edcolas y tienen una alta concentraci\u00f3n en sectores de alta tecnolog\u00eda.\" \/>\n<meta property=\"og:url\" content=\"https:\/\/edcollaborative.com\/es\/world-trade-center\/\" \/>\n<meta property=\"og:site_name\" content=\"Economic Development Collaborative\" \/>\n<meta property=\"article:publisher\" content=\"https:\/\/www.facebook.com\/EDCollaborative\" \/>\n<meta property=\"article:modified_time\" content=\"2025-11-11T08:54:11+00:00\" \/>\n<meta property=\"og:image\" content=\"https:\/\/edcollaborative.com\/wp-content\/uploads\/2022\/06\/edc-programs-banner.jpg\" \/>\n\t<meta property=\"og:image:width\" content=\"1200\" \/>\n\t<meta property=\"og:image:height\" content=\"430\" \/>\n\t<meta property=\"og:image:type\" content=\"image\/jpeg\" \/>\n<meta name=\"twitter:card\" content=\"summary_large_image\" \/>\n<meta name=\"twitter:site\" content=\"@EDCollaborative\" \/>\n<meta name=\"twitter:label1\" content=\"Tiempo de lectura\" \/>\n\t<meta name=\"twitter:data1\" content=\"5 minutos\" \/>\n<script type=\"application\/ld+json\" class=\"yoast-schema-graph\">{\"@context\":\"https:\/\/schema.org\",\"@graph\":[{\"@type\":\"WebPage\",\"@id\":\"https:\/\/edcollaborative.com\/world-trade-center\/\",\"url\":\"https:\/\/edcollaborative.com\/world-trade-center\/\",\"name\":\"Centro de Comercio Mundial - Economic Development Collaborative\",\"isPartOf\":{\"@id\":\"https:\/\/edcollaborative.com\/#website\"},\"primaryImageOfPage\":{\"@id\":\"https:\/\/edcollaborative.com\/world-trade-center\/#primaryimage\"},\"image\":{\"@id\":\"https:\/\/edcollaborative.com\/world-trade-center\/#primaryimage\"},\"thumbnailUrl\":\"https:\/\/edcollaborative.com\/wp-content\/uploads\/2022\/06\/edc-programs-banner.jpg\",\"datePublished\":\"2018-09-06T14:56:36+00:00\",\"dateModified\":\"2025-11-11T08:54:11+00:00\",\"description\":\"Los condados de Ventura y Santa B\u00e1rbara est\u00e1n entre los l\u00edderes nacionales en exportaciones agr\u00edcolas y tienen una alta concentraci\u00f3n en sectores de alta tecnolog\u00eda.\",\"breadcrumb\":{\"@id\":\"https:\/\/edcollaborative.com\/world-trade-center\/#breadcrumb\"},\"inLanguage\":\"es\",\"potentialAction\":[{\"@type\":\"ReadAction\",\"target\":[\"https:\/\/edcollaborative.com\/world-trade-center\/\"]}]},{\"@type\":\"ImageObject\",\"inLanguage\":\"es\",\"@id\":\"https:\/\/edcollaborative.com\/world-trade-center\/#primaryimage\",\"url\":\"https:\/\/edcollaborative.com\/wp-content\/uploads\/2022\/06\/edc-programs-banner.jpg\",\"contentUrl\":\"https:\/\/edcollaborative.com\/wp-content\/uploads\/2022\/06\/edc-programs-banner.jpg\",\"width\":1200,\"height\":430,\"caption\":\"EDC Program\"},{\"@type\":\"BreadcrumbList\",\"@id\":\"https:\/\/edcollaborative.com\/world-trade-center\/#breadcrumb\",\"itemListElement\":[{\"@type\":\"ListItem\",\"position\":1,\"name\":\"Home\",\"item\":\"https:\/\/edcollaborative.com\/\"},{\"@type\":\"ListItem\",\"position\":2,\"name\":\"World Trade Center\"}]},{\"@type\":\"WebSite\",\"@id\":\"https:\/\/edcollaborative.com\/#website\",\"url\":\"https:\/\/edcollaborative.com\/\",\"name\":\"Economic Development Collaborative\",\"description\":\"Your SUPER-powered WP Engine Blog\",\"potentialAction\":[{\"@type\":\"SearchAction\",\"target\":{\"@type\":\"EntryPoint\",\"urlTemplate\":\"https:\/\/edcollaborative.com\/?s={search_term_string}\"},\"query-input\":{\"@type\":\"PropertyValueSpecification\",\"valueRequired\":true,\"valueName\":\"search_term_string\"}}],\"inLanguage\":\"es\"}]}<\/script>\n<!-- \/ Yoast SEO plugin. -->","yoast_head_json":{"title":"Centro de Comercio Mundial - Colaboraci\u00f3n para el Desarrollo Econ\u00f3mico","description":"Los condados de Ventura y Santa B\u00e1rbara est\u00e1n entre los l\u00edderes nacionales en exportaciones agr\u00edcolas y tienen una alta concentraci\u00f3n en sectores de alta tecnolog\u00eda.","robots":{"index":"index","follow":"follow","max-snippet":"max-snippet:-1","max-image-preview":"max-image-preview:large","max-video-preview":"max-video-preview:-1"},"canonical":"https:\/\/edcollaborative.com\/es\/world-trade-center\/","og_locale":"es_ES","og_type":"article","og_title":"Centro de Comercio Mundial - Economic Development Collaborative","og_description":"Los condados de Ventura y Santa B\u00e1rbara est\u00e1n entre los l\u00edderes nacionales en exportaciones agr\u00edcolas y tienen una alta concentraci\u00f3n en sectores de alta tecnolog\u00eda.","og_url":"https:\/\/edcollaborative.com\/es\/world-trade-center\/","og_site_name":"Economic Development Collaborative","article_publisher":"https:\/\/www.facebook.com\/EDCollaborative","article_modified_time":"2025-11-11T08:54:11+00:00","og_image":[{"width":1200,"height":430,"url":"https:\/\/edcollaborative.com\/wp-content\/uploads\/2022\/06\/edc-programs-banner.jpg","type":"image\/jpeg"}],"twitter_card":"summary_large_image","twitter_site":"@EDCollaborative","twitter_misc":{"Tiempo de lectura":"5 minutos"},"schema":{"@context":"https:\/\/schema.org","@graph":[{"@type":"WebPage","@id":"https:\/\/edcollaborative.com\/world-trade-center\/","url":"https:\/\/edcollaborative.com\/world-trade-center\/","name":"Centro de Comercio Mundial - Colaboraci\u00f3n para el Desarrollo Econ\u00f3mico","isPartOf":{"@id":"https:\/\/edcollaborative.com\/#website"},"primaryImageOfPage":{"@id":"https:\/\/edcollaborative.com\/world-trade-center\/#primaryimage"},"image":{"@id":"https:\/\/edcollaborative.com\/world-trade-center\/#primaryimage"},"thumbnailUrl":"https:\/\/edcollaborative.com\/wp-content\/uploads\/2022\/06\/edc-programs-banner.jpg","datePublished":"2018-09-06T14:56:36+00:00","dateModified":"2025-11-11T08:54:11+00:00","description":"Los condados de Ventura y Santa B\u00e1rbara est\u00e1n entre los l\u00edderes nacionales en exportaciones agr\u00edcolas y tienen una alta concentraci\u00f3n en sectores de alta tecnolog\u00eda.","breadcrumb":{"@id":"https:\/\/edcollaborative.com\/world-trade-center\/#breadcrumb"},"inLanguage":"es","potentialAction":[{"@type":"ReadAction","target":["https:\/\/edcollaborative.com\/world-trade-center\/"]}]},{"@type":"ImageObject","inLanguage":"es","@id":"https:\/\/edcollaborative.com\/world-trade-center\/#primaryimage","url":"https:\/\/edcollaborative.com\/wp-content\/uploads\/2022\/06\/edc-programs-banner.jpg","contentUrl":"https:\/\/edcollaborative.com\/wp-content\/uploads\/2022\/06\/edc-programs-banner.jpg","width":1200,"height":430,"caption":"EDC Program"},{"@type":"BreadcrumbList","@id":"https:\/\/edcollaborative.com\/world-trade-center\/#breadcrumb","itemListElement":[{"@type":"ListItem","position":1,"name":"Home","item":"https:\/\/edcollaborative.com\/"},{"@type":"ListItem","position":2,"name":"World Trade Center"}]},{"@type":"WebSite","@id":"https:\/\/edcollaborative.com\/#website","url":"https:\/\/edcollaborative.com\/","name":"Colaboraci\u00f3n de desarrollo econ\u00f3mico","description":"Su blog de motor WP SUPERpoderoso","potentialAction":[{"@type":"SearchAction","target":{"@type":"EntryPoint","urlTemplate":"https:\/\/edcollaborative.com\/?s={search_term_string}"},"query-input":{"@type":"PropertyValueSpecification","valueRequired":true,"valueName":"search_term_string"}}],"inLanguage":"es"}]}},"uagb_featured_image_src":{"full":["https:\/\/edcollaborative.com\/wp-content\/uploads\/2022\/06\/edc-programs-banner.jpg",1200,430,false],"thumbnail":["https:\/\/edcollaborative.com\/wp-content\/uploads\/2022\/06\/edc-programs-banner-150x150.jpg",150,150,true],"medium":["https:\/\/edcollaborative.com\/wp-content\/uploads\/2022\/06\/edc-programs-banner-300x108.jpg",300,108,true],"medium_large":["https:\/\/edcollaborative.com\/wp-content\/uploads\/2022\/06\/edc-programs-banner-768x275.jpg",768,275,true],"large":["https:\/\/edcollaborative.com\/wp-content\/uploads\/2022\/06\/edc-programs-banner-1024x367.jpg",1024,367,true],"1536x1536":["https:\/\/edcollaborative.com\/wp-content\/uploads\/2022\/06\/edc-programs-banner.jpg",1200,430,false],"2048x2048":["https:\/\/edcollaborative.com\/wp-content\/uploads\/2022\/06\/edc-programs-banner.jpg",1200,430,false],"trp-custom-language-flag":["https:\/\/edcollaborative.com\/wp-content\/uploads\/2022\/06\/edc-programs-banner-18x6.jpg",18,6,true],"portfolio_tn":["https:\/\/edcollaborative.com\/wp-content\/uploads\/2022\/06\/edc-programs-banner-640x400.jpg",640,400,true],"portfolio_classic":["https:\/\/edcollaborative.com\/wp-content\/uploads\/2022\/06\/edc-programs-banner-800x380.jpg",800,380,true],"portfolio_squared":["https:\/\/edcollaborative.com\/wp-content\/uploads\/2022\/06\/edc-programs-banner-768x768.jpg",768,768,true],"portfolio_landscape":["https:\/\/edcollaborative.com\/wp-content\/uploads\/2022\/06\/edc-programs-banner-768x384.jpg",768,384,true],"portfolio_portrait":["https:\/\/edcollaborative.com\/wp-content\/uploads\/2022\/06\/edc-programs-banner-384x768.jpg",384,768,true],"staff_tn":["https:\/\/edcollaborative.com\/wp-content\/uploads\/2022\/06\/edc-programs-banner-570x570.jpg",570,570,true],"blog_tn":["https:\/\/edcollaborative.com\/wp-content\/uploads\/2022\/06\/edc-programs-banner-1200x565.jpg",1200,565,true],"blog_tn_alt":["https:\/\/edcollaborative.com\/wp-content\/uploads\/2022\/06\/edc-programs-banner-553x400.jpg",553,400,true],"gform-image-choice-sm":["https:\/\/edcollaborative.com\/wp-content\/uploads\/2022\/06\/edc-programs-banner-300x300.jpg",300,300,true],"gform-image-choice-md":["https:\/\/edcollaborative.com\/wp-content\/uploads\/2022\/06\/edc-programs-banner-400x400.jpg",400,400,true],"gform-image-choice-lg":["https:\/\/edcollaborative.com\/wp-content\/uploads\/2022\/06\/edc-programs-banner-600x600.jpg",600,600,true],"web-stories-poster-portrait":["https:\/\/edcollaborative.com\/wp-content\/uploads\/2022\/06\/edc-programs-banner-640x853.jpg",640,853,true],"web-stories-publisher-logo":["https:\/\/edcollaborative.com\/wp-content\/uploads\/2022\/06\/edc-programs-banner-96x96.jpg",96,96,true],"web-stories-thumbnail":["https:\/\/edcollaborative.com\/wp-content\/uploads\/2022\/06\/edc-programs-banner-150x54.jpg",150,54,true]},"uagb_author_info":{"display_name":"Alexandria Wright","author_link":"https:\/\/edcollaborative.com\/es\/blog\/author\/alex\/"},"uagb_comment_info":0,"uagb_excerpt":"Iniciativa del World Trade Center Objetivos de la Iniciativa Los condados de Ventura y Santa B\u00e1rbara se encuentran entre los l\u00edderes nacionales en exportaciones agr\u00edcolas. Ambos presentan una alta concentraci\u00f3n de sectores de alta tecnolog\u00eda con distribuci\u00f3n global. Sin embargo, muy pocas empresas optimizan los mercados globales y existe una extraordinaria oportunidad para la innovaci\u00f3nRead&hellip;","_links":{"self":[{"href":"https:\/\/edcollaborative.com\/es\/wp-json\/wp\/v2\/pages\/885","targetHints":{"allow":["GET"]}}],"collection":[{"href":"https:\/\/edcollaborative.com\/es\/wp-json\/wp\/v2\/pages"}],"about":[{"href":"https:\/\/edcollaborative.com\/es\/wp-json\/wp\/v2\/types\/page"}],"author":[{"embeddable":true,"href":"https:\/\/edcollaborative.com\/es\/wp-json\/wp\/v2\/users\/12"}],"replies":[{"embeddable":true,"href":"https:\/\/edcollaborative.com\/es\/wp-json\/wp\/v2\/comments?post=885"}],"version-history":[{"count":0,"href":"https:\/\/edcollaborative.com\/es\/wp-json\/wp\/v2\/pages\/885\/revisions"}],"wp:featuredmedia":[{"embeddable":true,"href":"https:\/\/edcollaborative.com\/es\/wp-json\/wp\/v2\/media\/9128"}],"wp:attachment":[{"href":"https:\/\/edcollaborative.com\/es\/wp-json\/wp\/v2\/media?parent=885"}],"curies":[{"name":"gracias","href":"https:\/\/api.w.org\/{rel}","templated":true}]}}