
{"id":882,"date":"2018-09-06T14:45:15","date_gmt":"2018-09-06T14:45:15","guid":{"rendered":"http:\/\/edcollaborative.com\/?page_id=882"},"modified":"2025-11-10T03:11:02","modified_gmt":"2025-11-10T11:11:02","slug":"broadband","status":"publish","type":"page","link":"https:\/\/edcollaborative.com\/es\/broadband\/","title":{"rendered":"Banda ancha"},"content":{"rendered":"<div class=\"wp-block-uagb-container uagb-block-157b806d alignfull uagb-is-root-container\"><div class=\"uagb-container-inner-blocks-wrap\">\n<div class=\"wp-block-uagb-container uagb-block-db387900\">\n<div class=\"wp-block-uagb-advanced-heading uagb-block-30389230\"><h1 class=\"uagb-heading-text\">Initiative de banda ancha<\/h1><\/div>\n<\/div>\n\n\n\n<div class=\"wp-block-uagb-container uagb-block-f89db337\">\n<div class=\"wp-block-uagb-advanced-heading uagb-block-458a1930\"><h2 class=\"uagb-heading-text\">Objetivos de la Iniciativa<\/h2><\/div>\n<\/div>\n\n\n\n<div class=\"wp-block-uagb-container uagb-block-7b46de5e\">\n<div class=\"wp-block-uagb-info-box uagb-block-160cc5fa uagb-infobox__content-wrap  uagb-infobox-icon-above-title uagb-infobox-image-valign-top\"><div class=\"uagb-ifb-content\"><div class=\"uagb-ifb-title-wrap\"><\/div><p class=\"uagb-ifb-desc\">La banda ancha es una infraestructura esencial para las ciudades y comunidades. Contar con conectividad a Internet de alta velocidad tiene un impacto significativo en el crecimiento, la retenci\u00f3n y la atracci\u00f3n de empresas.<\/p><\/div><\/div>\n\n\n\n<div class=\"wp-block-uagb-advanced-heading uagb-block-107de4d6\"><p class=\"uagb-heading-text\">Esta iniciativa trabaja para lograr dos resultados:<\/p><\/div>\n\n\n\n<div class=\"wp-block-uagb-icon-list uagb-block-a01ec523\"><div class=\"uagb-icon-list__wrap\">\n<div class=\"wp-block-uagb-icon-list-child uagb-block-d552af1d\"><span class=\"uagb-icon-list__source-wrap\"><svg xmlns=\"https:\/\/www.w3.org\/2000\/svg\" viewbox=\"0 0 320 512\"><path d=\"M96 480c-8.188 0-16.38-3.125-22.62-9.375c-12.5-12.5-12.5-32.75 0-45.25L242.8 256L73.38 86.63c-12.5-12.5-12.5-32.75 0-45.25s32.75-12.5 45.25 0l192 192c12.5 12.5 12.5 32.75 0 45.25l-192 192C112.4 476.9 104.2 480 96 480z\"><\/path><\/svg><\/span><span class=\"uagb-icon-list__label\">Garantizar que todos los hogares de la regi\u00f3n est\u00e9n conectados al menos a un est\u00e1ndar m\u00ednimo y asequible de banda ancha, que todos los ni\u00f1os est\u00e9n conectados a recursos educativos, que los teletrabajadores puedan trabajar y que se apoyen la transmisi\u00f3n y el intercambio de recursos de seguridad p\u00fablica.<\/span><\/div>\n\n\n\n<div class=\"wp-block-uagb-icon-list-child uagb-block-fa62b1f0\"><span class=\"uagb-icon-list__source-wrap\"><svg xmlns=\"https:\/\/www.w3.org\/2000\/svg\" viewbox=\"0 0 320 512\"><path d=\"M96 480c-8.188 0-16.38-3.125-22.62-9.375c-12.5-12.5-12.5-32.75 0-45.25L242.8 256L73.38 86.63c-12.5-12.5-12.5-32.75 0-45.25s32.75-12.5 45.25 0l192 192c12.5 12.5 12.5 32.75 0 45.25l-192 192C112.4 476.9 104.2 480 96 480z\"><\/path><\/svg><\/span><span class=\"uagb-icon-list__label\">Garantizar que todas las empresas de la regi\u00f3n puedan asegurar un nivel de conectividad de alta velocidad que permita un comercio y una comunicaci\u00f3n eficiente para respaldar la vitalidad econ\u00f3mica.<\/span><\/div>\n<\/div><\/div>\n\n\n\n<div class=\"wp-block-uagb-advanced-heading uagb-block-1e6df9b2\"><p class=\"uagb-heading-text\">EDC ha adoptado esta iniciativa teniendo en cuenta varios valores comunitarios y econ\u00f3micos:<\/p><\/div>\n\n\n\n<div class=\"wp-block-uagb-icon-list uagb-block-9e4a28cd\"><div class=\"uagb-icon-list__wrap\">\n<div class=\"wp-block-uagb-icon-list-child uagb-block-2b59a43a\"><span class=\"uagb-icon-list__source-wrap\"><svg xmlns=\"https:\/\/www.w3.org\/2000\/svg\" viewbox=\"0 0 320 512\"><path d=\"M96 480c-8.188 0-16.38-3.125-22.62-9.375c-12.5-12.5-12.5-32.75 0-45.25L242.8 256L73.38 86.63c-12.5-12.5-12.5-32.75 0-45.25s32.75-12.5 45.25 0l192 192c12.5 12.5 12.5 32.75 0 45.25l-192 192C112.4 476.9 104.2 480 96 480z\"><\/path><\/svg><\/span><span class=\"uagb-icon-list__label\">Una econom\u00eda m\u00e1s robusta: la banda ancha es vital para el crecimiento econ\u00f3mico, tanto al fomentar nuevas industrias como al ampliar las oportunidades para las empresas existentes.<\/span><\/div>\n\n\n\n<div class=\"wp-block-uagb-icon-list-child uagb-block-64d00138\"><span class=\"uagb-icon-list__source-wrap\"><svg xmlns=\"https:\/\/www.w3.org\/2000\/svg\" viewbox=\"0 0 320 512\"><path d=\"M96 480c-8.188 0-16.38-3.125-22.62-9.375c-12.5-12.5-12.5-32.75 0-45.25L242.8 256L73.38 86.63c-12.5-12.5-12.5-32.75 0-45.25s32.75-12.5 45.25 0l192 192c12.5 12.5 12.5 32.75 0 45.25l-192 192C112.4 476.9 104.2 480 96 480z\"><\/path><\/svg><\/span><span class=\"uagb-icon-list__label\">Comunidades m\u00e1s seguras y saludables: la banda ancha llega a muchas facetas de la vida cotidiana mejorando la prestaci\u00f3n de servicios de atenci\u00f3n m\u00e9dica y ayudando al personal de seguridad p\u00fablica en el desempe\u00f1o de sus funciones.<\/span><\/div>\n\n\n\n<div class=\"wp-block-uagb-icon-list-child uagb-block-e59c6523\"><span class=\"uagb-icon-list__source-wrap\"><svg xmlns=\"https:\/\/www.w3.org\/2000\/svg\" viewbox=\"0 0 320 512\"><path d=\"M96 480c-8.188 0-16.38-3.125-22.62-9.375c-12.5-12.5-12.5-32.75 0-45.25L242.8 256L73.38 86.63c-12.5-12.5-12.5-32.75 0-45.25s32.75-12.5 45.25 0l192 192c12.5 12.5 12.5 32.75 0 45.25l-192 192C112.4 476.9 104.2 480 96 480z\"><\/path><\/svg><\/span><span class=\"uagb-icon-list__label\">Individuos m\u00e1s inteligentes y m\u00e1s comprometidos: la banda ancha enriquece las experiencias educativas de ni\u00f1os y adultos y facilita la interacci\u00f3n de los ciudadanos con las organizaciones comunitarias.<\/span><\/div>\n\n\n\n<div class=\"wp-block-uagb-icon-list-child uagb-block-f5ce4269\"><span class=\"uagb-icon-list__source-wrap\"><svg xmlns=\"https:\/\/www.w3.org\/2000\/svg\" viewbox=\"0 0 320 512\"><path d=\"M96 480c-8.188 0-16.38-3.125-22.62-9.375c-12.5-12.5-12.5-32.75 0-45.25L242.8 256L73.38 86.63c-12.5-12.5-12.5-32.75 0-45.25s32.75-12.5 45.25 0l192 192c12.5 12.5 12.5 32.75 0 45.25l-192 192C112.4 476.9 104.2 480 96 480z\"><\/path><\/svg><\/span><span class=\"uagb-icon-list__label\">Un medio ambiente m\u00e1s verde: la banda ancha ayuda a la gesti\u00f3n y conservaci\u00f3n de los recursos energ\u00e9ticos y de transporte.<\/span><\/div>\n<\/div><\/div>\n<\/div>\n\n\n\n<div class=\"wp-block-uagb-container uagb-block-94c4fde9\">\n<div class=\"wp-block-uagb-advanced-heading uagb-block-34cafe5a\"><h2 class=\"uagb-heading-text\">Acci\u00f3n EDC<\/h2><\/div>\n<\/div>\n\n\n\n<div class=\"wp-block-uagb-info-box uagb-block-d29893cb uagb-infobox__content-wrap  uagb-infobox-icon-above-title uagb-infobox-image-valign-top\"><div class=\"uagb-ifb-content\"><div class=\"uagb-ifb-title-wrap\"><\/div><p class=\"uagb-ifb-desc\">Las actividades clave de la iniciativa incluyen una evaluaci\u00f3n de la infraestructura de banda ancha de la regi\u00f3n, divulgaci\u00f3n y educaci\u00f3n para mejorar el liderazgo y la conciencia de las partes interesadas sobre la necesidad de invertir en recursos de fibra, la promoci\u00f3n de la adopci\u00f3n de pol\u00edticas locales que faciliten el despliegue de banda ancha y la identificaci\u00f3n de brechas en el servicio y soluciones para cerrarlas.<\/p><\/div><\/div>\n\n\n\n<div class=\"wp-block-uagb-container uagb-block-558ceb53\">\n<div class=\"wp-block-uagb-advanced-heading uagb-block-d8240811\"><h2 class=\"uagb-heading-text\">Organizaciones asociadas<\/h2><\/div>\n<\/div>\n\n\n\n<div class=\"wp-block-uagb-info-box uagb-block-266e5525 uagb-infobox__content-wrap  uagb-infobox-icon-above-title uagb-infobox-image-valign-top\"><div class=\"uagb-ifb-content\"><div class=\"uagb-ifb-title-wrap\"><\/div><p class=\"uagb-ifb-desc\">El EDC act\u00faa como agente fiscal del Consorcio de Banda Ancha de la Costa del Pac\u00edfico, una asociaci\u00f3n de actores p\u00fablicos y privados de los condados de San Luis Obispo, Santa B\u00e1rbara y Ventura. El Consorcio administra los fondos de subvenciones distribuidos por la Comisi\u00f3n de Servicios P\u00fablicos de California para apoyar las iniciativas locales y regionales destinadas a mejorar la implementaci\u00f3n, el acceso y la adopci\u00f3n de la banda ancha. Entre<br><br>&nbsp;<br>los socios locales se incluyen los condados y municipios, administradores escolares, compa\u00f1\u00edas de telecomunicaciones y empresas p\u00fablicas y privadas, cuya sostenibilidad, crecimiento y eficacia del servicio dependen de una comunicaci\u00f3n de alta velocidad confiable y asequible.<\/p><\/div><\/div>\n<\/div><\/div>","protected":false},"excerpt":{"rendered":"<p>Iniciativa de banda ancha Objetivos de la Iniciativa La banda ancha es una infraestructura esencial para las ciudades y comunidades. Contar con conectividad a Internet de alta velocidad tiene un impacto significativo en el crecimiento, la retenci\u00f3n y la atracci\u00f3n de empresas. Esta iniciativa trabaja para lograr dos resultados: Garantizar que todos los hogares de<br \/><a href=\"https:\/\/edcollaborative.com\/es\/broadband\/\" class=\"more\">Leer m\u00e1s<\/a><\/p>","protected":false},"author":12,"featured_media":9128,"parent":0,"menu_order":36,"comment_status":"closed","ping_status":"closed","template":"","meta":{"_acf_changed":false,"_uag_custom_page_level_css":"","footnotes":""},"class_list":["post-882","page","type-page","status-publish","has-post-thumbnail","hentry"],"translation":{"provider":"WPGlobus","version":"3.0.1","language":"es","enabled_languages":["en","es"],"languages":{"en":{"title":true,"content":true,"excerpt":false},"es":{"title":true,"content":true,"excerpt":false}}},"acf":[],"yoast_head":"<!-- This site is optimized with the Yoast SEO plugin v25.5 - https:\/\/yoast.com\/wordpress\/plugins\/seo\/ -->\n<title>Banda ancha - Economic Development Collaborative<\/title>\n<meta name=\"description\" content=\"La banda ancha es una infraestructura esencial para las ciudades y comunidades. Tener conectividad de alta velocidad impacta el crecimiento empresarial.\" \/>\n<meta name=\"robots\" content=\"index, follow, max-snippet:-1, max-image-preview:large, max-video-preview:-1\" \/>\n<link rel=\"canonical\" href=\"https:\/\/edcollaborative.com\/es\/broadband\/\" \/>\n<meta property=\"og:locale\" content=\"es_ES\" \/>\n<meta property=\"og:type\" content=\"article\" \/>\n<meta property=\"og:title\" content=\"Banda ancha - Economic Development Collaborative\" \/>\n<meta property=\"og:description\" content=\"La banda ancha es una infraestructura esencial para las ciudades y comunidades. Tener conectividad de alta velocidad impacta el crecimiento empresarial.\" \/>\n<meta property=\"og:url\" content=\"https:\/\/edcollaborative.com\/es\/broadband\/\" \/>\n<meta property=\"og:site_name\" content=\"Economic Development Collaborative\" \/>\n<meta property=\"article:publisher\" content=\"https:\/\/www.facebook.com\/EDCollaborative\" \/>\n<meta property=\"article:modified_time\" content=\"2025-11-10T11:11:02+00:00\" \/>\n<meta property=\"og:image\" content=\"https:\/\/edcollaborative.com\/wp-content\/uploads\/2022\/06\/edc-programs-banner.jpg\" \/>\n\t<meta property=\"og:image:width\" content=\"1200\" \/>\n\t<meta property=\"og:image:height\" content=\"430\" \/>\n\t<meta property=\"og:image:type\" content=\"image\/jpeg\" \/>\n<meta name=\"twitter:card\" content=\"summary_large_image\" \/>\n<meta name=\"twitter:site\" content=\"@EDCollaborative\" \/>\n<meta name=\"twitter:label1\" content=\"Tiempo de lectura\" \/>\n\t<meta name=\"twitter:data1\" content=\"4 minutos\" \/>\n<script type=\"application\/ld+json\" class=\"yoast-schema-graph\">{\"@context\":\"https:\/\/schema.org\",\"@graph\":[{\"@type\":\"WebPage\",\"@id\":\"https:\/\/edcollaborative.com\/broadband\/\",\"url\":\"https:\/\/edcollaborative.com\/broadband\/\",\"name\":\"Banda ancha - Economic Development Collaborative\",\"isPartOf\":{\"@id\":\"https:\/\/edcollaborative.com\/#website\"},\"primaryImageOfPage\":{\"@id\":\"https:\/\/edcollaborative.com\/broadband\/#primaryimage\"},\"image\":{\"@id\":\"https:\/\/edcollaborative.com\/broadband\/#primaryimage\"},\"thumbnailUrl\":\"https:\/\/edcollaborative.com\/wp-content\/uploads\/2022\/06\/edc-programs-banner.jpg\",\"datePublished\":\"2018-09-06T14:45:15+00:00\",\"dateModified\":\"2025-11-10T11:11:02+00:00\",\"description\":\"La banda ancha es una infraestructura esencial para las ciudades y comunidades. Tener conectividad de alta velocidad impacta el crecimiento empresarial.\",\"breadcrumb\":{\"@id\":\"https:\/\/edcollaborative.com\/broadband\/#breadcrumb\"},\"inLanguage\":\"es\",\"potentialAction\":[{\"@type\":\"ReadAction\",\"target\":[\"https:\/\/edcollaborative.com\/broadband\/\"]}]},{\"@type\":\"ImageObject\",\"inLanguage\":\"es\",\"@id\":\"https:\/\/edcollaborative.com\/broadband\/#primaryimage\",\"url\":\"https:\/\/edcollaborative.com\/wp-content\/uploads\/2022\/06\/edc-programs-banner.jpg\",\"contentUrl\":\"https:\/\/edcollaborative.com\/wp-content\/uploads\/2022\/06\/edc-programs-banner.jpg\",\"width\":1200,\"height\":430,\"caption\":\"EDC Program\"},{\"@type\":\"BreadcrumbList\",\"@id\":\"https:\/\/edcollaborative.com\/broadband\/#breadcrumb\",\"itemListElement\":[{\"@type\":\"ListItem\",\"position\":1,\"name\":\"Home\",\"item\":\"https:\/\/edcollaborative.com\/\"},{\"@type\":\"ListItem\",\"position\":2,\"name\":\"Broadband\"}]},{\"@type\":\"WebSite\",\"@id\":\"https:\/\/edcollaborative.com\/#website\",\"url\":\"https:\/\/edcollaborative.com\/\",\"name\":\"Economic Development Collaborative\",\"description\":\"Your SUPER-powered WP Engine Blog\",\"potentialAction\":[{\"@type\":\"SearchAction\",\"target\":{\"@type\":\"EntryPoint\",\"urlTemplate\":\"https:\/\/edcollaborative.com\/?s={search_term_string}\"},\"query-input\":{\"@type\":\"PropertyValueSpecification\",\"valueRequired\":true,\"valueName\":\"search_term_string\"}}],\"inLanguage\":\"es\"}]}<\/script>\n<!-- \/ Yoast SEO plugin. -->","yoast_head_json":{"title":"Banda ancha - Colaboraci\u00f3n para el Desarrollo Econ\u00f3mico","description":"La banda ancha es una infraestructura esencial para las ciudades y comunidades. Tener conectividad de alta velocidad impacta el crecimiento empresarial.","robots":{"index":"index","follow":"follow","max-snippet":"max-snippet:-1","max-image-preview":"max-image-preview:large","max-video-preview":"max-video-preview:-1"},"canonical":"https:\/\/edcollaborative.com\/es\/broadband\/","og_locale":"es_ES","og_type":"article","og_title":"Banda ancha - Economic Development Collaborative","og_description":"La banda ancha es una infraestructura esencial para las ciudades y comunidades. Tener conectividad de alta velocidad impacta el crecimiento empresarial.","og_url":"https:\/\/edcollaborative.com\/es\/broadband\/","og_site_name":"Economic Development Collaborative","article_publisher":"https:\/\/www.facebook.com\/EDCollaborative","article_modified_time":"2025-11-10T11:11:02+00:00","og_image":[{"width":1200,"height":430,"url":"https:\/\/edcollaborative.com\/wp-content\/uploads\/2022\/06\/edc-programs-banner.jpg","type":"image\/jpeg"}],"twitter_card":"summary_large_image","twitter_site":"@EDCollaborative","twitter_misc":{"Tiempo de lectura":"4 minutos"},"schema":{"@context":"https:\/\/schema.org","@graph":[{"@type":"WebPage","@id":"https:\/\/edcollaborative.com\/broadband\/","url":"https:\/\/edcollaborative.com\/broadband\/","name":"Banda ancha - Colaboraci\u00f3n para el Desarrollo Econ\u00f3mico","isPartOf":{"@id":"https:\/\/edcollaborative.com\/#website"},"primaryImageOfPage":{"@id":"https:\/\/edcollaborative.com\/broadband\/#primaryimage"},"image":{"@id":"https:\/\/edcollaborative.com\/broadband\/#primaryimage"},"thumbnailUrl":"https:\/\/edcollaborative.com\/wp-content\/uploads\/2022\/06\/edc-programs-banner.jpg","datePublished":"2018-09-06T14:45:15+00:00","dateModified":"2025-11-10T11:11:02+00:00","description":"La banda ancha es una infraestructura esencial para las ciudades y comunidades. Tener conectividad de alta velocidad impacta el crecimiento empresarial.","breadcrumb":{"@id":"https:\/\/edcollaborative.com\/broadband\/#breadcrumb"},"inLanguage":"es","potentialAction":[{"@type":"ReadAction","target":["https:\/\/edcollaborative.com\/broadband\/"]}]},{"@type":"ImageObject","inLanguage":"es","@id":"https:\/\/edcollaborative.com\/broadband\/#primaryimage","url":"https:\/\/edcollaborative.com\/wp-content\/uploads\/2022\/06\/edc-programs-banner.jpg","contentUrl":"https:\/\/edcollaborative.com\/wp-content\/uploads\/2022\/06\/edc-programs-banner.jpg","width":1200,"height":430,"caption":"EDC Program"},{"@type":"BreadcrumbList","@id":"https:\/\/edcollaborative.com\/broadband\/#breadcrumb","itemListElement":[{"@type":"ListItem","position":1,"name":"Home","item":"https:\/\/edcollaborative.com\/"},{"@type":"ListItem","position":2,"name":"Broadband"}]},{"@type":"WebSite","@id":"https:\/\/edcollaborative.com\/#website","url":"https:\/\/edcollaborative.com\/","name":"Colaboraci\u00f3n de desarrollo econ\u00f3mico","description":"Su blog de motor WP SUPERpoderoso","potentialAction":[{"@type":"SearchAction","target":{"@type":"EntryPoint","urlTemplate":"https:\/\/edcollaborative.com\/?s={search_term_string}"},"query-input":{"@type":"PropertyValueSpecification","valueRequired":true,"valueName":"search_term_string"}}],"inLanguage":"es"}]}},"uagb_featured_image_src":{"full":["https:\/\/edcollaborative.com\/wp-content\/uploads\/2022\/06\/edc-programs-banner.jpg",1200,430,false],"thumbnail":["https:\/\/edcollaborative.com\/wp-content\/uploads\/2022\/06\/edc-programs-banner-150x150.jpg",150,150,true],"medium":["https:\/\/edcollaborative.com\/wp-content\/uploads\/2022\/06\/edc-programs-banner-300x108.jpg",300,108,true],"medium_large":["https:\/\/edcollaborative.com\/wp-content\/uploads\/2022\/06\/edc-programs-banner-768x275.jpg",768,275,true],"large":["https:\/\/edcollaborative.com\/wp-content\/uploads\/2022\/06\/edc-programs-banner-1024x367.jpg",1024,367,true],"1536x1536":["https:\/\/edcollaborative.com\/wp-content\/uploads\/2022\/06\/edc-programs-banner.jpg",1200,430,false],"2048x2048":["https:\/\/edcollaborative.com\/wp-content\/uploads\/2022\/06\/edc-programs-banner.jpg",1200,430,false],"trp-custom-language-flag":["https:\/\/edcollaborative.com\/wp-content\/uploads\/2022\/06\/edc-programs-banner-18x6.jpg",18,6,true],"portfolio_tn":["https:\/\/edcollaborative.com\/wp-content\/uploads\/2022\/06\/edc-programs-banner-640x400.jpg",640,400,true],"portfolio_classic":["https:\/\/edcollaborative.com\/wp-content\/uploads\/2022\/06\/edc-programs-banner-800x380.jpg",800,380,true],"portfolio_squared":["https:\/\/edcollaborative.com\/wp-content\/uploads\/2022\/06\/edc-programs-banner-768x768.jpg",768,768,true],"portfolio_landscape":["https:\/\/edcollaborative.com\/wp-content\/uploads\/2022\/06\/edc-programs-banner-768x384.jpg",768,384,true],"portfolio_portrait":["https:\/\/edcollaborative.com\/wp-content\/uploads\/2022\/06\/edc-programs-banner-384x768.jpg",384,768,true],"staff_tn":["https:\/\/edcollaborative.com\/wp-content\/uploads\/2022\/06\/edc-programs-banner-570x570.jpg",570,570,true],"blog_tn":["https:\/\/edcollaborative.com\/wp-content\/uploads\/2022\/06\/edc-programs-banner-1200x565.jpg",1200,565,true],"blog_tn_alt":["https:\/\/edcollaborative.com\/wp-content\/uploads\/2022\/06\/edc-programs-banner-553x400.jpg",553,400,true],"gform-image-choice-sm":["https:\/\/edcollaborative.com\/wp-content\/uploads\/2022\/06\/edc-programs-banner-300x300.jpg",300,300,true],"gform-image-choice-md":["https:\/\/edcollaborative.com\/wp-content\/uploads\/2022\/06\/edc-programs-banner-400x400.jpg",400,400,true],"gform-image-choice-lg":["https:\/\/edcollaborative.com\/wp-content\/uploads\/2022\/06\/edc-programs-banner-600x600.jpg",600,600,true],"web-stories-poster-portrait":["https:\/\/edcollaborative.com\/wp-content\/uploads\/2022\/06\/edc-programs-banner-640x853.jpg",640,853,true],"web-stories-publisher-logo":["https:\/\/edcollaborative.com\/wp-content\/uploads\/2022\/06\/edc-programs-banner-96x96.jpg",96,96,true],"web-stories-thumbnail":["https:\/\/edcollaborative.com\/wp-content\/uploads\/2022\/06\/edc-programs-banner-150x54.jpg",150,54,true]},"uagb_author_info":{"display_name":"Alexandria Wright","author_link":"https:\/\/edcollaborative.com\/es\/blog\/author\/alex\/"},"uagb_comment_info":0,"uagb_excerpt":"Iniciativa de banda ancha Objetivos de la Iniciativa La banda ancha es una infraestructura esencial para las ciudades y comunidades. Contar con conectividad a internet de alta velocidad tiene un impacto significativo en el crecimiento, la retenci\u00f3n y la atracci\u00f3n de empresas. Esta iniciativa trabaja para lograr dos resultados: Garantizar que todos los hogares deRead&hellip;","_links":{"self":[{"href":"https:\/\/edcollaborative.com\/es\/wp-json\/wp\/v2\/pages\/882","targetHints":{"allow":["GET"]}}],"collection":[{"href":"https:\/\/edcollaborative.com\/es\/wp-json\/wp\/v2\/pages"}],"about":[{"href":"https:\/\/edcollaborative.com\/es\/wp-json\/wp\/v2\/types\/page"}],"author":[{"embeddable":true,"href":"https:\/\/edcollaborative.com\/es\/wp-json\/wp\/v2\/users\/12"}],"replies":[{"embeddable":true,"href":"https:\/\/edcollaborative.com\/es\/wp-json\/wp\/v2\/comments?post=882"}],"version-history":[{"count":0,"href":"https:\/\/edcollaborative.com\/es\/wp-json\/wp\/v2\/pages\/882\/revisions"}],"wp:featuredmedia":[{"embeddable":true,"href":"https:\/\/edcollaborative.com\/es\/wp-json\/wp\/v2\/media\/9128"}],"wp:attachment":[{"href":"https:\/\/edcollaborative.com\/es\/wp-json\/wp\/v2\/media?parent=882"}],"curies":[{"name":"gracias","href":"https:\/\/api.w.org\/{rel}","templated":true}]}}