
{"id":8746,"date":"2022-04-26T04:14:03","date_gmt":"2022-04-26T11:14:03","guid":{"rendered":"http:\/\/edcollaborative.com\/?page_id=8746"},"modified":"2025-10-01T03:28:50","modified_gmt":"2025-10-01T10:28:50","slug":"inclusive-innovation","status":"publish","type":"page","link":"https:\/\/edcollaborative.com\/es\/inclusive-innovation\/","title":{"rendered":"Ecosistema de innovaci\u00f3n inclusivo"},"content":{"rendered":"<div class=\"wp-block-uagb-container uagb-block-6aadd9c8 alignfull uagb-is-root-container\"><div class=\"uagb-container-inner-blocks-wrap\">\n<div class=\"wp-block-uagb-advanced-heading uagb-block-c3e5172b\"><h1 class=\"uagb-heading-text\">Ecosistema de innovaci\u00f3n inclusivo<\/h1><\/div>\n<\/div><\/div>\n\n\n\n<div class=\"wp-block-uagb-container uagb-block-ce42736b alignfull uagb-is-root-container\"><div class=\"uagb-container-inner-blocks-wrap\">\n<div class=\"wp-block-uagb-info-box uagb-block-9c67c80c uagb-infobox__content-wrap  uagb-infobox-icon-above-title uagb-infobox-image-valign-top\"><div class=\"uagb-ifb-content\"><div class=\"uagb-ifb-title-wrap\"><\/div><p class=\"uagb-ifb-desc\">La Colaboraci\u00f3n de Desarrollo Econ\u00f3mico se dedica a crear un ecosistema de innovaci\u00f3n inclusivo donde todos los fundadores y propietarios de empresas reciben asistencia personalizada de alta calidad. Si tiene una idea, acaba de iniciar su empresa o lleva a\u00f1os en el negocio, podemos guiarle hacia la ayuda que necesita.<\/p><\/div><\/div>\n\n\n\n<div class=\"wp-block-uagb-info-box uagb-block-f6c81ec4 uagb-infobox__content-wrap  uagb-infobox-icon-above-title uagb-infobox-image-valign-top\"><div class=\"uagb-ifb-content\"><div class=\"uagb-ifb-title-wrap\"><p class=\"uagb-ifb-title\"><strong>EDC ofrece acceso a:<\/strong><\/p><\/div><\/div><\/div>\n\n\n\n<div class=\"wp-block-uagb-icon-list uagb-block-ff7293f5\"><div class=\"uagb-icon-list__wrap\">\n<div class=\"wp-block-uagb-icon-list-child uagb-block-e3061dea\"><span class=\"uagb-icon-list__source-wrap\"><svg xmlns=\"https:\/\/www.w3.org\/2000\/svg\" viewbox=\"0 0 320 512\"><path d=\"M96 480c-8.188 0-16.38-3.125-22.62-9.375c-12.5-12.5-12.5-32.75 0-45.25L242.8 256L73.38 86.63c-12.5-12.5-12.5-32.75 0-45.25s32.75-12.5 45.25 0l192 192c12.5 12.5 12.5 32.75 0 45.25l-192 192C112.4 476.9 104.2 480 96 480z\"><\/path><\/svg><\/span><span class=\"uagb-icon-list__label\">GRATIS\u00a0<strong>asesoramiento empresarial<\/strong>\u00a0para ayudar a lanzar una nueva empresa, identificar mercados, gestionar actividades de alto crecimiento y recorrer el panorama de financiaci\u00f3n.<\/span><\/div>\n\n\n\n<div class=\"wp-block-uagb-icon-list-child uagb-block-d56c33c2\"><span class=\"uagb-icon-list__source-wrap\"><svg xmlns=\"https:\/\/www.w3.org\/2000\/svg\" viewbox=\"0 0 320 512\"><path d=\"M96 480c-8.188 0-16.38-3.125-22.62-9.375c-12.5-12.5-12.5-32.75 0-45.25L242.8 256L73.38 86.63c-12.5-12.5-12.5-32.75 0-45.25s32.75-12.5 45.25 0l192 192c12.5 12.5 12.5 32.75 0 45.25l-192 192C112.4 476.9 104.2 480 96 480z\"><\/path><\/svg><\/span><span class=\"uagb-icon-list__label\">Espec\u00edfico de la industria\u00a0<strong>Talleres de trabajo<\/strong>\u00a0sobre el desarrollo empresarial y de innovaci\u00f3n<\/span><\/div>\n\n\n\n<div class=\"wp-block-uagb-icon-list-child uagb-block-d958a74d\"><span class=\"uagb-icon-list__source-wrap\"><svg xmlns=\"https:\/\/www.w3.org\/2000\/svg\" viewbox=\"0 0 320 512\"><path d=\"M96 480c-8.188 0-16.38-3.125-22.62-9.375c-12.5-12.5-12.5-32.75 0-45.25L242.8 256L73.38 86.63c-12.5-12.5-12.5-32.75 0-45.25s32.75-12.5 45.25 0l192 192c12.5 12.5 12.5 32.75 0 45.25l-192 192C112.4 476.9 104.2 480 96 480z\"><\/path><\/svg><\/span><span class=\"uagb-icon-list__label\">Ingenier\u00eda, fabricaci\u00f3n, creaci\u00f3n de prototipos y\u00a0<strong>asistencia para pruebas<\/strong><\/span><\/div>\n\n\n\n<div class=\"wp-block-uagb-icon-list-child uagb-block-38f300cc\"><span class=\"uagb-icon-list__source-wrap\"><svg xmlns=\"https:\/\/www.w3.org\/2000\/svg\" viewbox=\"0 0 320 512\"><path d=\"M96 480c-8.188 0-16.38-3.125-22.62-9.375c-12.5-12.5-12.5-32.75 0-45.25L242.8 256L73.38 86.63c-12.5-12.5-12.5-32.75 0-45.25s32.75-12.5 45.25 0l192 192c12.5 12.5 12.5 32.75 0 45.25l-192 192C112.4 476.9 104.2 480 96 480z\"><\/path><\/svg><\/span><span class=\"uagb-icon-list__label\">Equidad\u00a0<strong>recursos de capital<\/strong>, desarrollo de presentaciones y eventos de proyecci\u00f3n de pr\u00e1ctica<\/span><\/div>\n\n\n\n<div class=\"wp-block-uagb-icon-list-child uagb-block-040db058\"><span class=\"uagb-icon-list__source-wrap\"><svg xmlns=\"https:\/\/www.w3.org\/2000\/svg\" viewbox=\"0 0 320 512\"><path d=\"M96 480c-8.188 0-16.38-3.125-22.62-9.375c-12.5-12.5-12.5-32.75 0-45.25L242.8 256L73.38 86.63c-12.5-12.5-12.5-32.75 0-45.25s32.75-12.5 45.25 0l192 192c12.5 12.5 12.5 32.75 0 45.25l-192 192C112.4 476.9 104.2 480 96 480z\"><\/path><\/svg><\/span><span class=\"uagb-icon-list__label\">El acceso a los\u00a0<strong>Oportunidades de financiaci\u00f3n y asistencia para la redacci\u00f3n de subvenciones.<\/strong>\u00a0para subvenciones de investigaci\u00f3n de innovaci\u00f3n para peque\u00f1as empresas (SBIR) y transferencia de tecnolog\u00eda para peque\u00f1as empresas (STTR)<\/span><\/div>\n\n\n\n<div class=\"wp-block-uagb-icon-list-child uagb-block-964f88c7\"><span class=\"uagb-icon-list__source-wrap\"><svg xmlns=\"https:\/\/www.w3.org\/2000\/svg\" viewbox=\"0 0 320 512\"><path d=\"M96 480c-8.188 0-16.38-3.125-22.62-9.375c-12.5-12.5-12.5-32.75 0-45.25L242.8 256L73.38 86.63c-12.5-12.5-12.5-32.75 0-45.25s32.75-12.5 45.25 0l192 192c12.5 12.5 12.5 32.75 0 45.25l-192 192C112.4 476.9 104.2 480 96 480z\"><\/path><\/svg><\/span><span class=\"uagb-icon-list__label\">Conexiones con la amplia red de socios de EDC en toda la Costa Central<\/span><\/div>\n<\/div><\/div>\n\n\n\n<div class=\"wp-block-uagb-info-box uagb-block-1f4f8fad uagb-infobox__content-wrap  uagb-infobox-icon-above-title uagb-infobox-image-valign-top\"><div class=\"uagb-ifb-content\"><div class=\"uagb-ifb-title-wrap\"><p class=\"uagb-ifb-title\"><strong><strong>Hay asistencia disponible:<\/strong><\/strong><\/p><\/div><\/div><\/div>\n\n\n\n<div class=\"wp-block-uagb-icon-list uagb-block-5d56ecd3\"><div class=\"uagb-icon-list__wrap\">\n<div class=\"wp-block-uagb-icon-list-child uagb-block-99b02aee\"><span class=\"uagb-icon-list__source-wrap\"><svg xmlns=\"https:\/\/www.w3.org\/2000\/svg\" viewbox=\"0 0 320 512\"><path d=\"M96 480c-8.188 0-16.38-3.125-22.62-9.375c-12.5-12.5-12.5-32.75 0-45.25L242.8 256L73.38 86.63c-12.5-12.5-12.5-32.75 0-45.25s32.75-12.5 45.25 0l192 192c12.5 12.5 12.5 32.75 0 45.25l-192 192C112.4 476.9 104.2 480 96 480z\"><\/path><\/svg><\/span><span class=\"uagb-icon-list__label\">Para empresas emergentes, empresas en etapa inicial y empresas basadas en la innovaci\u00f3n<\/span><\/div>\n\n\n\n<div class=\"wp-block-uagb-icon-list-child uagb-block-74a04f0b\"><span class=\"uagb-icon-list__source-wrap\"><svg xmlns=\"https:\/\/www.w3.org\/2000\/svg\" viewbox=\"0 0 320 512\"><path d=\"M96 480c-8.188 0-16.38-3.125-22.62-9.375c-12.5-12.5-12.5-32.75 0-45.25L242.8 256L73.38 86.63c-12.5-12.5-12.5-32.75 0-45.25s32.75-12.5 45.25 0l192 192c12.5 12.5 12.5 32.75 0 45.25l-192 192C112.4 476.9 104.2 480 96 480z\"><\/path><\/svg><\/span><span class=\"uagb-icon-list__label\">En los condados de Ventura, Santa B\u00e1rbara, Los \u00c1ngeles y San Luis Obispo<\/span><\/div>\n\n\n\n<div class=\"wp-block-uagb-icon-list-child uagb-block-96fbc0e8\"><span class=\"uagb-icon-list__source-wrap\"><svg xmlns=\"https:\/\/www.w3.org\/2000\/svg\" viewbox=\"0 0 320 512\"><path d=\"M96 480c-8.188 0-16.38-3.125-22.62-9.375c-12.5-12.5-12.5-32.75 0-45.25L242.8 256L73.38 86.63c-12.5-12.5-12.5-32.75 0-45.25s32.75-12.5 45.25 0l192 192c12.5 12.5 12.5 32.75 0 45.25l-192 192C112.4 476.9 104.2 480 96 480z\"><\/path><\/svg><\/span><span class=\"uagb-icon-list__label\">AMBOS en ingl\u00e9s y espa\u00f1ol<\/span><\/div>\n<\/div><\/div>\n\n\n\n<div class=\"wp-block-uagb-info-box uagb-block-a68f1ca2 uagb-infobox__content-wrap  uagb-infobox-icon-above-title uagb-infobox-image-valign-top\"><div class=\"uagb-ifb-content\"><div class=\"uagb-ifb-title-wrap\"><h3 class=\"uagb-ifb-title\"><strong>CON\u00c9CTESE CON EL ECOSISTEMA DE INNOVACI\u00d3N INCLUSIVA DE EDC<\/strong><\/h3><\/div><p class=\"uagb-ifb-desc\">Correo electr\u00f3nico\u00a0<a href=\"mailto:info@edcollaborative.com\">info@edcollaborative.com<\/a>\u00a0\u00a1Para empezar!<\/p><div class=\"uagb-ifb-separator\"><\/div><\/div><\/div>\n\n\n\n<div class=\"wp-block-uagb-container uagb-block-d597ade5\">\n<div class=\"wp-block-uagb-container uagb-block-c77eec47\">\n<div class=\"wp-block-uagb-image uagb-block-c5e89c49 wp-block-uagb-image--layout-default wp-block-uagb-image--effect-static wp-block-uagb-image--align-none\"><figure class=\"wp-block-uagb-image__figure\"><img decoding=\"async\" srcset=\"https:\/\/edcollaborative.com\/wp-content\/uploads\/2022\/04\/fathomwerx_logo.jpg ,https:\/\/edcollaborative.com\/wp-content\/uploads\/2022\/04\/fathomwerx_logo.jpg 780w, https:\/\/edcollaborative.com\/wp-content\/uploads\/2022\/04\/fathomwerx_logo.jpg 360w\" sizes=\"auto, (max-width: 480px) 150px\" src=\"https:\/\/edcollaborative.com\/wp-content\/uploads\/2022\/04\/fathomwerx_logo.jpg\" alt=\"\" class=\"uag-image-8760\" width=\"350\" height=\"150\" title=\"logotipo_fathomwerx\" loading=\"lazy\" role=\"img\"\/><\/figure><\/div>\n<\/div>\n\n\n\n<div class=\"wp-block-uagb-container uagb-block-9e0fb1fe\">\n<div class=\"wp-block-uagb-image uagb-block-67692626 wp-block-uagb-image--layout-default wp-block-uagb-image--effect-static wp-block-uagb-image--align-none\"><figure class=\"wp-block-uagb-image__figure\"><img decoding=\"async\" srcset=\"https:\/\/edcollaborative.com\/wp-content\/uploads\/2022\/04\/POH_logo_OHD-12.png ,https:\/\/edcollaborative.com\/wp-content\/uploads\/2022\/04\/POH_logo_OHD-12.png 780w, https:\/\/edcollaborative.com\/wp-content\/uploads\/2022\/04\/POH_logo_OHD-12.png 360w\" sizes=\"auto, (max-width: 480px) 150px\" src=\"https:\/\/edcollaborative.com\/wp-content\/uploads\/2022\/04\/POH_logo_OHD-12.png\" alt=\"\" class=\"uag-image-8764\" width=\"350\" height=\"150\" title=\"POH_logo_OHD-12\" loading=\"lazy\" role=\"img\"\/><\/figure><\/div>\n<\/div>\n\n\n\n<div class=\"wp-block-uagb-container uagb-block-0df9d231\">\n<div class=\"wp-block-uagb-image uagb-block-5fb00fa5 wp-block-uagb-image--layout-default wp-block-uagb-image--effect-static wp-block-uagb-image--align-none\"><figure class=\"wp-block-uagb-image__figure\"><img decoding=\"async\" srcset=\"https:\/\/edcollaborative.com\/wp-content\/uploads\/2022\/04\/matter-labs.png ,https:\/\/edcollaborative.com\/wp-content\/uploads\/2022\/04\/matter-labs.png 780w, https:\/\/edcollaborative.com\/wp-content\/uploads\/2022\/04\/matter-labs.png 360w\" sizes=\"auto, (max-width: 480px) 150px\" src=\"https:\/\/edcollaborative.com\/wp-content\/uploads\/2022\/04\/matter-labs.png\" alt=\"\" class=\"uag-image-8761\" width=\"350\" height=\"150\" title=\"laboratorios de materia\" loading=\"lazy\" role=\"img\"\/><\/figure><\/div>\n<\/div>\n\n\n\n<div class=\"wp-block-uagb-container uagb-block-efd5e9b4\">\n<div class=\"wp-block-uagb-image uagb-block-a2ff9850 wp-block-uagb-image--layout-default wp-block-uagb-image--effect-static wp-block-uagb-image--align-none\"><figure class=\"wp-block-uagb-image__figure\"><img decoding=\"async\" srcset=\"https:\/\/edcollaborative.com\/wp-content\/uploads\/2022\/04\/navsea.png ,https:\/\/edcollaborative.com\/wp-content\/uploads\/2022\/04\/navsea.png 780w, https:\/\/edcollaborative.com\/wp-content\/uploads\/2022\/04\/navsea.png 360w\" sizes=\"auto, (max-width: 480px) 150px\" src=\"https:\/\/edcollaborative.com\/wp-content\/uploads\/2022\/04\/navsea.png\" alt=\"\" class=\"uag-image-8762\" width=\"350\" height=\"150\" title=\"navsea\" loading=\"lazy\" role=\"img\"\/><\/figure><\/div>\n<\/div>\n<\/div>\n\n\n\n<div class=\"wp-block-uagb-container uagb-block-961651ce\">\n<div class=\"wp-block-uagb-container uagb-block-1d570450\"><\/div>\n\n\n\n<div class=\"wp-block-uagb-container uagb-block-77cde02a\">\n<div class=\"wp-block-uagb-image uagb-block-004eb3b1 wp-block-uagb-image--layout-default wp-block-uagb-image--effect-static wp-block-uagb-image--align-none\"><figure class=\"wp-block-uagb-image__figure\"><img decoding=\"async\" srcset=\"https:\/\/edcollaborative.com\/wp-content\/uploads\/2024\/11\/EDC-Accelerate-CA-Inclusive-Innovation-Hub-24.25.png ,https:\/\/edcollaborative.com\/wp-content\/uploads\/2024\/11\/EDC-Accelerate-CA-Inclusive-Innovation-Hub-24.25.png 780w, https:\/\/edcollaborative.com\/wp-content\/uploads\/2024\/11\/EDC-Accelerate-CA-Inclusive-Innovation-Hub-24.25.png 360w\" sizes=\"auto, (max-width: 480px) 150px\" src=\"https:\/\/edcollaborative.com\/wp-content\/uploads\/2024\/11\/EDC-Accelerate-CA-Inclusive-Innovation-Hub-24.25.png\" alt=\"\" class=\"uag-image-13621\" width=\"2000\" height=\"432\" title=\"Centro de innovaci\u00f3n inclusiva EDC Accelerate CA 24.25\" loading=\"lazy\" role=\"img\"\/><\/figure><\/div>\n<\/div>\n\n\n\n<div class=\"wp-block-uagb-container uagb-block-abd9adc2\"><\/div>\n<\/div>\n\n\n\n<div class=\"wp-block-uagb-info-box uagb-block-089194fa uagb-infobox__content-wrap  uagb-infobox-icon-above-title uagb-infobox-image-valign-top\"><div class=\"uagb-ifb-content\"><div class=\"uagb-ifb-title-wrap\"><\/div><p class=\"uagb-ifb-desc\">EDC se enorgullece de ser Accelerate California: Inclusive Innovation Hub. Financiado en parte a trav\u00e9s de una subvenci\u00f3n de la Oficina del Defensor de las Peque\u00f1as Empresas de California.<\/p><\/div><\/div>\n<\/div><\/div>","protected":false},"excerpt":{"rendered":"<p>Ecosistema de Innovaci\u00f3n Inclusiva. El Colaborativo para el Desarrollo Econ\u00f3mico se dedica a crear un ecosistema de innovaci\u00f3n inclusivo donde todos los fundadores y due\u00f1os de negocios reciban asistencia personalizada de alta calidad. Ya sea que tenga una idea, acabe de fundar su empresa o lleve a\u00f1os en el negocio, podemos guiarlo hacia la ayuda que necesita. EDC ofrece acceso a:<br \/><a href=\"https:\/\/edcollaborative.com\/es\/inclusive-innovation\/\" class=\"more\">Leer m\u00e1s<\/a><\/p>","protected":false},"author":180,"featured_media":9128,"parent":0,"menu_order":0,"comment_status":"closed","ping_status":"closed","template":"","meta":{"_acf_changed":false,"_uag_custom_page_level_css":"","footnotes":""},"class_list":["post-8746","page","type-page","status-publish","has-post-thumbnail","hentry"],"translation":{"provider":"WPGlobus","version":"3.0.1","language":"es","enabled_languages":["en","es"],"languages":{"en":{"title":true,"content":true,"excerpt":false},"es":{"title":false,"content":false,"excerpt":false}}},"acf":[],"yoast_head":"<!-- This site is optimized with the Yoast SEO plugin v25.5 - https:\/\/yoast.com\/wordpress\/plugins\/seo\/ -->\n<title>Inclusive Innovation Ecosystem - Economic Development Collaborative<\/title>\n<meta name=\"robots\" content=\"index, follow, max-snippet:-1, max-image-preview:large, max-video-preview:-1\" \/>\n<link rel=\"canonical\" href=\"https:\/\/edcollaborative.com\/es\/inclusive-innovation\/\" \/>\n<meta property=\"og:locale\" content=\"es_ES\" \/>\n<meta property=\"og:type\" content=\"article\" \/>\n<meta property=\"og:title\" content=\"Inclusive Innovation Ecosystem - Economic Development Collaborative\" \/>\n<meta property=\"og:url\" content=\"https:\/\/edcollaborative.com\/es\/inclusive-innovation\/\" \/>\n<meta property=\"og:site_name\" content=\"Economic Development Collaborative\" \/>\n<meta property=\"article:publisher\" content=\"https:\/\/www.facebook.com\/EDCollaborative\" \/>\n<meta property=\"article:modified_time\" content=\"2025-10-01T10:28:50+00:00\" \/>\n<meta property=\"og:image\" content=\"https:\/\/edcollaborative.com\/wp-content\/uploads\/2022\/06\/edc-programs-banner.jpg\" \/>\n\t<meta property=\"og:image:width\" content=\"1200\" \/>\n\t<meta property=\"og:image:height\" content=\"430\" \/>\n\t<meta property=\"og:image:type\" content=\"image\/jpeg\" \/>\n<meta name=\"twitter:card\" content=\"summary_large_image\" \/>\n<meta name=\"twitter:site\" content=\"@EDCollaborative\" \/>\n<meta name=\"twitter:label1\" content=\"Tiempo de lectura\" \/>\n\t<meta name=\"twitter:data1\" content=\"2 minutos\" \/>\n<script type=\"application\/ld+json\" class=\"yoast-schema-graph\">{\"@context\":\"https:\/\/schema.org\",\"@graph\":[{\"@type\":\"WebPage\",\"@id\":\"https:\/\/edcollaborative.com\/inclusive-innovation\/\",\"url\":\"https:\/\/edcollaborative.com\/inclusive-innovation\/\",\"name\":\"Inclusive Innovation Ecosystem - Economic Development Collaborative\",\"isPartOf\":{\"@id\":\"https:\/\/edcollaborative.com\/#website\"},\"primaryImageOfPage\":{\"@id\":\"https:\/\/edcollaborative.com\/inclusive-innovation\/#primaryimage\"},\"image\":{\"@id\":\"https:\/\/edcollaborative.com\/inclusive-innovation\/#primaryimage\"},\"thumbnailUrl\":\"https:\/\/edcollaborative.com\/wp-content\/uploads\/2022\/06\/edc-programs-banner.jpg\",\"datePublished\":\"2022-04-26T11:14:03+00:00\",\"dateModified\":\"2025-10-01T10:28:50+00:00\",\"description\":\"EDC\u2019s Inclusive Innovation program provides guidance, equity resources, prototyping help, and workshops to support diverse founders .\",\"breadcrumb\":{\"@id\":\"https:\/\/edcollaborative.com\/inclusive-innovation\/#breadcrumb\"},\"inLanguage\":\"es\",\"potentialAction\":[{\"@type\":\"ReadAction\",\"target\":[\"https:\/\/edcollaborative.com\/inclusive-innovation\/\"]}]},{\"@type\":\"ImageObject\",\"inLanguage\":\"es\",\"@id\":\"https:\/\/edcollaborative.com\/inclusive-innovation\/#primaryimage\",\"url\":\"https:\/\/edcollaborative.com\/wp-content\/uploads\/2022\/06\/edc-programs-banner.jpg\",\"contentUrl\":\"https:\/\/edcollaborative.com\/wp-content\/uploads\/2022\/06\/edc-programs-banner.jpg\",\"width\":1200,\"height\":430,\"caption\":\"EDC Program\"},{\"@type\":\"BreadcrumbList\",\"@id\":\"https:\/\/edcollaborative.com\/inclusive-innovation\/#breadcrumb\",\"itemListElement\":[{\"@type\":\"ListItem\",\"position\":1,\"name\":\"Home\",\"item\":\"https:\/\/edcollaborative.com\/\"},{\"@type\":\"ListItem\",\"position\":2,\"name\":\"Inclusive Innovation Ecosystem\"}]},{\"@type\":\"WebSite\",\"@id\":\"https:\/\/edcollaborative.com\/#website\",\"url\":\"https:\/\/edcollaborative.com\/\",\"name\":\"Economic Development Collaborative\",\"description\":\"Your SUPER-powered WP Engine Blog\",\"potentialAction\":[{\"@type\":\"SearchAction\",\"target\":{\"@type\":\"EntryPoint\",\"urlTemplate\":\"https:\/\/edcollaborative.com\/?s={search_term_string}\"},\"query-input\":{\"@type\":\"PropertyValueSpecification\",\"valueRequired\":true,\"valueName\":\"search_term_string\"}}],\"inLanguage\":\"es\"}]}<\/script>\n<!-- \/ Yoast SEO plugin. -->","yoast_head_json":{"title":"Ecosistema de Innovaci\u00f3n Inclusiva - Colaboraci\u00f3n para el Desarrollo Econ\u00f3mico","robots":{"index":"index","follow":"follow","max-snippet":"max-snippet:-1","max-image-preview":"max-image-preview:large","max-video-preview":"max-video-preview:-1"},"canonical":"https:\/\/edcollaborative.com\/es\/inclusive-innovation\/","og_locale":"es_ES","og_type":"article","og_title":"Inclusive Innovation Ecosystem - Economic Development Collaborative","og_url":"https:\/\/edcollaborative.com\/es\/inclusive-innovation\/","og_site_name":"Economic Development Collaborative","article_publisher":"https:\/\/www.facebook.com\/EDCollaborative","article_modified_time":"2025-10-01T10:28:50+00:00","og_image":[{"width":1200,"height":430,"url":"https:\/\/edcollaborative.com\/wp-content\/uploads\/2022\/06\/edc-programs-banner.jpg","type":"image\/jpeg"}],"twitter_card":"summary_large_image","twitter_site":"@EDCollaborative","twitter_misc":{"Tiempo de lectura":"2 minutos"},"schema":{"@context":"https:\/\/schema.org","@graph":[{"@type":"WebPage","@id":"https:\/\/edcollaborative.com\/inclusive-innovation\/","url":"https:\/\/edcollaborative.com\/inclusive-innovation\/","name":"Ecosistema de Innovaci\u00f3n Inclusiva - Colaboraci\u00f3n para el Desarrollo Econ\u00f3mico","isPartOf":{"@id":"https:\/\/edcollaborative.com\/#website"},"primaryImageOfPage":{"@id":"https:\/\/edcollaborative.com\/inclusive-innovation\/#primaryimage"},"image":{"@id":"https:\/\/edcollaborative.com\/inclusive-innovation\/#primaryimage"},"thumbnailUrl":"https:\/\/edcollaborative.com\/wp-content\/uploads\/2022\/06\/edc-programs-banner.jpg","datePublished":"2022-04-26T11:14:03+00:00","dateModified":"2025-10-01T10:28:50+00:00","description":"El programa de Innovaci\u00f3n Inclusiva de EDC ofrece orientaci\u00f3n, recursos de equidad, ayuda para la creaci\u00f3n de prototipos y talleres para apoyar a fundadores diversos.","breadcrumb":{"@id":"https:\/\/edcollaborative.com\/inclusive-innovation\/#breadcrumb"},"inLanguage":"es","potentialAction":[{"@type":"ReadAction","target":["https:\/\/edcollaborative.com\/inclusive-innovation\/"]}]},{"@type":"ImageObject","inLanguage":"es","@id":"https:\/\/edcollaborative.com\/inclusive-innovation\/#primaryimage","url":"https:\/\/edcollaborative.com\/wp-content\/uploads\/2022\/06\/edc-programs-banner.jpg","contentUrl":"https:\/\/edcollaborative.com\/wp-content\/uploads\/2022\/06\/edc-programs-banner.jpg","width":1200,"height":430,"caption":"EDC Program"},{"@type":"BreadcrumbList","@id":"https:\/\/edcollaborative.com\/inclusive-innovation\/#breadcrumb","itemListElement":[{"@type":"ListItem","position":1,"name":"Home","item":"https:\/\/edcollaborative.com\/"},{"@type":"ListItem","position":2,"name":"Inclusive Innovation Ecosystem"}]},{"@type":"WebSite","@id":"https:\/\/edcollaborative.com\/#website","url":"https:\/\/edcollaborative.com\/","name":"Colaboraci\u00f3n de desarrollo econ\u00f3mico","description":"Su blog de motor WP SUPERpoderoso","potentialAction":[{"@type":"SearchAction","target":{"@type":"EntryPoint","urlTemplate":"https:\/\/edcollaborative.com\/?s={search_term_string}"},"query-input":{"@type":"PropertyValueSpecification","valueRequired":true,"valueName":"search_term_string"}}],"inLanguage":"es"}]}},"uagb_featured_image_src":{"full":["https:\/\/edcollaborative.com\/wp-content\/uploads\/2022\/06\/edc-programs-banner.jpg",1200,430,false],"thumbnail":["https:\/\/edcollaborative.com\/wp-content\/uploads\/2022\/06\/edc-programs-banner-150x150.jpg",150,150,true],"medium":["https:\/\/edcollaborative.com\/wp-content\/uploads\/2022\/06\/edc-programs-banner-300x108.jpg",300,108,true],"medium_large":["https:\/\/edcollaborative.com\/wp-content\/uploads\/2022\/06\/edc-programs-banner-768x275.jpg",768,275,true],"large":["https:\/\/edcollaborative.com\/wp-content\/uploads\/2022\/06\/edc-programs-banner-1024x367.jpg",1024,367,true],"1536x1536":["https:\/\/edcollaborative.com\/wp-content\/uploads\/2022\/06\/edc-programs-banner.jpg",1200,430,false],"2048x2048":["https:\/\/edcollaborative.com\/wp-content\/uploads\/2022\/06\/edc-programs-banner.jpg",1200,430,false],"trp-custom-language-flag":["https:\/\/edcollaborative.com\/wp-content\/uploads\/2022\/06\/edc-programs-banner-18x6.jpg",18,6,true],"portfolio_tn":["https:\/\/edcollaborative.com\/wp-content\/uploads\/2022\/06\/edc-programs-banner-640x400.jpg",640,400,true],"portfolio_classic":["https:\/\/edcollaborative.com\/wp-content\/uploads\/2022\/06\/edc-programs-banner-800x380.jpg",800,380,true],"portfolio_squared":["https:\/\/edcollaborative.com\/wp-content\/uploads\/2022\/06\/edc-programs-banner-768x768.jpg",768,768,true],"portfolio_landscape":["https:\/\/edcollaborative.com\/wp-content\/uploads\/2022\/06\/edc-programs-banner-768x384.jpg",768,384,true],"portfolio_portrait":["https:\/\/edcollaborative.com\/wp-content\/uploads\/2022\/06\/edc-programs-banner-384x768.jpg",384,768,true],"staff_tn":["https:\/\/edcollaborative.com\/wp-content\/uploads\/2022\/06\/edc-programs-banner-570x570.jpg",570,570,true],"blog_tn":["https:\/\/edcollaborative.com\/wp-content\/uploads\/2022\/06\/edc-programs-banner-1200x565.jpg",1200,565,true],"blog_tn_alt":["https:\/\/edcollaborative.com\/wp-content\/uploads\/2022\/06\/edc-programs-banner-553x400.jpg",553,400,true],"gform-image-choice-sm":["https:\/\/edcollaborative.com\/wp-content\/uploads\/2022\/06\/edc-programs-banner-300x300.jpg",300,300,true],"gform-image-choice-md":["https:\/\/edcollaborative.com\/wp-content\/uploads\/2022\/06\/edc-programs-banner-400x400.jpg",400,400,true],"gform-image-choice-lg":["https:\/\/edcollaborative.com\/wp-content\/uploads\/2022\/06\/edc-programs-banner-600x600.jpg",600,600,true],"web-stories-poster-portrait":["https:\/\/edcollaborative.com\/wp-content\/uploads\/2022\/06\/edc-programs-banner-640x853.jpg",640,853,true],"web-stories-publisher-logo":["https:\/\/edcollaborative.com\/wp-content\/uploads\/2022\/06\/edc-programs-banner-96x96.jpg",96,96,true],"web-stories-thumbnail":["https:\/\/edcollaborative.com\/wp-content\/uploads\/2022\/06\/edc-programs-banner-150x54.jpg",150,54,true]},"uagb_author_info":{"display_name":"Tamera Fall","author_link":"https:\/\/edcollaborative.com\/es\/blog\/author\/tfall\/"},"uagb_comment_info":0,"uagb_excerpt":"Inclusive Innovation Ecosystem The Economic Development Collaborative is dedicated to creating an inclusive innovation ecosystem where all founders and business owners receive high-quality personalized assistance. Whether you have an idea, have just started your company or have been in business for years, we can guide you to the help you need. EDC offers access to:Read&hellip;","_links":{"self":[{"href":"https:\/\/edcollaborative.com\/es\/wp-json\/wp\/v2\/pages\/8746","targetHints":{"allow":["GET"]}}],"collection":[{"href":"https:\/\/edcollaborative.com\/es\/wp-json\/wp\/v2\/pages"}],"about":[{"href":"https:\/\/edcollaborative.com\/es\/wp-json\/wp\/v2\/types\/page"}],"author":[{"embeddable":true,"href":"https:\/\/edcollaborative.com\/es\/wp-json\/wp\/v2\/users\/180"}],"replies":[{"embeddable":true,"href":"https:\/\/edcollaborative.com\/es\/wp-json\/wp\/v2\/comments?post=8746"}],"version-history":[{"count":0,"href":"https:\/\/edcollaborative.com\/es\/wp-json\/wp\/v2\/pages\/8746\/revisions"}],"wp:featuredmedia":[{"embeddable":true,"href":"https:\/\/edcollaborative.com\/es\/wp-json\/wp\/v2\/media\/9128"}],"wp:attachment":[{"href":"https:\/\/edcollaborative.com\/es\/wp-json\/wp\/v2\/media?parent=8746"}],"curies":[{"name":"gracias","href":"https:\/\/api.w.org\/{rel}","templated":true}]}}