
{"id":6925,"date":"2021-01-05T05:28:06","date_gmt":"2021-01-05T13:28:06","guid":{"rendered":"http:\/\/edcollaborative.com\/?page_id=6925"},"modified":"2025-12-26T07:19:13","modified_gmt":"2025-12-26T15:19:13","slug":"upcoming-events","status":"publish","type":"page","link":"https:\/\/edcollaborative.com\/es\/upcoming-events\/","title":{"rendered":"Pr\u00f3ximos eventos"},"content":{"rendered":"<div class=\"wp-block-uagb-container uagb-block-eae4c2c8 alignfull uagb-is-root-container\"><div class=\"uagb-container-inner-blocks-wrap\">\n<div class=\"wp-block-uagb-advanced-heading uagb-block-c7c1f50b\"><h2 class=\"uagb-heading-text\"><strong><mark style=\"background-color:rgba(0, 0, 0, 0);color:#002e42\" class=\"has-inline-color\">CALENDARIO DE EVENTOS DE EDC Y SOCIOS<\/mark><\/strong><\/h2><\/div>\n<\/div><\/div>\n\n\n\n<div class=\"wp-block-uagb-container uagb-block-982751ae alignfull uagb-is-root-container\"><div class=\"uagb-container-inner-blocks-wrap\">\n<div class=\"wp-block-uagb-marketing-button uagb-marketing-btn__align-center uagb-marketing-btn__align-text-center uagb-marketing-btn__icon-after uagb-block-c6709a3f wp-block-button calendar-toggle\" id=\"calendar-toggle-button\"><a href=\"#\" class=\"uagb-marketing-btn__link wp-block-button__link\" target=\"\" rel=\"noopener noreferrer\"><span class=\"uagb-marketing-btn__title\">Haz clic aqu\u00ed para ver el calendario.<\/span><\/a><\/div>\n\n\n\n<div id=\"calendar-container\" class=\"wp-block-uagb-container calender uagb-block-c57e9014\">\n<div class=\"wp-block-uagb-container uagb-block-c5f43b58\">\n\n<\/div>\n\n\n\n<div class=\"wp-block-uagb-container calendar-data uagb-block-ace2c0a1\">\n<div class=\"wp-block-uagb-info-box uagb-block-9f5c2ea7 uagb-infobox__content-wrap  uagb-infobox-icon-left-title uagb-infobox-left uagb-infobox-image-valign-top\"><div class=\"uagb-ifb-content\"><div class=\"uagb-ifb-left-title-image\"><div class=\"uagb-ifb-icon-wrap\"><svg xmlns=\"https:\/\/www.w3.org\/2000\/svg\" viewbox=\"0 0 512 512\"><path d=\"M0 0H512V512H0V0z\"><\/path><\/svg><\/div><div class=\"uagb-ifb-title-wrap\"><h2 class=\"uagb-ifb-title\">EDC<\/h2><\/div><\/div><\/div><\/div>\n\n\n\n<div class=\"wp-block-uagb-info-box uagb-block-0d284421 uagb-infobox__content-wrap  uagb-infobox-icon-left-title uagb-infobox-left uagb-infobox-image-valign-top\"><div class=\"uagb-ifb-content\"><div class=\"uagb-ifb-left-title-image\"><div class=\"uagb-ifb-icon-wrap\"><svg xmlns=\"https:\/\/www.w3.org\/2000\/svg\" viewbox=\"0 0 512 512\"><path d=\"M0 0H512V512H0V0z\"><\/path><\/svg><\/div><div class=\"uagb-ifb-title-wrap\"><h3 class=\"uagb-ifb-title\">PUNTAJE<\/h3><\/div><\/div><\/div><\/div>\n\n\n\n<div class=\"wp-block-uagb-info-box uagb-block-7e28682c uagb-infobox__content-wrap  uagb-infobox-icon-left-title uagb-infobox-left uagb-infobox-image-valign-top\"><div class=\"uagb-ifb-content\"><div class=\"uagb-ifb-left-title-image\"><div class=\"uagb-ifb-icon-wrap\"><svg xmlns=\"https:\/\/www.w3.org\/2000\/svg\" viewbox=\"0 0 512 512\"><path d=\"M0 0H512V512H0V0z\"><\/path><\/svg><\/div><div class=\"uagb-ifb-title-wrap\"><h3 class=\"uagb-ifb-title\">WEV<\/h3><\/div><\/div><\/div><\/div>\n\n\n\n<div class=\"wp-block-uagb-info-box uagb-block-11292f88 uagb-infobox__content-wrap  uagb-infobox-icon-left-title uagb-infobox-left uagb-infobox-image-valign-top\"><div class=\"uagb-ifb-content\"><div class=\"uagb-ifb-left-title-image\"><div class=\"uagb-ifb-icon-wrap\"><svg xmlns=\"https:\/\/www.w3.org\/2000\/svg\" viewbox=\"0 0 512 512\"><path d=\"M0 0H512V512H0V0z\"><\/path><\/svg><\/div><div class=\"uagb-ifb-title-wrap\"><h3 class=\"uagb-ifb-title\">SBA<\/h3><\/div><\/div><\/div><\/div>\n\n\n\n<div class=\"wp-block-uagb-info-box uagb-block-d3b5253c uagb-infobox__content-wrap  uagb-infobox-icon-left-title uagb-infobox-left uagb-infobox-image-valign-top\"><div class=\"uagb-ifb-content\"><div class=\"uagb-ifb-left-title-image\"><div class=\"uagb-ifb-icon-wrap\"><svg xmlns=\"https:\/\/www.w3.org\/2000\/svg\" viewbox=\"0 0 512 512\"><path d=\"M0 0H512V512H0V0z\"><\/path><\/svg><\/div><div class=\"uagb-ifb-title-wrap\"><h3 class=\"uagb-ifb-title\">CMTC<\/h3><\/div><\/div><\/div><\/div>\n\n\n\n<div class=\"wp-block-uagb-info-box uagb-block-3633f35e uagb-infobox__content-wrap  uagb-infobox-icon-left-title uagb-infobox-left uagb-infobox-image-valign-top\"><div class=\"uagb-ifb-content\"><div class=\"uagb-ifb-left-title-image\"><div class=\"uagb-ifb-icon-wrap\"><svg xmlns=\"https:\/\/www.w3.org\/2000\/svg\" viewbox=\"0 0 512 512\"><path d=\"M0 0H512V512H0V0z\"><\/path><\/svg><\/div><div class=\"uagb-ifb-title-wrap\"><h3 class=\"uagb-ifb-title\">OTRO<\/h3><\/div><\/div><\/div><\/div>\n<\/div>\n<\/div>\n\n\n\n<script>\ndocument.addEventListener('DOMContentLoaded', function () {\n    const toggleButton = document.querySelector('.calendar-toggle');\n    const calendarContent = document.querySelector('.calender');\n\n    toggleButton.addEventListener('click', function () {\n        if (calendarContent.style.display === 'none' || calendarContent.style.display === '') {\n            calendarContent.style.display = 'block';\n           \n        } else {\n            calendarContent.style.display = 'none';\n           \n        }\n    });\n});\n<\/script>\n\n\n\n<style>\n\n.calender{\n  display: none;\n}\n.calendar-data{\njustify-self: center;\n}\n<\/style>\n<\/div><\/div>\n\n\n\n<div class=\"wp-block-uagb-container uagb-block-e6221701 alignfull uagb-is-root-container\"><div class=\"uagb-container-inner-blocks-wrap\"><div class=\"ueventslist\"><\/div>\n<\/div><\/div>\n\n\n\n<div class=\"wp-block-uagb-container uag-hide-desktop uag-hide-tab uag-hide-mob uagb-block-dada6cf3 alignfull uagb-is-root-container\"><div class=\"uagb-container-inner-blocks-wrap\">\n<div class=\"wp-block-uagb-container uagb-block-b278dc27\">\n<div class=\"wp-block-uagb-info-box uagb-block-8f2b35ff uagb-infobox__content-wrap  uagb-infobox-icon-above-title uagb-infobox-image-valign-top\"><div class=\"uagb-ifb-content\"><div class=\"uagb-ifb-title-wrap\"><h3 class=\"uagb-ifb-title\">Estrategias de reducci\u00f3n de impuestos para propietarios de corporaciones y sociedades de responsabilidad limitada<\/h3><\/div><p class=\"uagb-ifb-desc\">\u00bfSiente que sus impuestos son demasiado altos? \u00bfLos impuestos ser\u00e1n m\u00e1s altos en el futuro? \u00danase a SCORE para hablar sobre c\u00f3mo conservar una mayor parte del dinero que tanto le cost\u00f3 ganar en su bolsillo y, al mismo tiempo, brindar m\u00e1s beneficios para usted, su familia y sus empleados. SCORE cubrir\u00e1 varias estrategias para que los due\u00f1os de negocios reduzcan los impuestos ahora y en el futuro, mejores opciones para el Mandato de Ahorro para la Jubilaci\u00f3n de Cal-Savers y c\u00f3mo prepararse para los futuros aumentos propuestos de los impuestos sobre la n\u00f3mina de California con el Proyecto de Ley 567 de la Asamblea de California. Tenga en cuenta: este seminario web no se grabar\u00e1. Se requiere asistencia. Un seminario web de SCORE.<\/p><\/div><\/div>\n<\/div>\n\n\n\n<div class=\"wp-block-uagb-container uagb-block-b11b77ce\">\n<div class=\"wp-block-uagb-container uagb-block-41fbdf29\">\n<div class=\"wp-block-uagb-info-box uagb-block-1b32567f uagb-infobox__content-wrap  uagb-infobox-icon-left-title uagb-infobox-left uagb-infobox-image-valign-middle wp-block-uagb-info-box--has-margin\"><div class=\"uagb-infobox-margin-wrapper\"><div class=\"uagb-ifb-content\"><div class=\"uagb-ifb-left-title-image\"><div class=\"uagb-ifb-icon-wrap\"><svg xmlns=\"https:\/\/www.w3.org\/2000\/svg\" viewbox=\"0 0 448 512\"><path d=\"M160 32V64H288V32C288 14.33 302.3 0 320 0C337.7 0 352 14.33 352 32V64H400C426.5 64 448 85.49 448 112V160H0V112C0 85.49 21.49 64 48 64H96V32C96 14.33 110.3 0 128 0C145.7 0 160 14.33 160 32zM0 192H448V464C448 490.5 426.5 512 400 512H48C21.49 512 0 490.5 0 464V192zM64 304C64 312.8 71.16 320 80 320H112C120.8 320 128 312.8 128 304V272C128 263.2 120.8 256 112 256H80C71.16 256 64 263.2 64 272V304zM192 304C192 312.8 199.2 320 208 320H240C248.8 320 256 312.8 256 304V272C256 263.2 248.8 256 240 256H208C199.2 256 192 263.2 192 272V304zM336 256C327.2 256 320 263.2 320 272V304C320 312.8 327.2 320 336 320H368C376.8 320 384 312.8 384 304V272C384 263.2 376.8 256 368 256H336zM64 432C64 440.8 71.16 448 80 448H112C120.8 448 128 440.8 128 432V400C128 391.2 120.8 384 112 384H80C71.16 384 64 391.2 64 400V432zM208 384C199.2 384 192 391.2 192 400V432C192 440.8 199.2 448 208 448H240C248.8 448 256 440.8 256 432V400C256 391.2 248.8 384 240 384H208zM320 432C320 440.8 327.2 448 336 448H368C376.8 448 384 440.8 384 432V400C384 391.2 376.8 384 368 384H336C327.2 384 320 391.2 320 400V432z\"><\/path><\/svg><\/div><div class=\"uagb-ifb-title-wrap\"><p class=\"uagb-ifb-title\">11 de febrero de 2025<\/p><\/div><\/div><\/div><\/div><\/div>\n\n\n\n<div class=\"wp-block-uagb-info-box uagb-block-7e914148 uagb-infobox__content-wrap  uagb-infobox-icon-left-title uagb-infobox-left uagb-infobox-image-valign-middle wp-block-uagb-info-box--has-margin\"><div class=\"uagb-infobox-margin-wrapper\"><div class=\"uagb-ifb-content\"><div class=\"uagb-ifb-left-title-image\"><div class=\"uagb-ifb-icon-wrap\"><svg xmlns=\"https:\/\/www.w3.org\/2000\/svg\" viewbox=\"0 0 512 512\"><path d=\"M256 512C114.6 512 0 397.4 0 256C0 114.6 114.6 0 256 0C397.4 0 512 114.6 512 256C512 397.4 397.4 512 256 512zM232 256C232 264 236 271.5 242.7 275.1L338.7 339.1C349.7 347.3 364.6 344.3 371.1 333.3C379.3 322.3 376.3 307.4 365.3 300L280 243.2V120C280 106.7 269.3 96 255.1 96C242.7 96 231.1 106.7 231.1 120L232 256z\"><\/path><\/svg><\/div><div class=\"uagb-ifb-title-wrap\"><p class=\"uagb-ifb-title\">12:00 PM<\/p><\/div><\/div><\/div><\/div><\/div>\n<\/div>\n\n\n\n<div class=\"wp-block-uagb-container uagb-block-8ad64df7\">\n<div class=\"wp-block-uagb-marketing-button uagb-marketing-btn__align-center uagb-marketing-btn__align-text-center uagb-marketing-btn__icon-after uagb-block-f64aa518 wp-block-button\"><a href=\"https:\/\/score.tfaforms.net\/112?EventID=a10Vt000003afZB&amp;activeChapter=Ventura+County&amp;_gl=1*dux24c*_ga*MTMwODk1Njk5OS4xNzMxOTY2MTI2*_ga_3LHXGY70TN*MTczOTIzNDcwNy4xMC4xLjE3MzkyMzQ4NjMuNjAuMC4w&amp;origination=https3A2F2Fwww.score.org2Flosangeles2Fevent2Ftax-reduction-strategies-owners-corporations-llc25E225802599s-3\" class=\"uagb-marketing-btn__link wp-block-button__link\" target=\"_blank\" rel=\"noopener noreferrer\"><span class=\"uagb-marketing-btn__title\">REG\u00cdSTRATE AHORA<\/span><\/a><\/div>\n<\/div>\n<\/div>\n<\/div><\/div>","protected":false},"excerpt":{"rendered":"<p>\u00danase a la Oficina del Distrito de Los \u00c1ngeles de la Administraci\u00f3n de Peque\u00f1as Empresas (SBA) para un taller virtual para aumentar su potencial de oportunidades de contratos federales a trav\u00e9s del Registro de Gesti\u00f3n de Premios del Sistema. Este taller virtual est\u00e1 dirigido a peque\u00f1as empresas ubicadas en el \u00e1rea de servicio de la Oficina del Distrito de Los \u00c1ngeles de la SBA: los condados de Los \u00c1ngeles, Ventura y Santa B\u00e1rbara. SBA<br \/><a href=\"https:\/\/edcollaborative.com\/es\/blog\/event\/sam-registration-system-award-management-2\/\" class=\"more\">Leer m\u00e1s<\/a><\/p>","protected":false},"author":180,"featured_media":9123,"parent":0,"menu_order":1,"comment_status":"closed","ping_status":"closed","template":"","meta":{"_acf_changed":false,"_uag_custom_page_level_css":"","footnotes":""},"class_list":["post-6925","page","type-page","status-publish","has-post-thumbnail","hentry"],"translation":{"provider":"WPGlobus","version":"3.0.1","language":"es","enabled_languages":["en","es"],"languages":{"en":{"title":true,"content":true,"excerpt":false},"es":{"title":true,"content":true,"excerpt":false}}},"acf":[],"yoast_head":"<!-- This site is optimized with the Yoast SEO plugin v25.5 - https:\/\/yoast.com\/wordpress\/plugins\/seo\/ -->\n<title>Upcoming Events - Economic Development Collaborative<\/title>\n<meta name=\"robots\" content=\"index, follow, max-snippet:-1, max-image-preview:large, max-video-preview:-1\" \/>\n<link rel=\"canonical\" href=\"https:\/\/edcollaborative.com\/es\/upcoming-events\/\" \/>\n<meta property=\"og:locale\" content=\"es_ES\" \/>\n<meta property=\"og:type\" content=\"article\" \/>\n<meta property=\"og:title\" content=\"Business Disaster Recovery Resources - Economic Development Collaborative\" \/>\n<meta property=\"og:description\" content=\"Business Disaster Recovery Resources: To simplify your business recovery effort we have put together a list of resources and agencies to contact if you need more information.\" \/>\n<meta property=\"og:url\" content=\"https:\/\/edcollaborative.com\/es\/upcoming-events\/\" \/>\n<meta property=\"og:site_name\" content=\"Economic Development Collaborative\" \/>\n<meta property=\"article:publisher\" content=\"https:\/\/www.facebook.com\/EDCollaborative\" \/>\n<meta property=\"article:modified_time\" content=\"2025-12-26T15:19:13+00:00\" \/>\n<meta property=\"og:image\" content=\"http:\/\/edcollaborative.com\/wp-content\/uploads\/2018\/11\/disaster-recovery-resource.jpg\" \/>\n\t<meta property=\"og:image:width\" content=\"1920\" \/>\n\t<meta property=\"og:image:height\" content=\"920\" \/>\n\t<meta property=\"og:image:type\" content=\"image\/jpeg\" \/>\n<meta name=\"twitter:card\" content=\"summary_large_image\" \/>\n<meta name=\"twitter:title\" content=\"Business Disaster Recovery Resources - Economic Development Collaborative\" \/>\n<meta name=\"twitter:description\" content=\"Business Disaster Recovery Resources: To simplify your business recovery effort we have put together a list of resources and agencies to contact if you need more information.\" \/>\n<meta name=\"twitter:image\" content=\"http:\/\/edcollaborative.com\/wp-content\/uploads\/2018\/11\/disaster-recovery-resource.jpg\" \/>\n<meta name=\"twitter:site\" content=\"@EDCollaborative\" \/>\n<meta name=\"twitter:label1\" content=\"Tiempo de lectura\" \/>\n\t<meta name=\"twitter:data1\" content=\"1 minuto\" \/>\n<script type=\"application\/ld+json\" class=\"yoast-schema-graph\">{\"@context\":\"https:\/\/schema.org\",\"@graph\":[{\"@type\":\"WebPage\",\"@id\":\"https:\/\/edcollaborative.com\/upcoming-events\/\",\"url\":\"https:\/\/edcollaborative.com\/upcoming-events\/\",\"name\":\"Upcoming Events - Economic Development Collaborative\",\"isPartOf\":{\"@id\":\"https:\/\/edcollaborative.com\/#website\"},\"primaryImageOfPage\":{\"@id\":\"https:\/\/edcollaborative.com\/upcoming-events\/#primaryimage\"},\"image\":{\"@id\":\"https:\/\/edcollaborative.com\/upcoming-events\/#primaryimage\"},\"thumbnailUrl\":\"https:\/\/edcollaborative.com\/wp-content\/uploads\/2022\/06\/EVENTS-1.jpg\",\"datePublished\":\"2021-01-05T13:28:06+00:00\",\"dateModified\":\"2025-12-26T15:19:13+00:00\",\"description\":\"Check out the event calendar for the events organized by EDC for small business which can help them to grow in their sectors.\",\"breadcrumb\":{\"@id\":\"https:\/\/edcollaborative.com\/upcoming-events\/#breadcrumb\"},\"inLanguage\":\"es\",\"potentialAction\":[{\"@type\":\"ReadAction\",\"target\":[\"https:\/\/edcollaborative.com\/upcoming-events\/\"]}]},{\"@type\":\"ImageObject\",\"inLanguage\":\"es\",\"@id\":\"https:\/\/edcollaborative.com\/upcoming-events\/#primaryimage\",\"url\":\"https:\/\/edcollaborative.com\/wp-content\/uploads\/2022\/06\/EVENTS-1.jpg\",\"contentUrl\":\"https:\/\/edcollaborative.com\/wp-content\/uploads\/2022\/06\/EVENTS-1.jpg\",\"width\":1200,\"height\":630},{\"@type\":\"BreadcrumbList\",\"@id\":\"https:\/\/edcollaborative.com\/upcoming-events\/#breadcrumb\",\"itemListElement\":[{\"@type\":\"ListItem\",\"position\":1,\"name\":\"Home\",\"item\":\"https:\/\/edcollaborative.com\/\"},{\"@type\":\"ListItem\",\"position\":2,\"name\":\"Upcoming Events\"}]},{\"@type\":\"WebSite\",\"@id\":\"https:\/\/edcollaborative.com\/#website\",\"url\":\"https:\/\/edcollaborative.com\/\",\"name\":\"Economic Development Collaborative\",\"description\":\"Your SUPER-powered WP Engine Blog\",\"potentialAction\":[{\"@type\":\"SearchAction\",\"target\":{\"@type\":\"EntryPoint\",\"urlTemplate\":\"https:\/\/edcollaborative.com\/?s={search_term_string}\"},\"query-input\":{\"@type\":\"PropertyValueSpecification\",\"valueRequired\":true,\"valueName\":\"search_term_string\"}}],\"inLanguage\":\"es\"}]}<\/script>\n<!-- \/ Yoast SEO plugin. -->","yoast_head_json":{"title":"Pr\u00f3ximos eventos - Colaboraci\u00f3n para el desarrollo econ\u00f3mico","robots":{"index":"index","follow":"follow","max-snippet":"max-snippet:-1","max-image-preview":"max-image-preview:large","max-video-preview":"max-video-preview:-1"},"canonical":"https:\/\/edcollaborative.com\/es\/upcoming-events\/","og_locale":"es_ES","og_type":"article","og_title":"Business Disaster Recovery Resources - Economic Development Collaborative","og_description":"Business Disaster Recovery Resources: To simplify your business recovery effort we have put together a list of resources and agencies to contact if you need more information.","og_url":"https:\/\/edcollaborative.com\/es\/upcoming-events\/","og_site_name":"Economic Development Collaborative","article_publisher":"https:\/\/www.facebook.com\/EDCollaborative","article_modified_time":"2025-12-26T15:19:13+00:00","og_image":[{"width":1920,"height":920,"url":"http:\/\/edcollaborative.com\/wp-content\/uploads\/2018\/11\/disaster-recovery-resource.jpg","type":"image\/jpeg"}],"twitter_card":"summary_large_image","twitter_title":"Business Disaster Recovery Resources - Economic Development Collaborative","twitter_description":"Business Disaster Recovery Resources: To simplify your business recovery effort we have put together a list of resources and agencies to contact if you need more information.","twitter_image":"http:\/\/edcollaborative.com\/wp-content\/uploads\/2018\/11\/disaster-recovery-resource.jpg","twitter_site":"@EDCollaborative","twitter_misc":{"Tiempo de lectura":"1 minuto"},"schema":{"@context":"https:\/\/schema.org","@graph":[{"@type":"WebPage","@id":"https:\/\/edcollaborative.com\/upcoming-events\/","url":"https:\/\/edcollaborative.com\/upcoming-events\/","name":"Pr\u00f3ximos eventos - Colaboraci\u00f3n para el desarrollo econ\u00f3mico","isPartOf":{"@id":"https:\/\/edcollaborative.com\/#website"},"primaryImageOfPage":{"@id":"https:\/\/edcollaborative.com\/upcoming-events\/#primaryimage"},"image":{"@id":"https:\/\/edcollaborative.com\/upcoming-events\/#primaryimage"},"thumbnailUrl":"https:\/\/edcollaborative.com\/wp-content\/uploads\/2022\/06\/EVENTS-1.jpg","datePublished":"2021-01-05T13:28:06+00:00","dateModified":"2025-12-26T15:19:13+00:00","description":"Consulta el calendario de eventos para conocer los eventos organizados por EDC para peque\u00f1as empresas que pueden ayudarlas a crecer en sus sectores.","breadcrumb":{"@id":"https:\/\/edcollaborative.com\/upcoming-events\/#breadcrumb"},"inLanguage":"es","potentialAction":[{"@type":"ReadAction","target":["https:\/\/edcollaborative.com\/upcoming-events\/"]}]},{"@type":"ImageObject","inLanguage":"es","@id":"https:\/\/edcollaborative.com\/upcoming-events\/#primaryimage","url":"https:\/\/edcollaborative.com\/wp-content\/uploads\/2022\/06\/EVENTS-1.jpg","contentUrl":"https:\/\/edcollaborative.com\/wp-content\/uploads\/2022\/06\/EVENTS-1.jpg","width":1200,"height":630},{"@type":"BreadcrumbList","@id":"https:\/\/edcollaborative.com\/upcoming-events\/#breadcrumb","itemListElement":[{"@type":"ListItem","position":1,"name":"Home","item":"https:\/\/edcollaborative.com\/"},{"@type":"ListItem","position":2,"name":"Upcoming Events"}]},{"@type":"WebSite","@id":"https:\/\/edcollaborative.com\/#website","url":"https:\/\/edcollaborative.com\/","name":"Colaboraci\u00f3n de desarrollo econ\u00f3mico","description":"Su blog de motor WP SUPERpoderoso","potentialAction":[{"@type":"SearchAction","target":{"@type":"EntryPoint","urlTemplate":"https:\/\/edcollaborative.com\/?s={search_term_string}"},"query-input":{"@type":"PropertyValueSpecification","valueRequired":true,"valueName":"search_term_string"}}],"inLanguage":"es"}]}},"uagb_featured_image_src":{"full":["https:\/\/edcollaborative.com\/wp-content\/uploads\/2022\/06\/EVENTS-1.jpg",1200,630,false],"thumbnail":["https:\/\/edcollaborative.com\/wp-content\/uploads\/2022\/06\/EVENTS-1-150x150.jpg",150,150,true],"medium":["https:\/\/edcollaborative.com\/wp-content\/uploads\/2022\/06\/EVENTS-1-300x158.jpg",300,158,true],"medium_large":["https:\/\/edcollaborative.com\/wp-content\/uploads\/2022\/06\/EVENTS-1-768x403.jpg",768,403,true],"large":["https:\/\/edcollaborative.com\/wp-content\/uploads\/2022\/06\/EVENTS-1-1024x538.jpg",1024,538,true],"1536x1536":["https:\/\/edcollaborative.com\/wp-content\/uploads\/2022\/06\/EVENTS-1.jpg",1200,630,false],"2048x2048":["https:\/\/edcollaborative.com\/wp-content\/uploads\/2022\/06\/EVENTS-1.jpg",1200,630,false],"trp-custom-language-flag":["https:\/\/edcollaborative.com\/wp-content\/uploads\/2022\/06\/EVENTS-1-18x9.jpg",18,9,true],"portfolio_tn":["https:\/\/edcollaborative.com\/wp-content\/uploads\/2022\/06\/EVENTS-1-640x400.jpg",640,400,true],"portfolio_classic":["https:\/\/edcollaborative.com\/wp-content\/uploads\/2022\/06\/EVENTS-1-800x380.jpg",800,380,true],"portfolio_squared":["https:\/\/edcollaborative.com\/wp-content\/uploads\/2022\/06\/EVENTS-1-768x768.jpg",768,768,true],"portfolio_landscape":["https:\/\/edcollaborative.com\/wp-content\/uploads\/2022\/06\/EVENTS-1-768x384.jpg",768,384,true],"portfolio_portrait":["https:\/\/edcollaborative.com\/wp-content\/uploads\/2022\/06\/EVENTS-1-384x768.jpg",384,768,true],"staff_tn":["https:\/\/edcollaborative.com\/wp-content\/uploads\/2022\/06\/EVENTS-1-570x570.jpg",570,570,true],"blog_tn":["https:\/\/edcollaborative.com\/wp-content\/uploads\/2022\/06\/EVENTS-1-1200x565.jpg",1200,565,true],"blog_tn_alt":["https:\/\/edcollaborative.com\/wp-content\/uploads\/2022\/06\/EVENTS-1-553x400.jpg",553,400,true],"gform-image-choice-sm":["https:\/\/edcollaborative.com\/wp-content\/uploads\/2022\/06\/EVENTS-1-300x300.jpg",300,300,true],"gform-image-choice-md":["https:\/\/edcollaborative.com\/wp-content\/uploads\/2022\/06\/EVENTS-1-400x400.jpg",400,400,true],"gform-image-choice-lg":["https:\/\/edcollaborative.com\/wp-content\/uploads\/2022\/06\/EVENTS-1-600x600.jpg",600,600,true],"web-stories-poster-portrait":["https:\/\/edcollaborative.com\/wp-content\/uploads\/2022\/06\/EVENTS-1-640x853.jpg",640,853,true],"web-stories-publisher-logo":["https:\/\/edcollaborative.com\/wp-content\/uploads\/2022\/06\/EVENTS-1-96x96.jpg",96,96,true],"web-stories-thumbnail":["https:\/\/edcollaborative.com\/wp-content\/uploads\/2022\/06\/EVENTS-1-150x79.jpg",150,79,true]},"uagb_author_info":{"display_name":"Tamera Fall","author_link":"https:\/\/edcollaborative.com\/es\/blog\/author\/tfall\/"},"uagb_comment_info":0,"uagb_excerpt":"Join the Small Business Administration (SBA) Los Angeles District Office for a virtual workshop to increase your potential for federal contract opportunities through the System Award Management Registration. This virtual workshop is targeted to small businesses located in the SBA Los Angeles District Office service area &#8212; Los Angeles, Ventura and Santa Barbara counties. SBARead&hellip;","_links":{"self":[{"href":"https:\/\/edcollaborative.com\/es\/wp-json\/wp\/v2\/pages\/6925","targetHints":{"allow":["GET"]}}],"collection":[{"href":"https:\/\/edcollaborative.com\/es\/wp-json\/wp\/v2\/pages"}],"about":[{"href":"https:\/\/edcollaborative.com\/es\/wp-json\/wp\/v2\/types\/page"}],"author":[{"embeddable":true,"href":"https:\/\/edcollaborative.com\/es\/wp-json\/wp\/v2\/users\/180"}],"replies":[{"embeddable":true,"href":"https:\/\/edcollaborative.com\/es\/wp-json\/wp\/v2\/comments?post=6925"}],"version-history":[{"count":0,"href":"https:\/\/edcollaborative.com\/es\/wp-json\/wp\/v2\/pages\/6925\/revisions"}],"wp:featuredmedia":[{"embeddable":true,"href":"https:\/\/edcollaborative.com\/es\/wp-json\/wp\/v2\/media\/9123"}],"wp:attachment":[{"href":"https:\/\/edcollaborative.com\/es\/wp-json\/wp\/v2\/media?parent=6925"}],"curies":[{"name":"gracias","href":"https:\/\/api.w.org\/{rel}","templated":true}]}}