
{"id":4369,"date":"2019-04-25T07:38:25","date_gmt":"2019-04-25T14:38:25","guid":{"rendered":"http:\/\/edcollaborative.com\/?page_id=4369"},"modified":"2025-11-10T22:43:13","modified_gmt":"2025-11-11T06:43:13","slug":"edc-contacto","status":"publish","type":"page","link":"https:\/\/edcollaborative.com\/es\/edc-contacto\/","title":{"rendered":"contacto"},"content":{"rendered":"<div class=\"wp-block-uagb-container uagb-block-157b806d alignfull uagb-is-root-container\"><div class=\"uagb-container-inner-blocks-wrap\">\n<div class=\"wp-block-uagb-info-box uagb-block-0d5509cd uagb-infobox__content-wrap  uagb-infobox-icon-above-title uagb-infobox-image-valign-top\"><div class=\"uagb-ifb-content\"><div class=\"uagb-ifb-title-wrap\"><h1 class=\"uagb-ifb-title\">Si usted est\u00e1 interesado en nuestros servicios gratuitos de consultor\u00eda o est\u00e1 interesado en nuestros prestamos por favor llame al&nbsp;<a href=\"tel:(805)-309-5874\"><mark style=\"background-color:rgba(0, 0, 0, 0);color:#dc661d\" class=\"has-inline-color\">805.409.9159<\/mark><\/a>.<\/h1><\/div><\/div><\/div>\n\n\n\n<div class=\"wp-block-uagb-container uagb-block-f89db337\">\n<div class=\"wp-block-uagb-advanced-heading uagb-block-458a1930\"><h2 class=\"uagb-heading-text\">Mapas y direcciones<\/h2><\/div>\n<\/div>\n\n\n\n<div class=\"wp-block-uagb-info-box uagb-block-bdd4e03c uagb-infobox__content-wrap  uagb-infobox-icon-above-title uagb-infobox-image-valign-top\"><div class=\"uagb-ifb-content\"><div class=\"uagb-ifb-title-wrap\"><h3 class=\"uagb-ifb-title\"><strong>Colaboraci\u00f3n para el Desarrollo Econ\u00f3mico<\/strong><\/h3><\/div><p class=\"uagb-ifb-desc\">4001 Mission Oaks Blvd., Suite A-1<br>Camarillo, CA 93012<br><a href=\"tel:(805) 409-9159\"><mark style=\"background-color:rgba(0, 0, 0, 0);color:#007476\" class=\"has-inline-color\">805.409.9159<\/mark><\/a><\/p><\/div><\/div>\n\n\n\n<div class=\"wp-block-uagb-info-box uagb-block-1177c062 uagb-infobox__content-wrap  uagb-infobox-icon-left-title uagb-infobox-left uagb-infobox-image-valign-top\"><div class=\"uagb-ifb-content\"><div class=\"uagb-ifb-left-title-image\"><div class=\"uagb-ifb-icon-wrap\"><svg xmlns=\"https:\/\/www.w3.org\/2000\/svg\" viewbox=\"0 0 576 512\"><path d=\"M256 96C256 113.7 270.3 128 288 128C305.7 128 320 113.7 320 96V32H394.8C421.9 32 446 49.08 455.1 74.63L572.9 407.2C574.9 413 576 419.2 576 425.4C576 455.5 551.5 480 521.4 480H320V416C320 398.3 305.7 384 288 384C270.3 384 256 398.3 256 416V480H54.61C24.45 480 0 455.5 0 425.4C0 419.2 1.06 413 3.133 407.2L120.9 74.63C129.1 49.08 154.1 32 181.2 32H255.1L256 96zM320 224C320 206.3 305.7 192 288 192C270.3 192 256 206.3 256 224V288C256 305.7 270.3 320 288 320C305.7 320 320 305.7 320 288V224z\"><\/path><\/svg><\/div><div class=\"uagb-ifb-title-wrap\"><h4 class=\"uagb-ifb-title\"><strong><a href=\"https:\/\/www.google.com\/maps\/dir\/\/''\/@34.2056593,-119.0605423,12z\/data=!4m8!4m7!1m0!1m5!1m1!1s0x80e836422be983b9:0x1801af4684ecd42b!2m2!1d-119.01663!2d34.216875?entry=ttu&amp;g_ep=EgoyMDI1MDEyMi4wIKXMDSoASAFQAw%3D%3D\" target=\"_blank\" rel=\"noreferrer noopener\">&nbsp;obtener las direcciones<\/a><\/strong><\/h4><\/div><\/div><\/div><\/div>\n\n\n\n<div class=\"wp-block-uagb-container uagb-block-49fd9d02\">\n<iframe \n    src=\"https:\/\/snazzymaps.com\/embed\/92824\" \n    width=\"100%\" \n    height=\"400\" \n    style=\"border:0;\" \n    allowfullscreen=\"\" \n    loading=\"lazy\">\n<\/iframe>\n<\/div>\n<\/div><\/div>","protected":false},"excerpt":{"rendered":"<p>Si usted est\u00e1 interesado en nuestros servicios gratuitos de consultor\u00eda o est\u00e1 interesado en nuestros prestamos por favor llame al 805.409.9159. Mapa y direcciones Colaboraci\u00f3n para el Desarrollo Econ\u00f3mico4001 Mission Oaks Blvd., Suite A-1Camarillo, CA 93012805.409.9159 obtener las direcciones<\/p>","protected":false},"author":12,"featured_media":9120,"parent":0,"menu_order":89,"comment_status":"closed","ping_status":"closed","template":"","meta":{"_acf_changed":false,"_uag_custom_page_level_css":"","footnotes":""},"class_list":["post-4369","page","type-page","status-publish","has-post-thumbnail","hentry"],"translation":{"provider":"WPGlobus","version":"3.0.1","language":"es","enabled_languages":["en","es"],"languages":{"en":{"title":true,"content":true,"excerpt":false},"es":{"title":false,"content":false,"excerpt":false}}},"acf":[],"yoast_head":"<!-- This site is optimized with the Yoast SEO plugin v25.5 - https:\/\/yoast.com\/wordpress\/plugins\/seo\/ -->\n<title>Contacto - Economic Development Collaborative<\/title>\n<meta name=\"description\" content=\"Una organizaci\u00f3n sin fines de lucro, la EDC fue fundada en 1996 con financiamiento del Condado de Ventura y las 10 ciudades del condado.\" \/>\n<meta name=\"robots\" content=\"index, follow, max-snippet:-1, max-image-preview:large, max-video-preview:-1\" \/>\n<link rel=\"canonical\" href=\"https:\/\/edcollaborative.com\/es\/edc-contacto\/\" \/>\n<meta property=\"og:locale\" content=\"es_ES\" \/>\n<meta property=\"og:type\" content=\"article\" \/>\n<meta property=\"og:title\" content=\"Contacto - Economic Development Collaborative\" \/>\n<meta property=\"og:description\" content=\"Una organizaci\u00f3n sin fines de lucro, la EDC fue fundada en 1996 con financiamiento del Condado de Ventura y las 10 ciudades del condado.\" \/>\n<meta property=\"og:url\" content=\"https:\/\/edcollaborative.com\/es\/edc-contacto\/\" \/>\n<meta property=\"og:site_name\" content=\"Economic Development Collaborative\" \/>\n<meta property=\"article:publisher\" content=\"https:\/\/www.facebook.com\/EDCollaborative\" \/>\n<meta property=\"article:modified_time\" content=\"2025-11-11T06:43:13+00:00\" \/>\n<meta property=\"og:image\" content=\"https:\/\/edcollaborative.com\/wp-content\/uploads\/2022\/06\/EDC-ESPANOL.jpg\" \/>\n\t<meta property=\"og:image:width\" content=\"1200\" \/>\n\t<meta property=\"og:image:height\" content=\"630\" \/>\n\t<meta property=\"og:image:type\" content=\"image\/jpeg\" \/>\n<meta name=\"twitter:card\" content=\"summary_large_image\" \/>\n<meta name=\"twitter:site\" content=\"@EDCollaborative\" \/>\n<meta name=\"twitter:label1\" content=\"Tiempo de lectura\" \/>\n\t<meta name=\"twitter:data1\" content=\"1 minuto\" \/>\n<script type=\"application\/ld+json\" class=\"yoast-schema-graph\">{\"@context\":\"https:\/\/schema.org\",\"@graph\":[{\"@type\":\"WebPage\",\"@id\":\"https:\/\/edcollaborative.com\/edc-contacto\/\",\"url\":\"https:\/\/edcollaborative.com\/edc-contacto\/\",\"name\":\"Contacto - Economic Development Collaborative\",\"isPartOf\":{\"@id\":\"https:\/\/edcollaborative.com\/#website\"},\"primaryImageOfPage\":{\"@id\":\"https:\/\/edcollaborative.com\/edc-contacto\/#primaryimage\"},\"image\":{\"@id\":\"https:\/\/edcollaborative.com\/edc-contacto\/#primaryimage\"},\"thumbnailUrl\":\"https:\/\/edcollaborative.com\/wp-content\/uploads\/2022\/06\/EDC-ESPANOL.jpg\",\"datePublished\":\"2019-04-25T14:38:25+00:00\",\"dateModified\":\"2025-11-11T06:43:13+00:00\",\"description\":\"Una organizaci\u00f3n sin fines de lucro, la EDC fue fundada en 1996 con financiamiento del Condado de Ventura y las 10 ciudades del condado.\",\"breadcrumb\":{\"@id\":\"https:\/\/edcollaborative.com\/edc-contacto\/#breadcrumb\"},\"inLanguage\":\"es\",\"potentialAction\":[{\"@type\":\"ReadAction\",\"target\":[\"https:\/\/edcollaborative.com\/edc-contacto\/\"]}]},{\"@type\":\"ImageObject\",\"inLanguage\":\"es\",\"@id\":\"https:\/\/edcollaborative.com\/edc-contacto\/#primaryimage\",\"url\":\"https:\/\/edcollaborative.com\/wp-content\/uploads\/2022\/06\/EDC-ESPANOL.jpg\",\"contentUrl\":\"https:\/\/edcollaborative.com\/wp-content\/uploads\/2022\/06\/EDC-ESPANOL.jpg\",\"width\":1200,\"height\":630,\"caption\":\"ESPANOL\"},{\"@type\":\"BreadcrumbList\",\"@id\":\"https:\/\/edcollaborative.com\/edc-contacto\/#breadcrumb\",\"itemListElement\":[{\"@type\":\"ListItem\",\"position\":1,\"name\":\"Home\",\"item\":\"https:\/\/edcollaborative.com\/\"},{\"@type\":\"ListItem\",\"position\":2,\"name\":\"Contacto\"}]},{\"@type\":\"WebSite\",\"@id\":\"https:\/\/edcollaborative.com\/#website\",\"url\":\"https:\/\/edcollaborative.com\/\",\"name\":\"Economic Development Collaborative\",\"description\":\"Your SUPER-powered WP Engine Blog\",\"potentialAction\":[{\"@type\":\"SearchAction\",\"target\":{\"@type\":\"EntryPoint\",\"urlTemplate\":\"https:\/\/edcollaborative.com\/?s={search_term_string}\"},\"query-input\":{\"@type\":\"PropertyValueSpecification\",\"valueRequired\":true,\"valueName\":\"search_term_string\"}}],\"inLanguage\":\"es\"}]}<\/script>\n<!-- \/ Yoast SEO plugin. -->","yoast_head_json":{"title":"Contacto - Colaboraci\u00f3n para el Desarrollo Econ\u00f3mico","description":"Una organizaci\u00f3n sin fines de lucro, la EDC fue fundada en 1996 con financiamiento del Condado de Ventura y las 10 ciudades del condado.","robots":{"index":"index","follow":"follow","max-snippet":"max-snippet:-1","max-image-preview":"max-image-preview:large","max-video-preview":"max-video-preview:-1"},"canonical":"https:\/\/edcollaborative.com\/es\/edc-contacto\/","og_locale":"es_ES","og_type":"article","og_title":"Contacto - Economic Development Collaborative","og_description":"Una organizaci\u00f3n sin fines de lucro, la EDC fue fundada en 1996 con financiamiento del Condado de Ventura y las 10 ciudades del condado.","og_url":"https:\/\/edcollaborative.com\/es\/edc-contacto\/","og_site_name":"Economic Development Collaborative","article_publisher":"https:\/\/www.facebook.com\/EDCollaborative","article_modified_time":"2025-11-11T06:43:13+00:00","og_image":[{"width":1200,"height":630,"url":"https:\/\/edcollaborative.com\/wp-content\/uploads\/2022\/06\/EDC-ESPANOL.jpg","type":"image\/jpeg"}],"twitter_card":"summary_large_image","twitter_site":"@EDCollaborative","twitter_misc":{"Tiempo de lectura":"1 minuto"},"schema":{"@context":"https:\/\/schema.org","@graph":[{"@type":"WebPage","@id":"https:\/\/edcollaborative.com\/edc-contacto\/","url":"https:\/\/edcollaborative.com\/edc-contacto\/","name":"Contacto - Colaboraci\u00f3n para el Desarrollo Econ\u00f3mico","isPartOf":{"@id":"https:\/\/edcollaborative.com\/#website"},"primaryImageOfPage":{"@id":"https:\/\/edcollaborative.com\/edc-contacto\/#primaryimage"},"image":{"@id":"https:\/\/edcollaborative.com\/edc-contacto\/#primaryimage"},"thumbnailUrl":"https:\/\/edcollaborative.com\/wp-content\/uploads\/2022\/06\/EDC-ESPANOL.jpg","datePublished":"2019-04-25T14:38:25+00:00","dateModified":"2025-11-11T06:43:13+00:00","description":"Una organizaci\u00f3n sin fines de lucro, la EDC fue fundada en 1996 con financiamiento del Condado de Ventura y las 10 ciudades del condado.","breadcrumb":{"@id":"https:\/\/edcollaborative.com\/edc-contacto\/#breadcrumb"},"inLanguage":"es","potentialAction":[{"@type":"ReadAction","target":["https:\/\/edcollaborative.com\/edc-contacto\/"]}]},{"@type":"ImageObject","inLanguage":"es","@id":"https:\/\/edcollaborative.com\/edc-contacto\/#primaryimage","url":"https:\/\/edcollaborative.com\/wp-content\/uploads\/2022\/06\/EDC-ESPANOL.jpg","contentUrl":"https:\/\/edcollaborative.com\/wp-content\/uploads\/2022\/06\/EDC-ESPANOL.jpg","width":1200,"height":630,"caption":"ESPANOL"},{"@type":"BreadcrumbList","@id":"https:\/\/edcollaborative.com\/edc-contacto\/#breadcrumb","itemListElement":[{"@type":"ListItem","position":1,"name":"Home","item":"https:\/\/edcollaborative.com\/"},{"@type":"ListItem","position":2,"name":"Contacto"}]},{"@type":"WebSite","@id":"https:\/\/edcollaborative.com\/#website","url":"https:\/\/edcollaborative.com\/","name":"Colaboraci\u00f3n de desarrollo econ\u00f3mico","description":"Su blog de motor WP SUPERpoderoso","potentialAction":[{"@type":"SearchAction","target":{"@type":"EntryPoint","urlTemplate":"https:\/\/edcollaborative.com\/?s={search_term_string}"},"query-input":{"@type":"PropertyValueSpecification","valueRequired":true,"valueName":"search_term_string"}}],"inLanguage":"es"}]}},"uagb_featured_image_src":{"full":["https:\/\/edcollaborative.com\/wp-content\/uploads\/2022\/06\/EDC-ESPANOL.jpg",1200,630,false],"thumbnail":["https:\/\/edcollaborative.com\/wp-content\/uploads\/2022\/06\/EDC-ESPANOL-150x150.jpg",150,150,true],"medium":["https:\/\/edcollaborative.com\/wp-content\/uploads\/2022\/06\/EDC-ESPANOL-300x158.jpg",300,158,true],"medium_large":["https:\/\/edcollaborative.com\/wp-content\/uploads\/2022\/06\/EDC-ESPANOL-768x403.jpg",768,403,true],"large":["https:\/\/edcollaborative.com\/wp-content\/uploads\/2022\/06\/EDC-ESPANOL-1024x538.jpg",1024,538,true],"1536x1536":["https:\/\/edcollaborative.com\/wp-content\/uploads\/2022\/06\/EDC-ESPANOL.jpg",1200,630,false],"2048x2048":["https:\/\/edcollaborative.com\/wp-content\/uploads\/2022\/06\/EDC-ESPANOL.jpg",1200,630,false],"trp-custom-language-flag":["https:\/\/edcollaborative.com\/wp-content\/uploads\/2022\/06\/EDC-ESPANOL-18x9.jpg",18,9,true],"portfolio_tn":["https:\/\/edcollaborative.com\/wp-content\/uploads\/2022\/06\/EDC-ESPANOL-640x400.jpg",640,400,true],"portfolio_classic":["https:\/\/edcollaborative.com\/wp-content\/uploads\/2022\/06\/EDC-ESPANOL-800x380.jpg",800,380,true],"portfolio_squared":["https:\/\/edcollaborative.com\/wp-content\/uploads\/2022\/06\/EDC-ESPANOL-768x768.jpg",768,768,true],"portfolio_landscape":["https:\/\/edcollaborative.com\/wp-content\/uploads\/2022\/06\/EDC-ESPANOL-768x384.jpg",768,384,true],"portfolio_portrait":["https:\/\/edcollaborative.com\/wp-content\/uploads\/2022\/06\/EDC-ESPANOL-384x768.jpg",384,768,true],"staff_tn":["https:\/\/edcollaborative.com\/wp-content\/uploads\/2022\/06\/EDC-ESPANOL-570x570.jpg",570,570,true],"blog_tn":["https:\/\/edcollaborative.com\/wp-content\/uploads\/2022\/06\/EDC-ESPANOL-1200x565.jpg",1200,565,true],"blog_tn_alt":["https:\/\/edcollaborative.com\/wp-content\/uploads\/2022\/06\/EDC-ESPANOL-553x400.jpg",553,400,true],"gform-image-choice-sm":["https:\/\/edcollaborative.com\/wp-content\/uploads\/2022\/06\/EDC-ESPANOL-300x300.jpg",300,300,true],"gform-image-choice-md":["https:\/\/edcollaborative.com\/wp-content\/uploads\/2022\/06\/EDC-ESPANOL-400x400.jpg",400,400,true],"gform-image-choice-lg":["https:\/\/edcollaborative.com\/wp-content\/uploads\/2022\/06\/EDC-ESPANOL-600x600.jpg",600,600,true],"web-stories-poster-portrait":["https:\/\/edcollaborative.com\/wp-content\/uploads\/2022\/06\/EDC-ESPANOL-640x853.jpg",640,853,true],"web-stories-publisher-logo":["https:\/\/edcollaborative.com\/wp-content\/uploads\/2022\/06\/EDC-ESPANOL-96x96.jpg",96,96,true],"web-stories-thumbnail":["https:\/\/edcollaborative.com\/wp-content\/uploads\/2022\/06\/EDC-ESPANOL-150x79.jpg",150,79,true]},"uagb_author_info":{"display_name":"Alexandria Wright","author_link":"https:\/\/edcollaborative.com\/es\/blog\/author\/alex\/"},"uagb_comment_info":0,"uagb_excerpt":"Si usted est\u00e1 interesado en nuestros servicios gratuitos de consultor\u00eda o est\u00e1 interesado en nuestros prestamos por favor llame al&nbsp;805.409.9159. Mapa y direcciones Colaboraci\u00f3n para el Desarrollo Econ\u00f3mico4001 Mission Oaks Blvd., Suite A-1Camarillo, CA 93012805.409.9159 &nbsp;obtener las direcciones","_links":{"self":[{"href":"https:\/\/edcollaborative.com\/es\/wp-json\/wp\/v2\/pages\/4369","targetHints":{"allow":["GET"]}}],"collection":[{"href":"https:\/\/edcollaborative.com\/es\/wp-json\/wp\/v2\/pages"}],"about":[{"href":"https:\/\/edcollaborative.com\/es\/wp-json\/wp\/v2\/types\/page"}],"author":[{"embeddable":true,"href":"https:\/\/edcollaborative.com\/es\/wp-json\/wp\/v2\/users\/12"}],"replies":[{"embeddable":true,"href":"https:\/\/edcollaborative.com\/es\/wp-json\/wp\/v2\/comments?post=4369"}],"version-history":[{"count":0,"href":"https:\/\/edcollaborative.com\/es\/wp-json\/wp\/v2\/pages\/4369\/revisions"}],"wp:featuredmedia":[{"embeddable":true,"href":"https:\/\/edcollaborative.com\/es\/wp-json\/wp\/v2\/media\/9120"}],"wp:attachment":[{"href":"https:\/\/edcollaborative.com\/es\/wp-json\/wp\/v2\/media?parent=4369"}],"curies":[{"name":"gracias","href":"https:\/\/api.w.org\/{rel}","templated":true}]}}