
{"id":4347,"date":"2019-04-25T02:55:32","date_gmt":"2019-04-25T09:55:32","guid":{"rendered":"http:\/\/edcollaborative.com\/?page_id=4347"},"modified":"2025-06-04T06:09:20","modified_gmt":"2025-06-04T13:09:20","slug":"edc-mundial","status":"publish","type":"page","link":"https:\/\/edcollaborative.com\/es\/edc-mundial\/","title":{"rendered":"EDC MUNDIAL"},"content":{"rendered":"<div class=\"wp-block-uagb-container uagb-block-157b806d alignfull uagb-is-root-container\"><div class=\"uagb-container-inner-blocks-wrap\">\n<div class=\"wp-block-uagb-container uagb-block-f89db337\">\n<div class=\"wp-block-uagb-advanced-heading uagb-block-458a1930\"><h2 class=\"uagb-heading-text\">Descripci\u00f3n del programa<\/h2><\/div>\n<\/div>\n\n\n\n<div class=\"wp-block-uagb-info-box uagb-block-bdd4e03c uagb-infobox__content-wrap  uagb-infobox-icon-above-title uagb-infobox-image-valign-top\"><div class=\"uagb-ifb-content\"><div class=\"uagb-ifb-title-wrap\"><\/div><p class=\"uagb-ifb-desc\">El programa de EDC mundial est\u00e1 dise\u00f1ado para asistir negocios con el acceso a oportunidades en comercio internacional en conect\u00e1ndolos con formaci\u00f3n empresarial y entrenamiento especializado. EDC Mundial ayuda a empresas locales a identificar y aprovechar oportunidades en comercio, ofrecer una estrategia enfocada a mercados internacionales y ayudar a empresas a utilizar mercados internacionales como un catalizador de innovaci\u00f3n. Los socios de EDC con expertos del Centro de Desarrollo de las Peque\u00f1as Empresas, US Commercial Services y el District Export Council y ofrecen asesoramiento para empresas y acceso a expertos en comercio internacional incluyendo Certified Global Business Professionals a trav\u00e9s de NASBITE International.&nbsp;<a href=\"https:\/\/edcollaborative.com\/wp-content\/uploads\/2019\/05\/EDC-Mundial.pdf\" target=\"_blank\" rel=\"noreferrer noopener\"><strong>Aprende m\u00e1s<\/strong><\/a><\/p><\/div><\/div>\n\n\n\n<div class=\"wp-block-uagb-info-box uagb-block-8b3a1a23 uagb-infobox__content-wrap  uagb-infobox-icon-above-title uagb-infobox-image-valign-top\"><div class=\"uagb-ifb-content\"><div class=\"uagb-ifb-title-wrap\"><h2 class=\"uagb-ifb-title\">El programa de EDC Mundial incluye asesoramiento y entrenamiento en las siguientes \u00e1reas:<\/h2><\/div><div class=\"uagb-ifb-separator\"><\/div><\/div><\/div>\n\n\n\n<div class=\"wp-block-uagb-icon-list uagb-block-9463e826\"><div class=\"uagb-icon-list__wrap\">\n<div class=\"wp-block-uagb-icon-list-child uagb-block-814149f3\"><span class=\"uagb-icon-list__source-wrap\"><svg xmlns=\"https:\/\/www.w3.org\/2000\/svg\" viewbox=\"0 0 320 512\"><path d=\"M96 480c-8.188 0-16.38-3.125-22.62-9.375c-12.5-12.5-12.5-32.75 0-45.25L242.8 256L73.38 86.63c-12.5-12.5-12.5-32.75 0-45.25s32.75-12.5 45.25 0l192 192c12.5 12.5 12.5 32.75 0 45.25l-192 192C112.4 476.9 104.2 480 96 480z\"><\/path><\/svg><\/span><span class=\"uagb-icon-list__label\">Regulaciones de exportaci\u00f3n e importaci\u00f3n<\/span><\/div>\n\n\n\n<div class=\"wp-block-uagb-icon-list-child uagb-block-a1b619be\"><span class=\"uagb-icon-list__source-wrap\"><svg xmlns=\"https:\/\/www.w3.org\/2000\/svg\" viewbox=\"0 0 320 512\"><path d=\"M96 480c-8.188 0-16.38-3.125-22.62-9.375c-12.5-12.5-12.5-32.75 0-45.25L242.8 256L73.38 86.63c-12.5-12.5-12.5-32.75 0-45.25s32.75-12.5 45.25 0l192 192c12.5 12.5 12.5 32.75 0 45.25l-192 192C112.4 476.9 104.2 480 96 480z\"><\/path><\/svg><\/span><span class=\"uagb-icon-list__label\">Documentaci\u00f3n de exportaci\u00f3n e importaci\u00f3n.<\/span><\/div>\n\n\n\n<div class=\"wp-block-uagb-icon-list-child uagb-block-55a77810\"><span class=\"uagb-icon-list__source-wrap\"><svg xmlns=\"https:\/\/www.w3.org\/2000\/svg\" viewbox=\"0 0 320 512\"><path d=\"M96 480c-8.188 0-16.38-3.125-22.62-9.375c-12.5-12.5-12.5-32.75 0-45.25L242.8 256L73.38 86.63c-12.5-12.5-12.5-32.75 0-45.25s32.75-12.5 45.25 0l192 192c12.5 12.5 12.5 32.75 0 45.25l-192 192C112.4 476.9 104.2 480 96 480z\"><\/path><\/svg><\/span><span class=\"uagb-icon-list__label\">Financiacion internacional<\/span><\/div>\n\n\n\n<div class=\"wp-block-uagb-icon-list-child uagb-block-1a146361\"><span class=\"uagb-icon-list__source-wrap\"><svg xmlns=\"https:\/\/www.w3.org\/2000\/svg\" viewbox=\"0 0 320 512\"><path d=\"M96 480c-8.188 0-16.38-3.125-22.62-9.375c-12.5-12.5-12.5-32.75 0-45.25L242.8 256L73.38 86.63c-12.5-12.5-12.5-32.75 0-45.25s32.75-12.5 45.25 0l192 192c12.5 12.5 12.5 32.75 0 45.25l-192 192C112.4 476.9 104.2 480 96 480z\"><\/path><\/svg><\/span><span class=\"uagb-icon-list__label\">Distribuci\u00f3n y log\u00edstica internacional<\/span><\/div>\n\n\n\n<div class=\"wp-block-uagb-icon-list-child uagb-block-14da7e7f\"><span class=\"uagb-icon-list__source-wrap\"><svg xmlns=\"https:\/\/www.w3.org\/2000\/svg\" viewbox=\"0 0 320 512\"><path d=\"M96 480c-8.188 0-16.38-3.125-22.62-9.375c-12.5-12.5-12.5-32.75 0-45.25L242.8 256L73.38 86.63c-12.5-12.5-12.5-32.75 0-45.25s32.75-12.5 45.25 0l192 192c12.5 12.5 12.5 32.75 0 45.25l-192 192C112.4 476.9 104.2 480 96 480z\"><\/path><\/svg><\/span><span class=\"uagb-icon-list__label\">estudio de mercado internacional<\/span><\/div>\n<\/div><\/div>\n\n\n\n<div class=\"wp-block-uagb-info-box uagb-block-61d91243 uagb-infobox__content-wrap  uagb-infobox-icon-above-title uagb-infobox-image-valign-top wp-block-uagb-info-box--has-margin\"><div class=\"uagb-infobox-margin-wrapper\"><div class=\"uagb-ifb-content\"><div class=\"uagb-ifb-title-wrap\"><h3 class=\"uagb-ifb-title\">Recursos y organizaciones asociadas<\/h3><\/div><div class=\"uagb-ifb-separator\"><\/div><\/div><\/div><\/div>\n\n\n\n<div class=\"wp-block-uagb-icon-list uagb-block-9017b337\"><div class=\"uagb-icon-list__wrap\">\n<div class=\"wp-block-uagb-icon-list-child uagb-block-7a1ef9c7\"><span class=\"uagb-icon-list__source-wrap\"><svg xmlns=\"https:\/\/www.w3.org\/2000\/svg\" viewbox=\"0 0 320 512\"><path d=\"M96 480c-8.188 0-16.38-3.125-22.62-9.375c-12.5-12.5-12.5-32.75 0-45.25L242.8 256L73.38 86.63c-12.5-12.5-12.5-32.75 0-45.25s32.75-12.5 45.25 0l192 192c12.5 12.5 12.5 32.75 0 45.25l-192 192C112.4 476.9 104.2 480 96 480z\"><\/path><\/svg><\/span><span class=\"uagb-icon-list__label\">US Commercial Services: Agencia federal que promueve el comercio internacional y asesor\u00eda en estudio de mercado, servicios para negocios en emparejamiento y diplomacia<\/span><\/div>\n\n\n\n<div class=\"wp-block-uagb-icon-list-child uagb-block-2c68af6b\"><span class=\"uagb-icon-list__source-wrap\"><svg xmlns=\"https:\/\/www.w3.org\/2000\/svg\" viewbox=\"0 0 320 512\"><path d=\"M96 480c-8.188 0-16.38-3.125-22.62-9.375c-12.5-12.5-12.5-32.75 0-45.25L242.8 256L73.38 86.63c-12.5-12.5-12.5-32.75 0-45.25s32.75-12.5 45.25 0l192 192c12.5 12.5 12.5 32.75 0 45.25l-192 192C112.4 476.9 104.2 480 96 480z\"><\/path><\/svg><\/span><span class=\"uagb-icon-list__label\">Consejo Distrital de Exportaci\u00f3n: Educaci\u00f3n en comercio y asesor\u00eda<\/span><\/div>\n\n\n\n<div class=\"wp-block-uagb-icon-list-child uagb-block-a5353d8e\"><span class=\"uagb-icon-list__source-wrap\"><svg xmlns=\"https:\/\/www.w3.org\/2000\/svg\" viewbox=\"0 0 320 512\"><path d=\"M96 480c-8.188 0-16.38-3.125-22.62-9.375c-12.5-12.5-12.5-32.75 0-45.25L242.8 256L73.38 86.63c-12.5-12.5-12.5-32.75 0-45.25s32.75-12.5 45.25 0l192 192c12.5 12.5 12.5 32.75 0 45.25l-192 192C112.4 476.9 104.2 480 96 480z\"><\/path><\/svg><\/span><span class=\"uagb-icon-list__label\">SBDC: asesor\u00eda y programas educativos de entrenamiento<\/span><\/div>\n<\/div><\/div>\n\n\n\n<div class=\"wp-block-uagb-container uagb-block-6e0b21bc\">\n<div class=\"wp-block-uagb-advanced-heading uagb-block-64f50cb0\"><h2 class=\"uagb-heading-text\">costo del programa<\/h2><\/div>\n<\/div>\n\n\n\n<div class=\"wp-block-uagb-info-box uagb-block-2ec530bf uagb-infobox__content-wrap  uagb-infobox-icon-above-title uagb-infobox-image-valign-top\"><div class=\"uagb-ifb-content\"><div class=\"uagb-ifb-title-wrap\"><\/div><p class=\"uagb-ifb-desc\">EDC mundial es gratuito para empresas interesadas en el comercio internacional que incluye asesoramiento t\u00e9cnico.<\/p><\/div><\/div>\n\n\n\n<div class=\"wp-block-uagb-container uagb-block-93ef2c76\">\n<div class=\"wp-block-uagb-advanced-heading uagb-block-1d7d3de8\"><h2 class=\"uagb-heading-text\">Inscripci\u00f3n para el programa<\/h2><\/div>\n<\/div>\n\n\n\n<div class=\"wp-block-uagb-info-box uagb-block-3c06e4f5 uagb-infobox__content-wrap  uagb-infobox-icon-above-title uagb-infobox-image-valign-top\"><div class=\"uagb-ifb-content\"><div class=\"uagb-ifb-title-wrap\"><\/div><p class=\"uagb-ifb-desc\">Empresas interesadas deben contactar a Andr\u00e9s Tovar de EDC SBDC. correo&nbsp;<a href=\"mailto:andres.tovar@edcsbdc.org\">andres.tovar@edcsbdc.org<\/a>&nbsp;o llame al 805.409.9159.<\/p><\/div><\/div>\n<\/div><\/div>","protected":false},"excerpt":{"rendered":"<p>Descripci\u00f3n del programa El programa de EDC mundial est\u00e1 dise\u00f1ado para asistir negocios con el acceso a oportunidades en comercio internacional en conect\u00e1ndolos con formaci\u00f3n empresarial y entrenamiento especializado. EDC Mundial ayuda a empresas locales a identificar y aprovechar oportunidades en comercio, ofrecer una estrategia enfocada a mercados internacionales y ayudar a empresas a utilizar mercados internacionales como un<br \/><a href=\"https:\/\/edcollaborative.com\/es\/edc-mundial\/\" class=\"more\">Leer m\u00e1s<\/a><\/p>","protected":false},"author":12,"featured_media":9120,"parent":0,"menu_order":87,"comment_status":"closed","ping_status":"closed","template":"","meta":{"_acf_changed":false,"_uag_custom_page_level_css":"","footnotes":""},"class_list":["post-4347","page","type-page","status-publish","has-post-thumbnail","hentry"],"translation":{"provider":"WPGlobus","version":"3.0.1","language":"es","enabled_languages":["en","es"],"languages":{"en":{"title":true,"content":true,"excerpt":false},"es":{"title":false,"content":false,"excerpt":false}}},"acf":[],"yoast_head":"<!-- This site is optimized with the Yoast SEO plugin v25.5 - https:\/\/yoast.com\/wordpress\/plugins\/seo\/ -->\n<title>EDC MUNDIAL - Economic Development Collaborative<\/title>\n<meta name=\"robots\" content=\"index, follow, max-snippet:-1, max-image-preview:large, max-video-preview:-1\" \/>\n<link rel=\"canonical\" href=\"https:\/\/edcollaborative.com\/es\/edc-mundial\/\" \/>\n<meta property=\"og:locale\" content=\"es_ES\" \/>\n<meta property=\"og:type\" content=\"article\" \/>\n<meta property=\"og:title\" content=\"EDC MUNDIAL - Economic Development Collaborative\" \/>\n<meta property=\"og:url\" content=\"https:\/\/edcollaborative.com\/es\/edc-mundial\/\" \/>\n<meta property=\"og:site_name\" content=\"Economic Development Collaborative\" \/>\n<meta property=\"article:publisher\" content=\"https:\/\/www.facebook.com\/EDCollaborative\" \/>\n<meta property=\"article:modified_time\" content=\"2025-06-04T13:09:20+00:00\" \/>\n<meta property=\"og:image\" content=\"https:\/\/edcollaborative.com\/wp-content\/uploads\/2022\/06\/EDC-ESPANOL.jpg\" \/>\n\t<meta property=\"og:image:width\" content=\"1200\" \/>\n\t<meta property=\"og:image:height\" content=\"630\" \/>\n\t<meta property=\"og:image:type\" content=\"image\/jpeg\" \/>\n<meta name=\"twitter:card\" content=\"summary_large_image\" \/>\n<meta name=\"twitter:site\" content=\"@EDCollaborative\" \/>\n<meta name=\"twitter:label1\" content=\"Tiempo de lectura\" \/>\n\t<meta name=\"twitter:data1\" content=\"1 minuto\" \/>\n<script type=\"application\/ld+json\" class=\"yoast-schema-graph\">{\"@context\":\"https:\/\/schema.org\",\"@graph\":[{\"@type\":\"WebPage\",\"@id\":\"https:\/\/edcollaborative.com\/edc-mundial\/\",\"url\":\"https:\/\/edcollaborative.com\/edc-mundial\/\",\"name\":\"EDC MUNDIAL - Economic Development Collaborative\",\"isPartOf\":{\"@id\":\"https:\/\/edcollaborative.com\/#website\"},\"primaryImageOfPage\":{\"@id\":\"https:\/\/edcollaborative.com\/edc-mundial\/#primaryimage\"},\"image\":{\"@id\":\"https:\/\/edcollaborative.com\/edc-mundial\/#primaryimage\"},\"thumbnailUrl\":\"https:\/\/edcollaborative.com\/wp-content\/uploads\/2022\/06\/EDC-ESPANOL.jpg\",\"datePublished\":\"2019-04-25T09:55:32+00:00\",\"dateModified\":\"2025-06-04T13:09:20+00:00\",\"description\":\"EDC offers programs designed to assist businesses in key areas with one on one technical advising through EDC Grow.\",\"breadcrumb\":{\"@id\":\"https:\/\/edcollaborative.com\/edc-mundial\/#breadcrumb\"},\"inLanguage\":\"es\",\"potentialAction\":[{\"@type\":\"ReadAction\",\"target\":[\"https:\/\/edcollaborative.com\/edc-mundial\/\"]}]},{\"@type\":\"ImageObject\",\"inLanguage\":\"es\",\"@id\":\"https:\/\/edcollaborative.com\/edc-mundial\/#primaryimage\",\"url\":\"https:\/\/edcollaborative.com\/wp-content\/uploads\/2022\/06\/EDC-ESPANOL.jpg\",\"contentUrl\":\"https:\/\/edcollaborative.com\/wp-content\/uploads\/2022\/06\/EDC-ESPANOL.jpg\",\"width\":1200,\"height\":630,\"caption\":\"ESPANOL\"},{\"@type\":\"BreadcrumbList\",\"@id\":\"https:\/\/edcollaborative.com\/edc-mundial\/#breadcrumb\",\"itemListElement\":[{\"@type\":\"ListItem\",\"position\":1,\"name\":\"Home\",\"item\":\"https:\/\/edcollaborative.com\/\"},{\"@type\":\"ListItem\",\"position\":2,\"name\":\"EDC MUNDIAL\"}]},{\"@type\":\"WebSite\",\"@id\":\"https:\/\/edcollaborative.com\/#website\",\"url\":\"https:\/\/edcollaborative.com\/\",\"name\":\"Economic Development Collaborative\",\"description\":\"Your SUPER-powered WP Engine Blog\",\"potentialAction\":[{\"@type\":\"SearchAction\",\"target\":{\"@type\":\"EntryPoint\",\"urlTemplate\":\"https:\/\/edcollaborative.com\/?s={search_term_string}\"},\"query-input\":{\"@type\":\"PropertyValueSpecification\",\"valueRequired\":true,\"valueName\":\"search_term_string\"}}],\"inLanguage\":\"es\"}]}<\/script>\n<!-- \/ Yoast SEO plugin. -->","yoast_head_json":{"title":"EDC MUNDIAL - Colaborativa de Desarrollo Econ\u00f3mico","robots":{"index":"index","follow":"follow","max-snippet":"max-snippet:-1","max-image-preview":"max-image-preview:large","max-video-preview":"max-video-preview:-1"},"canonical":"https:\/\/edcollaborative.com\/es\/edc-mundial\/","og_locale":"es_ES","og_type":"article","og_title":"EDC MUNDIAL - Economic Development Collaborative","og_url":"https:\/\/edcollaborative.com\/es\/edc-mundial\/","og_site_name":"Economic Development Collaborative","article_publisher":"https:\/\/www.facebook.com\/EDCollaborative","article_modified_time":"2025-06-04T13:09:20+00:00","og_image":[{"width":1200,"height":630,"url":"https:\/\/edcollaborative.com\/wp-content\/uploads\/2022\/06\/EDC-ESPANOL.jpg","type":"image\/jpeg"}],"twitter_card":"summary_large_image","twitter_site":"@EDCollaborative","twitter_misc":{"Tiempo de lectura":"1 minuto"},"schema":{"@context":"https:\/\/schema.org","@graph":[{"@type":"WebPage","@id":"https:\/\/edcollaborative.com\/edc-mundial\/","url":"https:\/\/edcollaborative.com\/edc-mundial\/","name":"EDC MUNDIAL - Colaborativa de Desarrollo Econ\u00f3mico","isPartOf":{"@id":"https:\/\/edcollaborative.com\/#website"},"primaryImageOfPage":{"@id":"https:\/\/edcollaborative.com\/edc-mundial\/#primaryimage"},"image":{"@id":"https:\/\/edcollaborative.com\/edc-mundial\/#primaryimage"},"thumbnailUrl":"https:\/\/edcollaborative.com\/wp-content\/uploads\/2022\/06\/EDC-ESPANOL.jpg","datePublished":"2019-04-25T09:55:32+00:00","dateModified":"2025-06-04T13:09:20+00:00","description":"EDC ofrece programas dise\u00f1ados para ayudar a las empresas en \u00e1reas clave con asesoramiento t\u00e9cnico personalizado a trav\u00e9s de EDC Grow.","breadcrumb":{"@id":"https:\/\/edcollaborative.com\/edc-mundial\/#breadcrumb"},"inLanguage":"es","potentialAction":[{"@type":"ReadAction","target":["https:\/\/edcollaborative.com\/edc-mundial\/"]}]},{"@type":"ImageObject","inLanguage":"es","@id":"https:\/\/edcollaborative.com\/edc-mundial\/#primaryimage","url":"https:\/\/edcollaborative.com\/wp-content\/uploads\/2022\/06\/EDC-ESPANOL.jpg","contentUrl":"https:\/\/edcollaborative.com\/wp-content\/uploads\/2022\/06\/EDC-ESPANOL.jpg","width":1200,"height":630,"caption":"ESPANOL"},{"@type":"BreadcrumbList","@id":"https:\/\/edcollaborative.com\/edc-mundial\/#breadcrumb","itemListElement":[{"@type":"ListItem","position":1,"name":"Home","item":"https:\/\/edcollaborative.com\/"},{"@type":"ListItem","position":2,"name":"EDC MUNDIAL"}]},{"@type":"WebSite","@id":"https:\/\/edcollaborative.com\/#website","url":"https:\/\/edcollaborative.com\/","name":"Colaboraci\u00f3n de desarrollo econ\u00f3mico","description":"Su blog de motor WP SUPERpoderoso","potentialAction":[{"@type":"SearchAction","target":{"@type":"EntryPoint","urlTemplate":"https:\/\/edcollaborative.com\/?s={search_term_string}"},"query-input":{"@type":"PropertyValueSpecification","valueRequired":true,"valueName":"search_term_string"}}],"inLanguage":"es"}]}},"uagb_featured_image_src":{"full":["https:\/\/edcollaborative.com\/wp-content\/uploads\/2022\/06\/EDC-ESPANOL.jpg",1200,630,false],"thumbnail":["https:\/\/edcollaborative.com\/wp-content\/uploads\/2022\/06\/EDC-ESPANOL-150x150.jpg",150,150,true],"medium":["https:\/\/edcollaborative.com\/wp-content\/uploads\/2022\/06\/EDC-ESPANOL-300x158.jpg",300,158,true],"medium_large":["https:\/\/edcollaborative.com\/wp-content\/uploads\/2022\/06\/EDC-ESPANOL-768x403.jpg",768,403,true],"large":["https:\/\/edcollaborative.com\/wp-content\/uploads\/2022\/06\/EDC-ESPANOL-1024x538.jpg",1024,538,true],"1536x1536":["https:\/\/edcollaborative.com\/wp-content\/uploads\/2022\/06\/EDC-ESPANOL.jpg",1200,630,false],"2048x2048":["https:\/\/edcollaborative.com\/wp-content\/uploads\/2022\/06\/EDC-ESPANOL.jpg",1200,630,false],"trp-custom-language-flag":["https:\/\/edcollaborative.com\/wp-content\/uploads\/2022\/06\/EDC-ESPANOL-18x9.jpg",18,9,true],"portfolio_tn":["https:\/\/edcollaborative.com\/wp-content\/uploads\/2022\/06\/EDC-ESPANOL-640x400.jpg",640,400,true],"portfolio_classic":["https:\/\/edcollaborative.com\/wp-content\/uploads\/2022\/06\/EDC-ESPANOL-800x380.jpg",800,380,true],"portfolio_squared":["https:\/\/edcollaborative.com\/wp-content\/uploads\/2022\/06\/EDC-ESPANOL-768x768.jpg",768,768,true],"portfolio_landscape":["https:\/\/edcollaborative.com\/wp-content\/uploads\/2022\/06\/EDC-ESPANOL-768x384.jpg",768,384,true],"portfolio_portrait":["https:\/\/edcollaborative.com\/wp-content\/uploads\/2022\/06\/EDC-ESPANOL-384x768.jpg",384,768,true],"staff_tn":["https:\/\/edcollaborative.com\/wp-content\/uploads\/2022\/06\/EDC-ESPANOL-570x570.jpg",570,570,true],"blog_tn":["https:\/\/edcollaborative.com\/wp-content\/uploads\/2022\/06\/EDC-ESPANOL-1200x565.jpg",1200,565,true],"blog_tn_alt":["https:\/\/edcollaborative.com\/wp-content\/uploads\/2022\/06\/EDC-ESPANOL-553x400.jpg",553,400,true],"gform-image-choice-sm":["https:\/\/edcollaborative.com\/wp-content\/uploads\/2022\/06\/EDC-ESPANOL-300x300.jpg",300,300,true],"gform-image-choice-md":["https:\/\/edcollaborative.com\/wp-content\/uploads\/2022\/06\/EDC-ESPANOL-400x400.jpg",400,400,true],"gform-image-choice-lg":["https:\/\/edcollaborative.com\/wp-content\/uploads\/2022\/06\/EDC-ESPANOL-600x600.jpg",600,600,true],"web-stories-poster-portrait":["https:\/\/edcollaborative.com\/wp-content\/uploads\/2022\/06\/EDC-ESPANOL-640x853.jpg",640,853,true],"web-stories-publisher-logo":["https:\/\/edcollaborative.com\/wp-content\/uploads\/2022\/06\/EDC-ESPANOL-96x96.jpg",96,96,true],"web-stories-thumbnail":["https:\/\/edcollaborative.com\/wp-content\/uploads\/2022\/06\/EDC-ESPANOL-150x79.jpg",150,79,true]},"uagb_author_info":{"display_name":"Alexandria Wright","author_link":"https:\/\/edcollaborative.com\/es\/blog\/author\/alex\/"},"uagb_comment_info":0,"uagb_excerpt":"Descripci\u00f3n del programa El programa de EDC mundial est\u00e1 dise\u00f1ado para asistir negocios con el acceso a oportunidades en comercio internacional en conect\u00e1ndolos con formaci\u00f3n empresarial y entrenamiento especializado. EDC Mundial ayuda empresas locales identificar y aprovechar oportunidades en comercio, ofrecer una estrategia enfocada a mercados internacionales y ayudar empresas utilizar mercados internacionales como unRead&hellip;","_links":{"self":[{"href":"https:\/\/edcollaborative.com\/es\/wp-json\/wp\/v2\/pages\/4347","targetHints":{"allow":["GET"]}}],"collection":[{"href":"https:\/\/edcollaborative.com\/es\/wp-json\/wp\/v2\/pages"}],"about":[{"href":"https:\/\/edcollaborative.com\/es\/wp-json\/wp\/v2\/types\/page"}],"author":[{"embeddable":true,"href":"https:\/\/edcollaborative.com\/es\/wp-json\/wp\/v2\/users\/12"}],"replies":[{"embeddable":true,"href":"https:\/\/edcollaborative.com\/es\/wp-json\/wp\/v2\/comments?post=4347"}],"version-history":[{"count":0,"href":"https:\/\/edcollaborative.com\/es\/wp-json\/wp\/v2\/pages\/4347\/revisions"}],"wp:featuredmedia":[{"embeddable":true,"href":"https:\/\/edcollaborative.com\/es\/wp-json\/wp\/v2\/media\/9120"}],"wp:attachment":[{"href":"https:\/\/edcollaborative.com\/es\/wp-json\/wp\/v2\/media?parent=4347"}],"curies":[{"name":"gracias","href":"https:\/\/api.w.org\/{rel}","templated":true}]}}