
{"id":12175,"date":"2023-11-22T03:40:50","date_gmt":"2023-11-22T11:40:50","guid":{"rendered":"https:\/\/edcollaborative.com\/?page_id=12175"},"modified":"2025-11-21T00:33:30","modified_gmt":"2025-11-21T08:33:30","slug":"upskilling-roundtable","status":"publish","type":"page","link":"https:\/\/edcollaborative.com\/es\/upskilling-roundtable\/","title":{"rendered":"MESA REDONDA DE FORMACI\u00d3N PARA L\u00cdDERES DE EMPRESAS"},"content":{"rendered":"<div class=\"wp-block-uagb-container uagb-block-ac3b8d40 alignfull uagb-is-root-container\"><div class=\"uagb-container-inner-blocks-wrap\">\n<div class=\"wp-block-uagb-advanced-heading uagb-block-774ca29c\"><h1 class=\"uagb-heading-text\"><strong>MESA REDONDA DE FORMACI\u00d3N PARA L\u00cdDERES DE EMPRESAS<\/strong><\/h1><\/div>\n\n\n\n<div class=\"wp-block-uagb-container uagb-block-a85a71cc\">\n<div class=\"wp-block-uagb-advanced-heading uagb-block-1ee24603\"><h2 class=\"uagb-heading-text\"><strong><mark style=\"background-color:rgba(0, 0, 0, 0);color:#002e42\" class=\"has-inline-color\">OPORTUNIDADES DE APRENDIZAJE ENTRE PARES PARA L\u00cdDERES CON RESPONSABILIDADES DE MEJORA DE HABILIDADES<\/mark><\/strong><\/h2><\/div>\n<\/div>\n\n\n\n<div class=\"wp-block-uagb-advanced-heading uagb-block-e5423417\"><p class=\"uagb-heading-text\">La&nbsp;&nbsp;<strong>Mesa Redonda de Desarrollo de Habilidades de EDC<\/strong>&nbsp;&nbsp;es una red de aprendizaje entre pares centrada en el empleadores para l\u00edderes de empresas con responsabilidades de desarrollo de habilidades que desean crear, ampliar o mejorar sus programas de desarrollo de habilidades. La Mesa Redonda de Desarrollo de Habilidades se centra en:<\/p><\/div>\n\n\n\n<div class=\"wp-block-uagb-icon-list uagb-block-2237216d\"><div class=\"uagb-icon-list__wrap\">\n<div class=\"wp-block-uagb-icon-list-child uagb-block-02aa08a8\"><span class=\"uagb-icon-list__source-wrap\"><svg xmlns=\"https:\/\/www.w3.org\/2000\/svg\" viewbox=\"0 0 320 512\"><path d=\"M96 480c-8.188 0-16.38-3.125-22.62-9.375c-12.5-12.5-12.5-32.75 0-45.25L242.8 256L73.38 86.63c-12.5-12.5-12.5-32.75 0-45.25s32.75-12.5 45.25 0l192 192c12.5 12.5 12.5 32.75 0 45.25l-192 192C112.4 476.9 104.2 480 96 480z\"><\/path><\/svg><\/span><span class=\"uagb-icon-list__label\">Ofrecemos una red de profesionales.\u00a0\u00a0<strong>que intercambian informaci\u00f3n sobre los programas de capacitaci\u00f3n existentes<\/strong>\u00a0, incluyendo lo que funciona, los desaf\u00edos y las nuevas iniciativas que se est\u00e1n considerando. Tambi\u00e9n analizaremos las pr\u00e1cticas empresariales exitosas en reclutamiento, contrataci\u00f3n, capacitaci\u00f3n y retenci\u00f3n.<\/span><\/div>\n\n\n\n<div class=\"wp-block-uagb-icon-list-child uagb-block-4a3e71a7\"><span class=\"uagb-icon-list__source-wrap\"><svg xmlns=\"https:\/\/www.w3.org\/2000\/svg\" viewbox=\"0 0 320 512\"><path d=\"M96 480c-8.188 0-16.38-3.125-22.62-9.375c-12.5-12.5-12.5-32.75 0-45.25L242.8 256L73.38 86.63c-12.5-12.5-12.5-32.75 0-45.25s32.75-12.5 45.25 0l192 192c12.5 12.5 12.5 32.75 0 45.25l-192 192C112.4 476.9 104.2 480 96 480z\"><\/path><\/svg><\/span><span class=\"uagb-icon-list__label\"><strong>Mejorar la calidad y la eficacia\u00a0<\/strong>\u00a0de los programas de capacitaci\u00f3n en el condado de Ventura.<\/span><\/div>\n\n\n\n<div class=\"wp-block-uagb-icon-list-child uagb-block-fbb83b40\"><span class=\"uagb-icon-list__source-wrap\"><svg xmlns=\"https:\/\/www.w3.org\/2000\/svg\" viewbox=\"0 0 320 512\"><path d=\"M96 480c-8.188 0-16.38-3.125-22.62-9.375c-12.5-12.5-12.5-32.75 0-45.25L242.8 256L73.38 86.63c-12.5-12.5-12.5-32.75 0-45.25s32.75-12.5 45.25 0l192 192c12.5 12.5 12.5 32.75 0 45.25l-192 192C112.4 476.9 104.2 480 96 480z\"><\/path><\/svg><\/span><span class=\"uagb-icon-list__label\"><strong>Ampliar el acceso<\/strong>\u00a0\u00a0a programas de capacitaci\u00f3n para m\u00e1s residentes del condado de Ventura.<\/span><\/div>\n\n\n\n<div class=\"wp-block-uagb-icon-list-child uagb-block-84c6d9c6\"><span class=\"uagb-icon-list__source-wrap\"><svg xmlns=\"https:\/\/www.w3.org\/2000\/svg\" viewbox=\"0 0 320 512\"><path d=\"M96 480c-8.188 0-16.38-3.125-22.62-9.375c-12.5-12.5-12.5-32.75 0-45.25L242.8 256L73.38 86.63c-12.5-12.5-12.5-32.75 0-45.25s32.75-12.5 45.25 0l192 192c12.5 12.5 12.5 32.75 0 45.25l-192 192C112.4 476.9 104.2 480 96 480z\"><\/path><\/svg><\/span><span class=\"uagb-icon-list__label\">Crear nuevas\u00a0\u00a0<strong>alianzas y\/o hacer crecer las existentes entre empresas y proveedores de capacitaci\u00f3n<\/strong>\u00a0.<\/span><\/div>\n\n\n\n<div class=\"wp-block-uagb-icon-list-child uagb-block-a0cc38e8\"><span class=\"uagb-icon-list__source-wrap\"><svg xmlns=\"https:\/\/www.w3.org\/2000\/svg\" viewbox=\"0 0 320 512\"><path d=\"M96 480c-8.188 0-16.38-3.125-22.62-9.375c-12.5-12.5-12.5-32.75 0-45.25L242.8 256L73.38 86.63c-12.5-12.5-12.5-32.75 0-45.25s32.75-12.5 45.25 0l192 192c12.5 12.5 12.5 32.75 0 45.25l-192 192C112.4 476.9 104.2 480 96 480z\"><\/path><\/svg><\/span><span class=\"uagb-icon-list__label\">Conectarse y escuchar a los\u00a0\u00a0<strong>l\u00edderes nacionales<\/strong>\u00a0\u00a0en el campo de la capacitaci\u00f3n.<\/span><\/div>\n\n\n\n<div class=\"wp-block-uagb-icon-list-child uagb-block-3c6c1c65\"><span class=\"uagb-icon-list__source-wrap\"><svg xmlns=\"https:\/\/www.w3.org\/2000\/svg\" viewbox=\"0 0 320 512\"><path d=\"M96 480c-8.188 0-16.38-3.125-22.62-9.375c-12.5-12.5-12.5-32.75 0-45.25L242.8 256L73.38 86.63c-12.5-12.5-12.5-32.75 0-45.25s32.75-12.5 45.25 0l192 192c12.5 12.5 12.5 32.75 0 45.25l-192 192C112.4 476.9 104.2 480 96 480z\"><\/path><\/svg><\/span><span class=\"uagb-icon-list__label\">Garantizar que las empresas del condado de Ventura tengan la\u00a0<strong>fuerza laboral calificada que necesitan para tener \u00e9xito y crecer<\/strong>\u00a0.<\/span><\/div>\n<\/div><\/div>\n\n\n\n<div class=\"wp-block-uagb-info-box uagb-block-8ec83607 uagb-infobox__content-wrap  uagb-infobox-icon-above-title uagb-infobox-image-valign-top\"><div class=\"uagb-ifb-content\"><div class=\"uagb-ifb-title-wrap\"><h3 class=\"uagb-ifb-title\"><strong><mark style=\"background-color:rgba(0, 0, 0, 0);color:#002e42\" class=\"has-inline-color\">\u00a1EMPIEZA HOY!<\/mark><\/strong><\/h3><\/div><div class=\"uagb-ifb-separator\"><\/div><p class=\"uagb-ifb-desc\">Para obtener m\u00e1s informaci\u00f3n sobre c\u00f3mo puede participar en esta red de aprendizaje entre pares a la que solo se puede acceder por invitaci\u00f3n, cont\u00e1ctenos en&nbsp;&nbsp;<a href=\"mailto:upskill@edcollaborative.com\">upskill@edcollaborative.com<\/a>&nbsp;.<br><a href=\"https:\/\/edcollaborative.com\/es\/\"><\/a><\/p><\/div><\/div>\n<\/div><\/div>","protected":false},"excerpt":{"rendered":"<p>MESA REDONDA DE FORMACI\u00d3N PARA L\u00cdDERES DE EMPRESAS OPORTUNIDADES DE APRENDIZAJE ENTRE PARES PARA L\u00cdDERES CON RESPONSABILIDADES DE MEJORA DE HABILIDADES La Mesa Redonda de Desarrollo de Habilidades de EDC es una red de aprendizaje entre pares centrada en el empleador para l\u00edderes de empresas con responsabilidades de desarrollo de habilidades que desean crear, ampliar o mejorar<br \/><a href=\"https:\/\/edcollaborative.com\/es\/upskilling-roundtable\/\" class=\"more\">Leer m\u00e1s<\/a><\/p>","protected":false},"author":180,"featured_media":11628,"parent":0,"menu_order":48,"comment_status":"closed","ping_status":"closed","template":"","meta":{"_acf_changed":false,"_uag_custom_page_level_css":"","footnotes":""},"class_list":["post-12175","page","type-page","status-publish","has-post-thumbnail","hentry"],"translation":{"provider":"WPGlobus","version":"3.0.1","language":"es","enabled_languages":["en","es"],"languages":{"en":{"title":true,"content":true,"excerpt":false},"es":{"title":true,"content":true,"excerpt":false}}},"acf":[],"yoast_head":"<!-- This site is optimized with the Yoast SEO plugin v25.5 - https:\/\/yoast.com\/wordpress\/plugins\/seo\/ -->\n<title>Production Economy Partnerships \u2013 EDC<\/title>\n<meta name=\"description\" content=\"\u00danete a la Mesa Redonda de Upskilling de EDC para explorar iniciativas laborales, colaboraci\u00f3n industrial y soluciones de formaci\u00f3n futura.\" \/>\n<meta name=\"robots\" content=\"index, follow, max-snippet:-1, max-image-preview:large, max-video-preview:-1\" \/>\n<link rel=\"canonical\" href=\"https:\/\/edcollaborative.com\/es\/upskilling-roundtable\/\" \/>\n<meta property=\"og:locale\" content=\"es_ES\" \/>\n<meta property=\"og:type\" content=\"article\" \/>\n<meta property=\"og:title\" content=\"MESA REDONDA DE FORMACI\u00d3N PARA L\u00cdDERES DE EMPRESAS - Economic Development Collaborative\" \/>\n<meta property=\"og:description\" content=\"\u00danete a la Mesa Redonda de Upskilling de EDC para explorar iniciativas laborales, colaboraci\u00f3n industrial y soluciones de formaci\u00f3n futura.\" \/>\n<meta property=\"og:url\" content=\"https:\/\/edcollaborative.com\/es\/upskilling-roundtable\/\" \/>\n<meta property=\"og:site_name\" content=\"Economic Development Collaborative\" \/>\n<meta property=\"article:publisher\" content=\"https:\/\/www.facebook.com\/EDCollaborative\" \/>\n<meta property=\"article:modified_time\" content=\"2025-11-21T08:33:30+00:00\" \/>\n<meta property=\"og:image\" content=\"https:\/\/edcollaborative.com\/wp-content\/uploads\/2023\/07\/shutterstock_2138944333-scaled.jpg\" \/>\n\t<meta property=\"og:image:width\" content=\"2560\" \/>\n\t<meta property=\"og:image:height\" content=\"1707\" \/>\n\t<meta property=\"og:image:type\" content=\"image\/jpeg\" \/>\n<meta name=\"twitter:card\" content=\"summary_large_image\" \/>\n<meta name=\"twitter:site\" content=\"@EDCollaborative\" \/>\n<meta name=\"twitter:label1\" content=\"Tiempo de lectura\" \/>\n\t<meta name=\"twitter:data1\" content=\"4 minutos\" \/>\n<script type=\"application\/ld+json\" class=\"yoast-schema-graph\">{\"@context\":\"https:\/\/schema.org\",\"@graph\":[{\"@type\":\"WebPage\",\"@id\":\"https:\/\/edcollaborative.com\/upskilling-roundtable\/\",\"url\":\"https:\/\/edcollaborative.com\/upskilling-roundtable\/\",\"name\":\"Production Economy Partnerships \u2013 EDC\",\"isPartOf\":{\"@id\":\"https:\/\/edcollaborative.com\/#website\"},\"primaryImageOfPage\":{\"@id\":\"https:\/\/edcollaborative.com\/upskilling-roundtable\/#primaryimage\"},\"image\":{\"@id\":\"https:\/\/edcollaborative.com\/upskilling-roundtable\/#primaryimage\"},\"thumbnailUrl\":\"https:\/\/edcollaborative.com\/wp-content\/uploads\/2023\/07\/shutterstock_2138944333-scaled.jpg\",\"datePublished\":\"2023-11-22T11:40:50+00:00\",\"dateModified\":\"2025-11-21T08:33:30+00:00\",\"description\":\"Join EDC's Upskilling Roundtable to explore workforce development initiatives, industry collaboration, and future-ready training solutions.\",\"breadcrumb\":{\"@id\":\"https:\/\/edcollaborative.com\/upskilling-roundtable\/#breadcrumb\"},\"inLanguage\":\"es\",\"potentialAction\":[{\"@type\":\"ReadAction\",\"target\":[\"https:\/\/edcollaborative.com\/upskilling-roundtable\/\"]}]},{\"@type\":\"ImageObject\",\"inLanguage\":\"es\",\"@id\":\"https:\/\/edcollaborative.com\/upskilling-roundtable\/#primaryimage\",\"url\":\"https:\/\/edcollaborative.com\/wp-content\/uploads\/2023\/07\/shutterstock_2138944333-scaled.jpg\",\"contentUrl\":\"https:\/\/edcollaborative.com\/wp-content\/uploads\/2023\/07\/shutterstock_2138944333-scaled.jpg\",\"width\":2560,\"height\":1707},{\"@type\":\"BreadcrumbList\",\"@id\":\"https:\/\/edcollaborative.com\/upskilling-roundtable\/#breadcrumb\",\"itemListElement\":[{\"@type\":\"ListItem\",\"position\":1,\"name\":\"Home\",\"item\":\"https:\/\/edcollaborative.com\/\"},{\"@type\":\"ListItem\",\"position\":2,\"name\":\"UPSKILLING ROUNDTABLE FOR COMPANY LEADERS\"}]},{\"@type\":\"WebSite\",\"@id\":\"https:\/\/edcollaborative.com\/#website\",\"url\":\"https:\/\/edcollaborative.com\/\",\"name\":\"Economic Development Collaborative\",\"description\":\"Your SUPER-powered WP Engine Blog\",\"potentialAction\":[{\"@type\":\"SearchAction\",\"target\":{\"@type\":\"EntryPoint\",\"urlTemplate\":\"https:\/\/edcollaborative.com\/?s={search_term_string}\"},\"query-input\":{\"@type\":\"PropertyValueSpecification\",\"valueRequired\":true,\"valueName\":\"search_term_string\"}}],\"inLanguage\":\"es\"}]}<\/script>\n<!-- \/ Yoast SEO plugin. -->","yoast_head_json":{"title":"Asociaciones de Econom\u00eda de Producci\u00f3n \u2013 EDC","description":"\u00danete a la Mesa Redonda de Upskilling de EDC para explorar iniciativas laborales, colaboraci\u00f3n industrial y soluciones de formaci\u00f3n futura.","robots":{"index":"index","follow":"follow","max-snippet":"max-snippet:-1","max-image-preview":"max-image-preview:large","max-video-preview":"max-video-preview:-1"},"canonical":"https:\/\/edcollaborative.com\/es\/upskilling-roundtable\/","og_locale":"es_ES","og_type":"article","og_title":"MESA REDONDA DE FORMACI\u00d3N PARA L\u00cdDERES DE EMPRESAS - Economic Development Collaborative","og_description":"\u00danete a la Mesa Redonda de Upskilling de EDC para explorar iniciativas laborales, colaboraci\u00f3n industrial y soluciones de formaci\u00f3n futura.","og_url":"https:\/\/edcollaborative.com\/es\/upskilling-roundtable\/","og_site_name":"Economic Development Collaborative","article_publisher":"https:\/\/www.facebook.com\/EDCollaborative","article_modified_time":"2025-11-21T08:33:30+00:00","og_image":[{"width":2560,"height":1707,"url":"https:\/\/edcollaborative.com\/wp-content\/uploads\/2023\/07\/shutterstock_2138944333-scaled.jpg","type":"image\/jpeg"}],"twitter_card":"summary_large_image","twitter_site":"@EDCollaborative","twitter_misc":{"Tiempo de lectura":"4 minutos"},"schema":{"@context":"https:\/\/schema.org","@graph":[{"@type":"WebPage","@id":"https:\/\/edcollaborative.com\/upskilling-roundtable\/","url":"https:\/\/edcollaborative.com\/upskilling-roundtable\/","name":"Asociaciones de Econom\u00eda de Producci\u00f3n \u2013 EDC","isPartOf":{"@id":"https:\/\/edcollaborative.com\/#website"},"primaryImageOfPage":{"@id":"https:\/\/edcollaborative.com\/upskilling-roundtable\/#primaryimage"},"image":{"@id":"https:\/\/edcollaborative.com\/upskilling-roundtable\/#primaryimage"},"thumbnailUrl":"https:\/\/edcollaborative.com\/wp-content\/uploads\/2023\/07\/shutterstock_2138944333-scaled.jpg","datePublished":"2023-11-22T11:40:50+00:00","dateModified":"2025-11-21T08:33:30+00:00","description":"\u00danase a la mesa redonda de capacitaci\u00f3n de EDC para explorar iniciativas de desarrollo de la fuerza laboral, colaboraci\u00f3n de la industria y soluciones de capacitaci\u00f3n preparadas para el futuro.","breadcrumb":{"@id":"https:\/\/edcollaborative.com\/upskilling-roundtable\/#breadcrumb"},"inLanguage":"es","potentialAction":[{"@type":"ReadAction","target":["https:\/\/edcollaborative.com\/upskilling-roundtable\/"]}]},{"@type":"ImageObject","inLanguage":"es","@id":"https:\/\/edcollaborative.com\/upskilling-roundtable\/#primaryimage","url":"https:\/\/edcollaborative.com\/wp-content\/uploads\/2023\/07\/shutterstock_2138944333-scaled.jpg","contentUrl":"https:\/\/edcollaborative.com\/wp-content\/uploads\/2023\/07\/shutterstock_2138944333-scaled.jpg","width":2560,"height":1707},{"@type":"BreadcrumbList","@id":"https:\/\/edcollaborative.com\/upskilling-roundtable\/#breadcrumb","itemListElement":[{"@type":"ListItem","position":1,"name":"Home","item":"https:\/\/edcollaborative.com\/"},{"@type":"ListItem","position":2,"name":"UPSKILLING ROUNDTABLE FOR COMPANY LEADERS"}]},{"@type":"WebSite","@id":"https:\/\/edcollaborative.com\/#website","url":"https:\/\/edcollaborative.com\/","name":"Colaboraci\u00f3n de desarrollo econ\u00f3mico","description":"Su blog de motor WP SUPERpoderoso","potentialAction":[{"@type":"SearchAction","target":{"@type":"EntryPoint","urlTemplate":"https:\/\/edcollaborative.com\/?s={search_term_string}"},"query-input":{"@type":"PropertyValueSpecification","valueRequired":true,"valueName":"search_term_string"}}],"inLanguage":"es"}]}},"uagb_featured_image_src":{"full":["https:\/\/edcollaborative.com\/wp-content\/uploads\/2023\/07\/shutterstock_2138944333-scaled.jpg",2560,1707,false],"thumbnail":["https:\/\/edcollaborative.com\/wp-content\/uploads\/2023\/07\/shutterstock_2138944333-150x150.jpg",150,150,true],"medium":["https:\/\/edcollaborative.com\/wp-content\/uploads\/2023\/07\/shutterstock_2138944333-scaled-300x200.jpg",300,200,true],"medium_large":["https:\/\/edcollaborative.com\/wp-content\/uploads\/2023\/07\/shutterstock_2138944333-768x512.jpg",768,512,true],"large":["https:\/\/edcollaborative.com\/wp-content\/uploads\/2023\/07\/shutterstock_2138944333-scaled-1024x683.jpg",1024,683,true],"1536x1536":["https:\/\/edcollaborative.com\/wp-content\/uploads\/2023\/07\/shutterstock_2138944333-scaled-1536x1024.jpg",1536,1024,true],"2048x2048":["https:\/\/edcollaborative.com\/wp-content\/uploads\/2023\/07\/shutterstock_2138944333-scaled-2048x1366.jpg",2048,1366,true],"trp-custom-language-flag":["https:\/\/edcollaborative.com\/wp-content\/uploads\/2023\/07\/shutterstock_2138944333-scaled-18x12.jpg",18,12,true],"portfolio_tn":["https:\/\/edcollaborative.com\/wp-content\/uploads\/2023\/07\/shutterstock_2138944333-640x400.jpg",640,400,true],"portfolio_classic":["https:\/\/edcollaborative.com\/wp-content\/uploads\/2023\/07\/shutterstock_2138944333-800x380.jpg",800,380,true],"portfolio_squared":["https:\/\/edcollaborative.com\/wp-content\/uploads\/2023\/07\/shutterstock_2138944333-768x768.jpg",768,768,true],"portfolio_landscape":["https:\/\/edcollaborative.com\/wp-content\/uploads\/2023\/07\/shutterstock_2138944333-768x384.jpg",768,384,true],"portfolio_portrait":["https:\/\/edcollaborative.com\/wp-content\/uploads\/2023\/07\/shutterstock_2138944333-384x768.jpg",384,768,true],"staff_tn":["https:\/\/edcollaborative.com\/wp-content\/uploads\/2023\/07\/shutterstock_2138944333-570x570.jpg",570,570,true],"blog_tn":["https:\/\/edcollaborative.com\/wp-content\/uploads\/2023\/07\/shutterstock_2138944333-1200x565.jpg",1200,565,true],"blog_tn_alt":["https:\/\/edcollaborative.com\/wp-content\/uploads\/2023\/07\/shutterstock_2138944333-553x400.jpg",553,400,true],"gform-image-choice-sm":["https:\/\/edcollaborative.com\/wp-content\/uploads\/2023\/07\/shutterstock_2138944333-scaled-300x300.jpg",300,300,true],"gform-image-choice-md":["https:\/\/edcollaborative.com\/wp-content\/uploads\/2023\/07\/shutterstock_2138944333-scaled-400x400.jpg",400,400,true],"gform-image-choice-lg":["https:\/\/edcollaborative.com\/wp-content\/uploads\/2023\/07\/shutterstock_2138944333-scaled-600x600.jpg",600,600,true],"web-stories-poster-portrait":["https:\/\/edcollaborative.com\/wp-content\/uploads\/2023\/07\/shutterstock_2138944333-640x853.jpg",640,853,true],"web-stories-publisher-logo":["https:\/\/edcollaborative.com\/wp-content\/uploads\/2023\/07\/shutterstock_2138944333-96x96.jpg",96,96,true],"web-stories-thumbnail":["https:\/\/edcollaborative.com\/wp-content\/uploads\/2023\/07\/shutterstock_2138944333-scaled-150x100.jpg",150,100,true]},"uagb_author_info":{"display_name":"Tamera Fall","author_link":"https:\/\/edcollaborative.com\/es\/blog\/author\/tfall\/"},"uagb_comment_info":0,"uagb_excerpt":"MESA REDONDA DE FORMACI\u00d3N PARA L\u00cdDERES DE EMPRESAS OPORTUNIDADES DE APRENDIZAJE ENTRE PARES PARA L\u00cdDERES CON RESPONSABILIDADES DE MEJORA DE HABILIDADES La&nbsp;&nbsp;Mesa Redonda de Desarrollo de Habilidades de EDC&nbsp;&nbsp;es una red de aprendizaje entre pares centrada en el empleador para l\u00edderes de empresas con responsabilidades de desarrollo de habilidades que desean crear, ampliar o mejorarRead&hellip;","_links":{"self":[{"href":"https:\/\/edcollaborative.com\/es\/wp-json\/wp\/v2\/pages\/12175","targetHints":{"allow":["GET"]}}],"collection":[{"href":"https:\/\/edcollaborative.com\/es\/wp-json\/wp\/v2\/pages"}],"about":[{"href":"https:\/\/edcollaborative.com\/es\/wp-json\/wp\/v2\/types\/page"}],"author":[{"embeddable":true,"href":"https:\/\/edcollaborative.com\/es\/wp-json\/wp\/v2\/users\/180"}],"replies":[{"embeddable":true,"href":"https:\/\/edcollaborative.com\/es\/wp-json\/wp\/v2\/comments?post=12175"}],"version-history":[{"count":0,"href":"https:\/\/edcollaborative.com\/es\/wp-json\/wp\/v2\/pages\/12175\/revisions"}],"wp:featuredmedia":[{"embeddable":true,"href":"https:\/\/edcollaborative.com\/es\/wp-json\/wp\/v2\/media\/11628"}],"wp:attachment":[{"href":"https:\/\/edcollaborative.com\/es\/wp-json\/wp\/v2\/media?parent=12175"}],"curies":[{"name":"gracias","href":"https:\/\/api.w.org\/{rel}","templated":true}]}}