
{"id":12156,"date":"2023-11-21T00:43:15","date_gmt":"2023-11-21T08:43:15","guid":{"rendered":"https:\/\/edcollaborative.com\/?page_id=12156"},"modified":"2025-11-21T00:30:05","modified_gmt":"2025-11-21T08:30:05","slug":"production-economy","status":"publish","type":"page","link":"https:\/\/edcollaborative.com\/es\/production-economy\/","title":{"rendered":"ECONOM\u00cdA DE PRODUCCI\u00d3N, EMPLEADOR Y CONSTRUCCI\u00d3N DE ASOCIACIONES EDUCATIVAS"},"content":{"rendered":"<div class=\"wp-block-uagb-container uagb-block-ac3b8d40 alignfull uagb-is-root-container\"><div class=\"uagb-container-inner-blocks-wrap\">\n<div class=\"wp-block-uagb-advanced-heading uagb-block-774ca29c\"><h1 class=\"uagb-heading-text\"><strong>ECONOM\u00cdA DE PRODUCCI\u00d3N, EMPLEADOR Y CONSTRUCCI\u00d3N DE ASOCIACIONES EDUCATIVAS<\/strong><\/h1><\/div>\n\n\n\n<div class=\"wp-block-uagb-container uagb-block-a85a71cc\">\n<div class=\"wp-block-uagb-advanced-heading uagb-block-1ee24603\"><h2 class=\"uagb-heading-text\"><strong><mark style=\"background-color:rgba(0, 0, 0, 0);color:#002e42\" class=\"has-inline-color\">CRECIMIENTO DE LA ECONOM\u00cdA DE PRODUCCI\u00d3N Y LA FUERZA LABORAL DEL CONDADO DE VENTURA<\/mark><\/strong><\/h2><\/div>\n<\/div>\n\n\n\n<div class=\"wp-block-uagb-info-box uagb-block-8ec83607 uagb-infobox__content-wrap  uagb-infobox-icon-above-title uagb-infobox-image-valign-top\"><div class=\"uagb-ifb-content\"><div class=\"uagb-ifb-title-wrap\"><\/div><p class=\"uagb-ifb-desc\">Economic Development Collaborative se enorgullece de ser el agente fiscal del&nbsp;&nbsp;<br><strong>Consejo Industrial del Condado de Ventura (VCIC)<\/strong>&nbsp;, una organizaci\u00f3n asesora industrial que apoya la econom\u00eda de producci\u00f3n del Condado de Ventura.<br>VICIC&nbsp;&nbsp;<br><strong>une a las diversas industrias de producci\u00f3n del Condado de Ventura<\/strong>&nbsp;, que incluyen la manufactura, la biotecnolog\u00eda y las ciencias de la vida, la industria aeroespacial y de defensa, y los sistemas agr\u00edcolas y alimentarios. Como portavoz de la econom\u00eda de producci\u00f3n del Condado de Ventura, VCIC&nbsp;&nbsp;<br><strong>trabaja para retener, desarrollar y atraer empresas de cl\u00fasteres de producci\u00f3n y garantizar el acceso a la mano de obra cualificada<\/strong>&nbsp;&nbsp;esencial para impulsar la sostenibilidad y el crecimiento de la industria.<\/p><\/div><\/div>\n\n\n\n<div class=\"wp-block-uagb-marketing-button uagb-marketing-btn__align-center uagb-marketing-btn__align-text-center uagb-marketing-btn__icon-after uagb-block-d4cdf320 wp-block-button\"><a href=\"https:\/\/www.vcindustrycouncil.org\/\" class=\"uagb-marketing-btn__link wp-block-button__link\" target=\"_blank\" rel=\"noopener noreferrer\"><span class=\"uagb-marketing-btn__title\">M\u00c1S INFORMACI\u00d3N SOBRE VCIC<\/span><\/a><\/div>\n<\/div><\/div>","protected":false},"excerpt":{"rendered":"<p>ECONOM\u00cdA DE PRODUCCI\u00d3N, EMPLEADOR Y CONSTRUCCI\u00d3N DE ASOCIACIONES EDUCATIVAS CRECIMIENTO DE LA ECONOM\u00cdA DE PRODUCCI\u00d3N Y LA FUERZA LABORAL DEL CONDADO DE VENTURA Economic Development Collaborative se enorgullece de ser el agente fiscal del Consejo Industrial del Condado de Ventura (VCIC), una organizaci\u00f3n asesora industrial que apoya la econom\u00eda de producci\u00f3n del Condado de Ventura.VCIC une a<br \/><a href=\"https:\/\/edcollaborative.com\/es\/production-economy\/\" class=\"more\">Leer m\u00e1s<\/a><\/p>","protected":false},"author":180,"featured_media":11628,"parent":0,"menu_order":48,"comment_status":"closed","ping_status":"closed","template":"","meta":{"_acf_changed":false,"_uag_custom_page_level_css":"","footnotes":""},"class_list":["post-12156","page","type-page","status-publish","has-post-thumbnail","hentry"],"translation":{"provider":"WPGlobus","version":"3.0.1","language":"es","enabled_languages":["en","es"],"languages":{"en":{"title":true,"content":true,"excerpt":false},"es":{"title":true,"content":true,"excerpt":false}}},"acf":[],"yoast_head":"<!-- This site is optimized with the Yoast SEO plugin v25.5 - https:\/\/yoast.com\/wordpress\/plugins\/seo\/ -->\n<title>Upskilling Roundtable for Leaders \u2013 EDC<\/title>\n<meta name=\"description\" content=\"El EDC se enorgullece de ser el agente fiscal del VCIC, una organizaci\u00f3n asesora que apoya la econom\u00eda productiva de VC.\" \/>\n<meta name=\"robots\" content=\"index, follow, max-snippet:-1, max-image-preview:large, max-video-preview:-1\" \/>\n<link rel=\"canonical\" href=\"https:\/\/edcollaborative.com\/es\/production-economy\/\" \/>\n<meta property=\"og:locale\" content=\"es_ES\" \/>\n<meta property=\"og:type\" content=\"article\" \/>\n<meta property=\"og:title\" content=\"ECONOM\u00cdA DE PRODUCCI\u00d3N, EMPLEADOR Y CONSTRUCCI\u00d3N DE ASOCIACIONES EDUCATIVAS - Economic Development Collaborative\" \/>\n<meta property=\"og:description\" content=\"El EDC se enorgullece de ser el agente fiscal del VCIC, una organizaci\u00f3n asesora que apoya la econom\u00eda productiva de VC.\" \/>\n<meta property=\"og:url\" content=\"https:\/\/edcollaborative.com\/es\/production-economy\/\" \/>\n<meta property=\"og:site_name\" content=\"Economic Development Collaborative\" \/>\n<meta property=\"article:publisher\" content=\"https:\/\/www.facebook.com\/EDCollaborative\" \/>\n<meta property=\"article:modified_time\" content=\"2025-11-21T08:30:05+00:00\" \/>\n<meta property=\"og:image\" content=\"https:\/\/edcollaborative.com\/wp-content\/uploads\/2023\/07\/shutterstock_2138944333-scaled.jpg\" \/>\n\t<meta property=\"og:image:width\" content=\"2560\" \/>\n\t<meta property=\"og:image:height\" content=\"1707\" \/>\n\t<meta property=\"og:image:type\" content=\"image\/jpeg\" \/>\n<meta name=\"twitter:card\" content=\"summary_large_image\" \/>\n<meta name=\"twitter:site\" content=\"@EDCollaborative\" \/>\n<meta name=\"twitter:label1\" content=\"Tiempo de lectura\" \/>\n\t<meta name=\"twitter:data1\" content=\"4 minutos\" \/>\n<script type=\"application\/ld+json\" class=\"yoast-schema-graph\">{\"@context\":\"https:\/\/schema.org\",\"@graph\":[{\"@type\":\"WebPage\",\"@id\":\"https:\/\/edcollaborative.com\/production-economy\/\",\"url\":\"https:\/\/edcollaborative.com\/production-economy\/\",\"name\":\"Upskilling Roundtable for Leaders \u2013 EDC\",\"isPartOf\":{\"@id\":\"https:\/\/edcollaborative.com\/#website\"},\"primaryImageOfPage\":{\"@id\":\"https:\/\/edcollaborative.com\/production-economy\/#primaryimage\"},\"image\":{\"@id\":\"https:\/\/edcollaborative.com\/production-economy\/#primaryimage\"},\"thumbnailUrl\":\"https:\/\/edcollaborative.com\/wp-content\/uploads\/2023\/07\/shutterstock_2138944333-scaled.jpg\",\"datePublished\":\"2023-11-21T08:43:15+00:00\",\"dateModified\":\"2025-11-21T08:30:05+00:00\",\"description\":\"The EDC is proud to be the fiscal agent for the VCIC, an industry advisory organization supporting the production economy of VC\",\"breadcrumb\":{\"@id\":\"https:\/\/edcollaborative.com\/production-economy\/#breadcrumb\"},\"inLanguage\":\"es\",\"potentialAction\":[{\"@type\":\"ReadAction\",\"target\":[\"https:\/\/edcollaborative.com\/production-economy\/\"]}]},{\"@type\":\"ImageObject\",\"inLanguage\":\"es\",\"@id\":\"https:\/\/edcollaborative.com\/production-economy\/#primaryimage\",\"url\":\"https:\/\/edcollaborative.com\/wp-content\/uploads\/2023\/07\/shutterstock_2138944333-scaled.jpg\",\"contentUrl\":\"https:\/\/edcollaborative.com\/wp-content\/uploads\/2023\/07\/shutterstock_2138944333-scaled.jpg\",\"width\":2560,\"height\":1707},{\"@type\":\"BreadcrumbList\",\"@id\":\"https:\/\/edcollaborative.com\/production-economy\/#breadcrumb\",\"itemListElement\":[{\"@type\":\"ListItem\",\"position\":1,\"name\":\"Home\",\"item\":\"https:\/\/edcollaborative.com\/\"},{\"@type\":\"ListItem\",\"position\":2,\"name\":\"PRODUCTION ECONOMY EMPLOYER &#038; EDUCATIONAL PARTNERSHIP BUILDING\"}]},{\"@type\":\"WebSite\",\"@id\":\"https:\/\/edcollaborative.com\/#website\",\"url\":\"https:\/\/edcollaborative.com\/\",\"name\":\"Economic Development Collaborative\",\"description\":\"Your SUPER-powered WP Engine Blog\",\"potentialAction\":[{\"@type\":\"SearchAction\",\"target\":{\"@type\":\"EntryPoint\",\"urlTemplate\":\"https:\/\/edcollaborative.com\/?s={search_term_string}\"},\"query-input\":{\"@type\":\"PropertyValueSpecification\",\"valueRequired\":true,\"valueName\":\"search_term_string\"}}],\"inLanguage\":\"es\"}]}<\/script>\n<!-- \/ Yoast SEO plugin. -->","yoast_head_json":{"title":"Mesa redonda de capacitaci\u00f3n para l\u00edderes \u2013 EDC","description":"El EDC se enorgullece de ser el agente fiscal del VCIC, una organizaci\u00f3n asesora que apoya la econom\u00eda productiva de VC.","robots":{"index":"index","follow":"follow","max-snippet":"max-snippet:-1","max-image-preview":"max-image-preview:large","max-video-preview":"max-video-preview:-1"},"canonical":"https:\/\/edcollaborative.com\/es\/production-economy\/","og_locale":"es_ES","og_type":"article","og_title":"ECONOM\u00cdA DE PRODUCCI\u00d3N, EMPLEADOR Y CONSTRUCCI\u00d3N DE ASOCIACIONES EDUCATIVAS - Economic Development Collaborative","og_description":"El EDC se enorgullece de ser el agente fiscal del VCIC, una organizaci\u00f3n asesora que apoya la econom\u00eda productiva de VC.","og_url":"https:\/\/edcollaborative.com\/es\/production-economy\/","og_site_name":"Economic Development Collaborative","article_publisher":"https:\/\/www.facebook.com\/EDCollaborative","article_modified_time":"2025-11-21T08:30:05+00:00","og_image":[{"width":2560,"height":1707,"url":"https:\/\/edcollaborative.com\/wp-content\/uploads\/2023\/07\/shutterstock_2138944333-scaled.jpg","type":"image\/jpeg"}],"twitter_card":"summary_large_image","twitter_site":"@EDCollaborative","twitter_misc":{"Tiempo de lectura":"4 minutos"},"schema":{"@context":"https:\/\/schema.org","@graph":[{"@type":"WebPage","@id":"https:\/\/edcollaborative.com\/production-economy\/","url":"https:\/\/edcollaborative.com\/production-economy\/","name":"Mesa redonda de capacitaci\u00f3n para l\u00edderes \u2013 EDC","isPartOf":{"@id":"https:\/\/edcollaborative.com\/#website"},"primaryImageOfPage":{"@id":"https:\/\/edcollaborative.com\/production-economy\/#primaryimage"},"image":{"@id":"https:\/\/edcollaborative.com\/production-economy\/#primaryimage"},"thumbnailUrl":"https:\/\/edcollaborative.com\/wp-content\/uploads\/2023\/07\/shutterstock_2138944333-scaled.jpg","datePublished":"2023-11-21T08:43:15+00:00","dateModified":"2025-11-21T08:30:05+00:00","description":"La EDC se enorgullece de ser el agente fiscal de VCIC, una organizaci\u00f3n asesora de la industria que apoya la econom\u00eda de producci\u00f3n de VC.","breadcrumb":{"@id":"https:\/\/edcollaborative.com\/production-economy\/#breadcrumb"},"inLanguage":"es","potentialAction":[{"@type":"ReadAction","target":["https:\/\/edcollaborative.com\/production-economy\/"]}]},{"@type":"ImageObject","inLanguage":"es","@id":"https:\/\/edcollaborative.com\/production-economy\/#primaryimage","url":"https:\/\/edcollaborative.com\/wp-content\/uploads\/2023\/07\/shutterstock_2138944333-scaled.jpg","contentUrl":"https:\/\/edcollaborative.com\/wp-content\/uploads\/2023\/07\/shutterstock_2138944333-scaled.jpg","width":2560,"height":1707},{"@type":"BreadcrumbList","@id":"https:\/\/edcollaborative.com\/production-economy\/#breadcrumb","itemListElement":[{"@type":"ListItem","position":1,"name":"Home","item":"https:\/\/edcollaborative.com\/"},{"@type":"ListItem","position":2,"name":"PRODUCTION ECONOMY EMPLOYER &#038; EDUCATIONAL PARTNERSHIP BUILDING"}]},{"@type":"WebSite","@id":"https:\/\/edcollaborative.com\/#website","url":"https:\/\/edcollaborative.com\/","name":"Colaboraci\u00f3n de desarrollo econ\u00f3mico","description":"Su blog de motor WP SUPERpoderoso","potentialAction":[{"@type":"SearchAction","target":{"@type":"EntryPoint","urlTemplate":"https:\/\/edcollaborative.com\/?s={search_term_string}"},"query-input":{"@type":"PropertyValueSpecification","valueRequired":true,"valueName":"search_term_string"}}],"inLanguage":"es"}]}},"uagb_featured_image_src":{"full":["https:\/\/edcollaborative.com\/wp-content\/uploads\/2023\/07\/shutterstock_2138944333-scaled.jpg",2560,1707,false],"thumbnail":["https:\/\/edcollaborative.com\/wp-content\/uploads\/2023\/07\/shutterstock_2138944333-150x150.jpg",150,150,true],"medium":["https:\/\/edcollaborative.com\/wp-content\/uploads\/2023\/07\/shutterstock_2138944333-scaled-300x200.jpg",300,200,true],"medium_large":["https:\/\/edcollaborative.com\/wp-content\/uploads\/2023\/07\/shutterstock_2138944333-768x512.jpg",768,512,true],"large":["https:\/\/edcollaborative.com\/wp-content\/uploads\/2023\/07\/shutterstock_2138944333-scaled-1024x683.jpg",1024,683,true],"1536x1536":["https:\/\/edcollaborative.com\/wp-content\/uploads\/2023\/07\/shutterstock_2138944333-scaled-1536x1024.jpg",1536,1024,true],"2048x2048":["https:\/\/edcollaborative.com\/wp-content\/uploads\/2023\/07\/shutterstock_2138944333-scaled-2048x1366.jpg",2048,1366,true],"trp-custom-language-flag":["https:\/\/edcollaborative.com\/wp-content\/uploads\/2023\/07\/shutterstock_2138944333-scaled-18x12.jpg",18,12,true],"portfolio_tn":["https:\/\/edcollaborative.com\/wp-content\/uploads\/2023\/07\/shutterstock_2138944333-640x400.jpg",640,400,true],"portfolio_classic":["https:\/\/edcollaborative.com\/wp-content\/uploads\/2023\/07\/shutterstock_2138944333-800x380.jpg",800,380,true],"portfolio_squared":["https:\/\/edcollaborative.com\/wp-content\/uploads\/2023\/07\/shutterstock_2138944333-768x768.jpg",768,768,true],"portfolio_landscape":["https:\/\/edcollaborative.com\/wp-content\/uploads\/2023\/07\/shutterstock_2138944333-768x384.jpg",768,384,true],"portfolio_portrait":["https:\/\/edcollaborative.com\/wp-content\/uploads\/2023\/07\/shutterstock_2138944333-384x768.jpg",384,768,true],"staff_tn":["https:\/\/edcollaborative.com\/wp-content\/uploads\/2023\/07\/shutterstock_2138944333-570x570.jpg",570,570,true],"blog_tn":["https:\/\/edcollaborative.com\/wp-content\/uploads\/2023\/07\/shutterstock_2138944333-1200x565.jpg",1200,565,true],"blog_tn_alt":["https:\/\/edcollaborative.com\/wp-content\/uploads\/2023\/07\/shutterstock_2138944333-553x400.jpg",553,400,true],"gform-image-choice-sm":["https:\/\/edcollaborative.com\/wp-content\/uploads\/2023\/07\/shutterstock_2138944333-scaled-300x300.jpg",300,300,true],"gform-image-choice-md":["https:\/\/edcollaborative.com\/wp-content\/uploads\/2023\/07\/shutterstock_2138944333-scaled-400x400.jpg",400,400,true],"gform-image-choice-lg":["https:\/\/edcollaborative.com\/wp-content\/uploads\/2023\/07\/shutterstock_2138944333-scaled-600x600.jpg",600,600,true],"web-stories-poster-portrait":["https:\/\/edcollaborative.com\/wp-content\/uploads\/2023\/07\/shutterstock_2138944333-640x853.jpg",640,853,true],"web-stories-publisher-logo":["https:\/\/edcollaborative.com\/wp-content\/uploads\/2023\/07\/shutterstock_2138944333-96x96.jpg",96,96,true],"web-stories-thumbnail":["https:\/\/edcollaborative.com\/wp-content\/uploads\/2023\/07\/shutterstock_2138944333-scaled-150x100.jpg",150,100,true]},"uagb_author_info":{"display_name":"Tamera Fall","author_link":"https:\/\/edcollaborative.com\/es\/blog\/author\/tfall\/"},"uagb_comment_info":0,"uagb_excerpt":"ECONOM\u00cdA DE PRODUCCI\u00d3N, EMPLEADOR Y CONSTRUCCI\u00d3N DE ASOCIACIONES EDUCATIVAS CRECIMIENTO DE LA ECONOM\u00cdA DE PRODUCCI\u00d3N Y LA FUERZA LABORAL DEL CONDADO DE VENTURA Economic Development Collaborative se enorgullece de ser el agente fiscal del&nbsp;&nbsp;Consejo Industrial del Condado de Ventura (VCIC)&nbsp;, una organizaci\u00f3n asesora industrial que apoya la econom\u00eda de producci\u00f3n del Condado de Ventura.VCIC&nbsp;&nbsp;une aRead&hellip;","_links":{"self":[{"href":"https:\/\/edcollaborative.com\/es\/wp-json\/wp\/v2\/pages\/12156","targetHints":{"allow":["GET"]}}],"collection":[{"href":"https:\/\/edcollaborative.com\/es\/wp-json\/wp\/v2\/pages"}],"about":[{"href":"https:\/\/edcollaborative.com\/es\/wp-json\/wp\/v2\/types\/page"}],"author":[{"embeddable":true,"href":"https:\/\/edcollaborative.com\/es\/wp-json\/wp\/v2\/users\/180"}],"replies":[{"embeddable":true,"href":"https:\/\/edcollaborative.com\/es\/wp-json\/wp\/v2\/comments?post=12156"}],"version-history":[{"count":0,"href":"https:\/\/edcollaborative.com\/es\/wp-json\/wp\/v2\/pages\/12156\/revisions"}],"wp:featuredmedia":[{"embeddable":true,"href":"https:\/\/edcollaborative.com\/es\/wp-json\/wp\/v2\/media\/11628"}],"wp:attachment":[{"href":"https:\/\/edcollaborative.com\/es\/wp-json\/wp\/v2\/media?parent=12156"}],"curies":[{"name":"gracias","href":"https:\/\/api.w.org\/{rel}","templated":true}]}}