
{"id":12144,"date":"2023-11-21T00:01:31","date_gmt":"2023-11-21T08:01:31","guid":{"rendered":"https:\/\/edcollaborative.com\/?page_id=12144"},"modified":"2026-02-09T02:10:41","modified_gmt":"2026-02-09T10:10:41","slug":"edc-upskill","status":"publish","type":"page","link":"https:\/\/edcollaborative.com\/es\/edc-upskill\/","title":{"rendered":"Capacitaci\u00f3n EDC"},"content":{"rendered":"<div class=\"wp-block-uagb-container uagb-block-351dc162 alignfull uagb-is-root-container\"><div class=\"uagb-container-inner-blocks-wrap\">\n<div class=\"wp-block-uagb-container uagb-block-23bf7438\">\n<div class=\"wp-block-uagb-advanced-heading uagb-block-f5201131\"><h2 class=\"uagb-heading-text\"><strong>CONSTRUYAMOS LA FUERZA LABORAL CALIFICADA Y EDUCADA QUE NECESITA PARA PROSPERAR Y CRECER<\/strong><\/h2><\/div>\n<\/div>\n\n\n\n<p>La regi\u00f3n del condado de Ventura y Santa B\u00e1rbara necesita una fuerza laboral altamente calificada y capacitada para que nuestras empresas, residentes y econom\u00eda prosperen ahora y en el futuro. Por eso,&nbsp;&nbsp;<strong>EDC UPSKILL<\/strong>&nbsp;&nbsp;se dedica a apoyar a los trabajadores en la capacitaci\u00f3n de su fuerza laboral con las habilidades necesarias para competir en los cambiantes entornos laborales actuales.<\/p>\n\n\n\n<p><strong>EDC UPSKILL se compromete a respaldar el \u00e9xito de su organizaci\u00f3n proporcion\u00e1ndole:<\/strong><\/p>\n\n\n\n<div class=\"wp-block-uagb-container uagb-layout-grid uagb-block-b004e2f6\">\n<div class=\"wp-block-uagb-container business-card uagb-block-e63f43c2\">\n<p class=\"has-text-align-center has-white-color has-text-color has-link-color wp-elements-e69b567370b3d3794449c4bb3b332814\" style=\"font-size:14px;letter-spacing:0.5px\"><a href=\"https:\/\/www.digital-upskilling.edcollaborative.com\/?_gl=1*fsvz8s*_ga*ODA0NjU1NTcyLjE3MjY3MzUyMzQ.*_ga_CC7NBWJ5FP*MTczNDUyMzI3OS4xMDAuMS4xNzM0NTIzOTUxLjU5LjAuMA..\" target=\"_blank\" rel=\"noreferrer noopener\">CLASES DE MEJORA DE HABILIDADES DIGITALES SIN COSTO<\/a><\/p>\n<\/div>\n\n\n\n<div class=\"wp-block-uagb-container business-card uagb-block-23359377\">\n<p class=\"has-text-align-center has-white-color has-text-color has-link-color wp-elements-42dfbcb2295e67ce968efcb829097b3d\" style=\"font-size:14px;letter-spacing:0.5px\"><a href=\"https:\/\/edcollaborative.com\/es\/employee-training\/\" target=\"_blank\" rel=\"noreferrer noopener\">REEMBOLSO POR CAPACITACI\u00d3N DE EMPLEADOS<\/a><\/p>\n<\/div>\n\n\n\n<div class=\"wp-block-uagb-container business-card uagb-block-8d8a73c3\">\n<p class=\"has-text-align-center has-white-color has-text-color has-link-color wp-elements-46e8eaeb83bf25661623c79e0d2e98e7\" style=\"font-size:14px;letter-spacing:0.5px\"><a href=\"https:\/\/edcollaborative.com\/es\/workplace-english-learning\/\" target=\"_blank\" rel=\"noreferrer noopener\">APRENDIZAJE DEL IDIOMA INGL\u00c9S EN EL LUGAR DE TRABAJO<\/a><\/p>\n<\/div>\n\n\n\n<div class=\"wp-block-uagb-container business-card uagb-block-f0e6e852\">\n<p class=\"has-text-align-center has-white-color has-text-color has-link-color wp-elements-407d8243fd26681cc1358b2f97b68fc5\" style=\"font-size:14px;letter-spacing:0.5px\"><a href=\"https:\/\/edcollaborative.com\/es\/upskilling-roundtable\/\" target=\"_blank\" rel=\"noreferrer noopener\">MESA REDONDA DE FORMACI\u00d3N PARA L\u00cdDERES DE EMPRESAS<\/a><\/p>\n<\/div>\n\n\n\n<div class=\"wp-block-uagb-container business-card uagb-block-3b869f8f\">\n<p class=\"has-text-align-center has-white-color has-text-color has-link-color wp-elements-bb59166b7e3a06b463b04f607fd8fa18\" style=\"font-size:14px;letter-spacing:0.5px\"><a href=\"https:\/\/edcollaborative.com\/es\/education-and-training-strategies\/\" target=\"_blank\" rel=\"noreferrer noopener\">ESTRATEGIAS DE EDUCACI\u00d3N Y FORMACI\u00d3N<\/a><\/p>\n<\/div>\n<\/div>\n\n\n\n<style>\n.business-card:hover{\nbackground:#007476\n}\n<\/style>\n<\/div><\/div>\n\n\n\n<div class=\"wp-block-uagb-container uagb-block-95f19408 alignfull uagb-is-root-container\"><div class=\"uagb-container-inner-blocks-wrap\">\n<div class=\"wp-block-uagb-advanced-heading uagb-block-e4443e1e\"><h3 class=\"uagb-heading-text\"><strong>\u00bfC\u00d3MO LA FORMACI\u00d3N DE CAPACITACIONES HACE CRECER LOS NEGOCIOS LOCALES?<\/strong><\/h3><div class=\"uagb-separator\"><\/div><p class=\"uagb-desc-text\">Las empresas prosperan cuando cuentan con trabajadores cualificados capaces de crecer y adaptarse a las cambiantes demandas del mercado. Al invertir en la capacitaci\u00f3n, las empresas pueden:<\/p><\/div>\n\n\n\n<div class=\"wp-block-uagb-icon-list uagb-block-71951edc\"><div class=\"uagb-icon-list__wrap\">\n<div class=\"wp-block-uagb-icon-list-child uagb-block-c62ab050\"><span class=\"uagb-icon-list__source-wrap\"><svg xmlns=\"https:\/\/www.w3.org\/2000\/svg\" viewbox=\"0 0 256 512\"><path d=\"M64 448c-8.188 0-16.38-3.125-22.62-9.375c-12.5-12.5-12.5-32.75 0-45.25L178.8 256L41.38 118.6c-12.5-12.5-12.5-32.75 0-45.25s32.75-12.5 45.25 0l160 160c12.5 12.5 12.5 32.75 0 45.25l-160 160C80.38 444.9 72.19 448 64 448z\"><\/path><\/svg><\/span><span class=\"uagb-icon-list__label\">Mant\u00e9ngase a la vanguardia de la tecnolog\u00eda cambiante y aproveche los \u00faltimos avances para seguir siendo competitivo.<\/span><\/div>\n\n\n\n<div class=\"wp-block-uagb-icon-list-child uagb-block-162485ea\"><span class=\"uagb-icon-list__source-wrap\"><svg xmlns=\"https:\/\/www.w3.org\/2000\/svg\" viewbox=\"0 0 256 512\"><path d=\"M64 448c-8.188 0-16.38-3.125-22.62-9.375c-12.5-12.5-12.5-32.75 0-45.25L178.8 256L41.38 118.6c-12.5-12.5-12.5-32.75 0-45.25s32.75-12.5 45.25 0l160 160c12.5 12.5 12.5 32.75 0 45.25l-160 160C80.38 444.9 72.19 448 64 448z\"><\/path><\/svg><\/span><span class=\"uagb-icon-list__label\">Comercialice sus productos y servicios de manera m\u00e1s efectiva con una fuerza laboral calificada y conocedora.<\/span><\/div>\n\n\n\n<div class=\"wp-block-uagb-icon-list-child uagb-block-73bc0c82\"><span class=\"uagb-icon-list__source-wrap\"><svg xmlns=\"https:\/\/www.w3.org\/2000\/svg\" viewbox=\"0 0 256 512\"><path d=\"M64 448c-8.188 0-16.38-3.125-22.62-9.375c-12.5-12.5-12.5-32.75 0-45.25L178.8 256L41.38 118.6c-12.5-12.5-12.5-32.75 0-45.25s32.75-12.5 45.25 0l160 160c12.5 12.5 12.5 32.75 0 45.25l-160 160C80.38 444.9 72.19 448 64 448z\"><\/path><\/svg><\/span><span class=\"uagb-icon-list__label\">Retener y atraer talento calificado demostrando un compromiso con el desarrollo de los empleados y fomentando un ambiente de trabajo positivo.<\/span><\/div>\n<\/div><\/div>\n\n\n\n<div class=\"wp-block-uagb-advanced-heading uagb-block-76e585c6\"><h3 class=\"uagb-heading-text\"><strong>\u00bfPARA QUI\u00c9N ES EDC UPKILL?<\/strong><\/h3><div class=\"uagb-separator\"><\/div><p class=\"uagb-desc-text\">EDC UPSKILL ofrece oportunidades de aprendizaje exclusivas para los condados de Ventura y Santa B\u00e1rbara para:<\/p><\/div>\n\n\n\n<div class=\"wp-block-uagb-icon-list uagb-block-d0288cd5\"><div class=\"uagb-icon-list__wrap\">\n<div class=\"wp-block-uagb-icon-list-child uagb-block-6c923e2e\"><span class=\"uagb-icon-list__source-wrap\"><svg xmlns=\"https:\/\/www.w3.org\/2000\/svg\" viewbox=\"0 0 256 512\"><path d=\"M64 448c-8.188 0-16.38-3.125-22.62-9.375c-12.5-12.5-12.5-32.75 0-45.25L178.8 256L41.38 118.6c-12.5-12.5-12.5-32.75 0-45.25s32.75-12.5 45.25 0l160 160c12.5 12.5 12.5 32.75 0 45.25l-160 160C80.38 444.9 72.19 448 64 448z\"><\/path><\/svg><\/span><span class=\"uagb-icon-list__label\">Empleadores que buscan capacitar y retener a sus empleados<\/span><\/div>\n\n\n\n<div class=\"wp-block-uagb-icon-list-child uagb-block-02405cd3\"><span class=\"uagb-icon-list__source-wrap\"><svg xmlns=\"https:\/\/www.w3.org\/2000\/svg\" viewbox=\"0 0 256 512\"><path d=\"M64 448c-8.188 0-16.38-3.125-22.62-9.375c-12.5-12.5-12.5-32.75 0-45.25L178.8 256L41.38 118.6c-12.5-12.5-12.5-32.75 0-45.25s32.75-12.5 45.25 0l160 160c12.5 12.5 12.5 32.75 0 45.25l-160 160C80.38 444.9 72.19 448 64 448z\"><\/path><\/svg><\/span><span class=\"uagb-icon-list__label\">Propietarios de peque\u00f1as empresas que buscan recursos para hacer crecer sus negocios<div class=\"wp-block-uagb-icon-list-child uagb-block-86112a69\" style=\"margin-bottom: 10px; border: 0px; font: inherit; vertical-align: baseline; transition-property: all;\"><span class=\"uagb-icon-list__source-wrap\" style=\"border-style: initial; border-color: initial; border-image: initial; font-variant-numeric: inherit; font-variant-east-asian: inherit; font-variant-alternates: inherit; font-variant-position: inherit; font-variant-emoji: inherit; font-stretch: inherit; font-size: 14px; line-height: inherit; font-family: Lato, Arial, sans-serif; font-optical-sizing: inherit; font-size-adjust: inherit; font-kerning: inherit; font-feature-settings: inherit; font-variation-settings: inherit; vertical-align: baseline; white-space-collapse: collapse;\"><svg xmlns=\"https:\/\/www.w3.org\/2000\/svg\" viewbox=\"0 0 256 512\"><path d=\"M64 448c-8.188 0-16.38-3.125-22.62-9.375c-12.5-12.5-12.5-32.75 0-45.25L178.8 256L41.38 118.6c-12.5-12.5-12.5-32.75 0-45.25s32.75-12.5 45.25 0l160 160c12.5 12.5 12.5 32.75 0 45.25l-160 160C80.38 444.9 72.19 448 64 448z\"><\/path><\/svg><\/span><\/div><\/span><\/div>\n\n\n\n<div class=\"wp-block-uagb-icon-list-child uagb-block-86112a69\"><span class=\"uagb-icon-list__source-wrap\"><svg xmlns=\"https:\/\/www.w3.org\/2000\/svg\" viewbox=\"0 0 256 512\"><path d=\"M64 448c-8.188 0-16.38-3.125-22.62-9.375c-12.5-12.5-12.5-32.75 0-45.25L178.8 256L41.38 118.6c-12.5-12.5-12.5-32.75 0-45.25s32.75-12.5 45.25 0l160 160c12.5 12.5 12.5 32.75 0 45.25l-160 160C80.38 444.9 72.19 448 64 448z\"><\/path><\/svg><\/span><span class=\"uagb-icon-list__label\">Buscadores de empleo y trabajadores que buscan desarrollar sus habilidades<div class=\"wp-block-uagb-icon-list-child uagb-block-069403fb\" style=\"margin-bottom: 10px; border: 0px; font: inherit; vertical-align: baseline; transition-property: all;\"><span class=\"uagb-icon-list__source-wrap\" style=\"border-style: initial; border-color: initial; border-image: initial; font-variant-numeric: inherit; font-variant-east-asian: inherit; font-variant-alternates: inherit; font-variant-position: inherit; font-variant-emoji: inherit; font-stretch: inherit; font-size: 14px; line-height: inherit; font-family: Lato, Arial, sans-serif; font-optical-sizing: inherit; font-size-adjust: inherit; font-kerning: inherit; font-feature-settings: inherit; font-variation-settings: inherit; vertical-align: baseline; white-space-collapse: collapse;\"><svg xmlns=\"https:\/\/www.w3.org\/2000\/svg\" viewbox=\"0 0 256 512\"><path d=\"M64 448c-8.188 0-16.38-3.125-22.62-9.375c-12.5-12.5-12.5-32.75 0-45.25L178.8 256L41.38 118.6c-12.5-12.5-12.5-32.75 0-45.25s32.75-12.5 45.25 0l160 160c12.5 12.5 12.5 32.75 0 45.25l-160 160C80.38 444.9 72.19 448 64 448z\"><\/path><\/svg><\/span><\/div><\/span><\/div>\n\n\n\n<div class=\"wp-block-uagb-icon-list-child uagb-block-069403fb\"><span class=\"uagb-icon-list__source-wrap\"><svg xmlns=\"https:\/\/www.w3.org\/2000\/svg\" viewbox=\"0 0 256 512\"><path d=\"M64 448c-8.188 0-16.38-3.125-22.62-9.375c-12.5-12.5-12.5-32.75 0-45.25L178.8 256L41.38 118.6c-12.5-12.5-12.5-32.75 0-45.25s32.75-12.5 45.25 0l160 160c12.5 12.5 12.5 32.75 0 45.25l-160 160C80.38 444.9 72.19 448 64 448z\"><\/path><\/svg><\/span><span class=\"uagb-icon-list__label\">L\u00edderes corporativos que desean crear, expandir y mejorar el programa de capacitaci\u00f3n de su empresa.<div class=\"wp-block-uagb-advanced-heading uagb-block-d92850ad\" style=\"border: 0px; font-variant-numeric: inherit; font-variant-east-asian: inherit; font-variant-alternates: inherit; font-variant-position: inherit; font-variant-emoji: inherit; font-stretch: inherit; font-size: 14px; line-height: inherit; font-family: Lato, Arial, sans-serif; font-optical-sizing: inherit; font-size-adjust: inherit; font-kerning: inherit; font-feature-settings: inherit; font-variation-settings: inherit; vertical-align: baseline; width: 1140px; position: relative; white-space-collapse: collapse; min-width: unset !important;\"><\/div><\/span><\/div>\n<\/div><\/div>\n\n\n\n<div class=\"wp-block-uagb-advanced-heading uagb-block-d92850ad\"><h3 class=\"uagb-heading-text\"><strong>\u00a1EMPIEZA HOY!<\/strong><\/h3><div class=\"uagb-separator\"><\/div><p class=\"uagb-desc-text\">\u00a1Env\u00ede un correo electr\u00f3nico&nbsp;<a href=\"mailto:upskill@edcollaborative.com\">un upskill@edcollaborative.com<\/a>&nbsp;&nbsp;para obtener asistencia personalizada!<br><a href=\"https:\/\/edcollaborative.com\/es\/\"><\/a><\/p><\/div>\n<\/div><\/div>","protected":false},"excerpt":{"rendered":"<p>CONSTRUYAMOS LA FUERZA LABORAL CALIFICADA Y EDUCADA QUE NECESITA PARA PROSPERAR Y CRECER La regi\u00f3n del condado de Ventura y Santa B\u00e1rbara necesita una fuerza laboral altamente calificada y capacitada para que nuestras empresas, residentes y econom\u00eda prosperen ahora y en el futuro. Por eso, EDC UPSKILL se dedica a apoyar a los compa\u00f1eros en la capacitaci\u00f3n<br \/><a href=\"https:\/\/edcollaborative.com\/es\/edc-upskill\/\" class=\"more\">Leer m\u00e1s<\/a><\/p>","protected":false},"author":180,"featured_media":9128,"parent":0,"menu_order":49,"comment_status":"closed","ping_status":"closed","template":"","meta":{"_acf_changed":false,"_uag_custom_page_level_css":"","footnotes":""},"class_list":["post-12144","page","type-page","status-publish","has-post-thumbnail","hentry"],"translation":{"provider":"WPGlobus","version":"3.0.1","language":"es","enabled_languages":["en","es"],"languages":{"en":{"title":true,"content":true,"excerpt":false},"es":{"title":true,"content":true,"excerpt":false}}},"acf":[],"yoast_head":"<!-- This site is optimized with the Yoast SEO plugin v25.5 - https:\/\/yoast.com\/wordpress\/plugins\/seo\/ -->\n<title>EDC Capacitaci\u00f3n - Economic Development Collaborative<\/title>\n<meta name=\"robots\" content=\"index, follow, max-snippet:-1, max-image-preview:large, max-video-preview:-1\" \/>\n<link rel=\"canonical\" href=\"https:\/\/edcollaborative.com\/es\/edc-upskill\/\" \/>\n<meta property=\"og:locale\" content=\"es_ES\" \/>\n<meta property=\"og:type\" content=\"article\" \/>\n<meta property=\"og:title\" content=\"EDC Capacitaci\u00f3n - Economic Development Collaborative\" \/>\n<meta property=\"og:url\" content=\"https:\/\/edcollaborative.com\/es\/edc-upskill\/\" \/>\n<meta property=\"og:site_name\" content=\"Economic Development Collaborative\" \/>\n<meta property=\"article:publisher\" content=\"https:\/\/www.facebook.com\/EDCollaborative\" \/>\n<meta property=\"article:modified_time\" content=\"2026-02-09T10:10:41+00:00\" \/>\n<meta property=\"og:image\" content=\"https:\/\/edcollaborative.com\/wp-content\/uploads\/2022\/06\/edc-programs-banner.jpg\" \/>\n\t<meta property=\"og:image:width\" content=\"1200\" \/>\n\t<meta property=\"og:image:height\" content=\"430\" \/>\n\t<meta property=\"og:image:type\" content=\"image\/jpeg\" \/>\n<meta name=\"twitter:card\" content=\"summary_large_image\" \/>\n<meta name=\"twitter:site\" content=\"@EDCollaborative\" \/>\n<meta name=\"twitter:label1\" content=\"Tiempo de lectura\" \/>\n\t<meta name=\"twitter:data1\" content=\"1 minuto\" \/>\n<script type=\"application\/ld+json\" class=\"yoast-schema-graph\">{\"@context\":\"https:\/\/schema.org\",\"@graph\":[{\"@type\":\"WebPage\",\"@id\":\"https:\/\/edcollaborative.com\/edc-upskill\/\",\"url\":\"https:\/\/edcollaborative.com\/edc-upskill\/\",\"name\":\"EDC Capacitaci\u00f3n - Economic Development Collaborative\",\"isPartOf\":{\"@id\":\"https:\/\/edcollaborative.com\/#website\"},\"primaryImageOfPage\":{\"@id\":\"https:\/\/edcollaborative.com\/edc-upskill\/#primaryimage\"},\"image\":{\"@id\":\"https:\/\/edcollaborative.com\/edc-upskill\/#primaryimage\"},\"thumbnailUrl\":\"https:\/\/edcollaborative.com\/wp-content\/uploads\/2022\/06\/edc-programs-banner.jpg\",\"datePublished\":\"2023-11-21T08:01:31+00:00\",\"dateModified\":\"2026-02-09T10:10:41+00:00\",\"breadcrumb\":{\"@id\":\"https:\/\/edcollaborative.com\/edc-upskill\/#breadcrumb\"},\"inLanguage\":\"es\",\"potentialAction\":[{\"@type\":\"ReadAction\",\"target\":[\"https:\/\/edcollaborative.com\/edc-upskill\/\"]}]},{\"@type\":\"ImageObject\",\"inLanguage\":\"es\",\"@id\":\"https:\/\/edcollaborative.com\/edc-upskill\/#primaryimage\",\"url\":\"https:\/\/edcollaborative.com\/wp-content\/uploads\/2022\/06\/edc-programs-banner.jpg\",\"contentUrl\":\"https:\/\/edcollaborative.com\/wp-content\/uploads\/2022\/06\/edc-programs-banner.jpg\",\"width\":1200,\"height\":430,\"caption\":\"EDC Program\"},{\"@type\":\"BreadcrumbList\",\"@id\":\"https:\/\/edcollaborative.com\/edc-upskill\/#breadcrumb\",\"itemListElement\":[{\"@type\":\"ListItem\",\"position\":1,\"name\":\"Home\",\"item\":\"https:\/\/edcollaborative.com\/\"},{\"@type\":\"ListItem\",\"position\":2,\"name\":\"EDC UPSKILL\"}]},{\"@type\":\"WebSite\",\"@id\":\"https:\/\/edcollaborative.com\/#website\",\"url\":\"https:\/\/edcollaborative.com\/\",\"name\":\"Economic Development Collaborative\",\"description\":\"Your SUPER-powered WP Engine Blog\",\"potentialAction\":[{\"@type\":\"SearchAction\",\"target\":{\"@type\":\"EntryPoint\",\"urlTemplate\":\"https:\/\/edcollaborative.com\/?s={search_term_string}\"},\"query-input\":{\"@type\":\"PropertyValueSpecification\",\"valueRequired\":true,\"valueName\":\"search_term_string\"}}],\"inLanguage\":\"es\"}]}<\/script>\n<!-- \/ Yoast SEO plugin. -->","yoast_head_json":{"title":"EDC Capacitaci\u00f3n - Colaborativa de Desarrollo Econ\u00f3mico","robots":{"index":"index","follow":"follow","max-snippet":"max-snippet:-1","max-image-preview":"max-image-preview:large","max-video-preview":"max-video-preview:-1"},"canonical":"https:\/\/edcollaborative.com\/es\/edc-upskill\/","og_locale":"es_ES","og_type":"article","og_title":"EDC Capacitaci\u00f3n - Economic Development Collaborative","og_url":"https:\/\/edcollaborative.com\/es\/edc-upskill\/","og_site_name":"Economic Development Collaborative","article_publisher":"https:\/\/www.facebook.com\/EDCollaborative","article_modified_time":"2026-02-09T10:10:41+00:00","og_image":[{"width":1200,"height":430,"url":"https:\/\/edcollaborative.com\/wp-content\/uploads\/2022\/06\/edc-programs-banner.jpg","type":"image\/jpeg"}],"twitter_card":"summary_large_image","twitter_site":"@EDCollaborative","twitter_misc":{"Tiempo de lectura":"1 minuto"},"schema":{"@context":"https:\/\/schema.org","@graph":[{"@type":"WebPage","@id":"https:\/\/edcollaborative.com\/edc-upskill\/","url":"https:\/\/edcollaborative.com\/edc-upskill\/","name":"EDC Capacitaci\u00f3n - Colaborativa de Desarrollo Econ\u00f3mico","isPartOf":{"@id":"https:\/\/edcollaborative.com\/#website"},"primaryImageOfPage":{"@id":"https:\/\/edcollaborative.com\/edc-upskill\/#primaryimage"},"image":{"@id":"https:\/\/edcollaborative.com\/edc-upskill\/#primaryimage"},"thumbnailUrl":"https:\/\/edcollaborative.com\/wp-content\/uploads\/2022\/06\/edc-programs-banner.jpg","datePublished":"2023-11-21T08:01:31+00:00","dateModified":"2026-02-09T10:10:41+00:00","breadcrumb":{"@id":"https:\/\/edcollaborative.com\/edc-upskill\/#breadcrumb"},"inLanguage":"es","potentialAction":[{"@type":"ReadAction","target":["https:\/\/edcollaborative.com\/edc-upskill\/"]}]},{"@type":"ImageObject","inLanguage":"es","@id":"https:\/\/edcollaborative.com\/edc-upskill\/#primaryimage","url":"https:\/\/edcollaborative.com\/wp-content\/uploads\/2022\/06\/edc-programs-banner.jpg","contentUrl":"https:\/\/edcollaborative.com\/wp-content\/uploads\/2022\/06\/edc-programs-banner.jpg","width":1200,"height":430,"caption":"EDC Program"},{"@type":"BreadcrumbList","@id":"https:\/\/edcollaborative.com\/edc-upskill\/#breadcrumb","itemListElement":[{"@type":"ListItem","position":1,"name":"Home","item":"https:\/\/edcollaborative.com\/"},{"@type":"ListItem","position":2,"name":"EDC UPSKILL"}]},{"@type":"WebSite","@id":"https:\/\/edcollaborative.com\/#website","url":"https:\/\/edcollaborative.com\/","name":"Colaboraci\u00f3n de desarrollo econ\u00f3mico","description":"Su blog de motor WP SUPERpoderoso","potentialAction":[{"@type":"SearchAction","target":{"@type":"EntryPoint","urlTemplate":"https:\/\/edcollaborative.com\/?s={search_term_string}"},"query-input":{"@type":"PropertyValueSpecification","valueRequired":true,"valueName":"search_term_string"}}],"inLanguage":"es"}]}},"uagb_featured_image_src":{"full":["https:\/\/edcollaborative.com\/wp-content\/uploads\/2022\/06\/edc-programs-banner.jpg",1200,430,false],"thumbnail":["https:\/\/edcollaborative.com\/wp-content\/uploads\/2022\/06\/edc-programs-banner-150x150.jpg",150,150,true],"medium":["https:\/\/edcollaborative.com\/wp-content\/uploads\/2022\/06\/edc-programs-banner-300x108.jpg",300,108,true],"medium_large":["https:\/\/edcollaborative.com\/wp-content\/uploads\/2022\/06\/edc-programs-banner-768x275.jpg",768,275,true],"large":["https:\/\/edcollaborative.com\/wp-content\/uploads\/2022\/06\/edc-programs-banner-1024x367.jpg",1024,367,true],"1536x1536":["https:\/\/edcollaborative.com\/wp-content\/uploads\/2022\/06\/edc-programs-banner.jpg",1200,430,false],"2048x2048":["https:\/\/edcollaborative.com\/wp-content\/uploads\/2022\/06\/edc-programs-banner.jpg",1200,430,false],"trp-custom-language-flag":["https:\/\/edcollaborative.com\/wp-content\/uploads\/2022\/06\/edc-programs-banner-18x6.jpg",18,6,true],"portfolio_tn":["https:\/\/edcollaborative.com\/wp-content\/uploads\/2022\/06\/edc-programs-banner-640x400.jpg",640,400,true],"portfolio_classic":["https:\/\/edcollaborative.com\/wp-content\/uploads\/2022\/06\/edc-programs-banner-800x380.jpg",800,380,true],"portfolio_squared":["https:\/\/edcollaborative.com\/wp-content\/uploads\/2022\/06\/edc-programs-banner-768x768.jpg",768,768,true],"portfolio_landscape":["https:\/\/edcollaborative.com\/wp-content\/uploads\/2022\/06\/edc-programs-banner-768x384.jpg",768,384,true],"portfolio_portrait":["https:\/\/edcollaborative.com\/wp-content\/uploads\/2022\/06\/edc-programs-banner-384x768.jpg",384,768,true],"staff_tn":["https:\/\/edcollaborative.com\/wp-content\/uploads\/2022\/06\/edc-programs-banner-570x570.jpg",570,570,true],"blog_tn":["https:\/\/edcollaborative.com\/wp-content\/uploads\/2022\/06\/edc-programs-banner-1200x565.jpg",1200,565,true],"blog_tn_alt":["https:\/\/edcollaborative.com\/wp-content\/uploads\/2022\/06\/edc-programs-banner-553x400.jpg",553,400,true],"gform-image-choice-sm":["https:\/\/edcollaborative.com\/wp-content\/uploads\/2022\/06\/edc-programs-banner-300x300.jpg",300,300,true],"gform-image-choice-md":["https:\/\/edcollaborative.com\/wp-content\/uploads\/2022\/06\/edc-programs-banner-400x400.jpg",400,400,true],"gform-image-choice-lg":["https:\/\/edcollaborative.com\/wp-content\/uploads\/2022\/06\/edc-programs-banner-600x600.jpg",600,600,true],"web-stories-poster-portrait":["https:\/\/edcollaborative.com\/wp-content\/uploads\/2022\/06\/edc-programs-banner-640x853.jpg",640,853,true],"web-stories-publisher-logo":["https:\/\/edcollaborative.com\/wp-content\/uploads\/2022\/06\/edc-programs-banner-96x96.jpg",96,96,true],"web-stories-thumbnail":["https:\/\/edcollaborative.com\/wp-content\/uploads\/2022\/06\/edc-programs-banner-150x54.jpg",150,54,true]},"uagb_author_info":{"display_name":"Tamera Fall","author_link":"https:\/\/edcollaborative.com\/es\/blog\/author\/tfall\/"},"uagb_comment_info":0,"uagb_excerpt":"CONSTRUYAMOS LA FUERZA LABORAL CALIFICADA Y EDUCADA QUE NECESITA PARA PROSPERAR Y CRECER La regi\u00f3n del condado de Ventura y Santa B\u00e1rbara necesita una fuerza laboral altamente calificada y capacitada para que nuestras empresas, residentes y econom\u00eda prosperen ahora y en el futuro. Por eso,&nbsp;&nbsp;EDC UPSKILL&nbsp;&nbsp;se dedica a apoyar a los empleadores en la capacitaci\u00f3nRead&hellip;","_links":{"self":[{"href":"https:\/\/edcollaborative.com\/es\/wp-json\/wp\/v2\/pages\/12144","targetHints":{"allow":["GET"]}}],"collection":[{"href":"https:\/\/edcollaborative.com\/es\/wp-json\/wp\/v2\/pages"}],"about":[{"href":"https:\/\/edcollaborative.com\/es\/wp-json\/wp\/v2\/types\/page"}],"author":[{"embeddable":true,"href":"https:\/\/edcollaborative.com\/es\/wp-json\/wp\/v2\/users\/180"}],"replies":[{"embeddable":true,"href":"https:\/\/edcollaborative.com\/es\/wp-json\/wp\/v2\/comments?post=12144"}],"version-history":[{"count":0,"href":"https:\/\/edcollaborative.com\/es\/wp-json\/wp\/v2\/pages\/12144\/revisions"}],"wp:featuredmedia":[{"embeddable":true,"href":"https:\/\/edcollaborative.com\/es\/wp-json\/wp\/v2\/media\/9128"}],"wp:attachment":[{"href":"https:\/\/edcollaborative.com\/es\/wp-json\/wp\/v2\/media?parent=12144"}],"curies":[{"name":"gracias","href":"https:\/\/api.w.org\/{rel}","templated":true}]}}